{"id":3465,"date":"2022-09-30T09:19:16","date_gmt":"2022-09-30T09:19:16","guid":{"rendered":"https:\/\/hu.quantum-medical.eu\/?page_id=3465"},"modified":"2022-10-03T06:37:59","modified_gmt":"2022-10-03T06:37:59","slug":"dokumentacio-letoltesek","status":"publish","type":"page","link":"https:\/\/hu.quantum-medical.eu\/index.php\/dokumentacio-letoltesek\/","title":{"rendered":"Dokument\u00e1ci\u00f3 let\u00f6lt\u00e9sek"},"content":{"rendered":"<!--themify_builder_content-->\n<div id=\"themify_builder_content-3465\" data-postid=\"3465\" class=\"themify_builder_content themify_builder_content-3465 themify_builder tf_clear\">\n    \t<!-- module_row -->\n\t<div  data-lazy=\"1\" class=\"module_row themify_builder_row tb_zep1492 tb_first tf_clearfix\">\n\t    \t\t<div class=\"row_inner col_align_top col-count-1 tf_box tf_w tf_rel\">\n\t\t\t<div  data-lazy=\"1\" class=\"module_column tb-column col-full first tb_95yy492 tf_box\">\n\t\t\t    \t        <div class=\"tb-column-inner tf_box tf_w\">\n\t\t    \t<div  data-lazy=\"1\" class=\"module_subrow themify_builder_sub_row tb_lqg5493 tf_w tf_clearfix\">\n\t    \t\t<div class=\"subrow_inner col_align_top col-count-1 tf_box tf_w\">\n\t\t\t<div  data-lazy=\"1\" class=\"sub_column module_column tf_box col-full first tb_h3nq494\"> \n\t    \t    \t        <div class=\"tb-column-inner tf_box tf_w\">\n\t\t    <!-- module text -->\n<div  class=\"module module-text tb_grp6494   \" data-lazy=\"1\">\n        <div  class=\"tb_text_wrap\">\n    <h3>DOCUMENT\u00c1CI\u00d3<\/h3>\n<p><a href=\"https:\/\/hu.quantum-medical.eu\/wp-content\/uploads\/2022\/06\/NUCLEUS-trademark-1.svg\"><img class=\"alignnone wp-image-3064\" src=\"https:\/\/hu.quantum-medical.eu\/wp-content\/uploads\/2022\/06\/NUCLEUS-trademark-1.svg\" alt=\"\" width=\"250\" \/><\/a><\/p>\n<p><a href=\"https:\/\/quantum-medical.eu\/wp-content\/uploads\/2022\/04\/1.-NUCLEUS-User-Manual_Eng.pdf\"><strong>NUCLEUS<\/strong> User Manual &#8211; English &#8211; PDF<\/a><\/p>\n<p><a href=\"https:\/\/quantum-medical.eu\/wp-content\/uploads\/2022\/04\/1.-NUCLEUS-User-Manual_RO.pdf\"><strong>NUCLEUS<\/strong> User Manual &#8211; Romanian &#8211; PDF<\/a><\/p>\n<p>\u00a0<\/p>\n<p><a href=\"https:\/\/hu.quantum-medical.eu\/wp-content\/uploads\/2022\/06\/ED-X-logo-Trademarked-1.svg\"><img class=\"alignnone wp-image-3066\" src=\"https:\/\/hu.quantum-medical.eu\/wp-content\/uploads\/2022\/06\/ED-X-logo-Trademarked-1.svg\" alt=\"\" width=\"200\" \/><\/a><\/p>\n<p><a href=\"https:\/\/quantum-medical.eu\/wp-content\/uploads\/2022\/04\/2.-ED.X-User-Manual_Eng.pdf\"><strong>ED-X<\/strong> User Manual &#8211; English &#8211; PDF<\/a><\/p>\n<p><a href=\"https:\/\/quantum-medical.eu\/wp-content\/uploads\/2022\/04\/2.-ED.X-User-Manual_RO.pdf\"><strong>ED-X<\/strong> User Manual &#8211;\u00a0 Romanian &#8211; PDF<\/a><\/p>\n<p>\u00a0<\/p>\n<p>\u00a0<\/p>\n<p><a href=\"https:\/\/hu.quantum-medical.eu\/wp-content\/uploads\/2022\/06\/PULSAR-2.svg\"><img class=\"alignnone wp-image-3067\" src=\"https:\/\/hu.quantum-medical.eu\/wp-content\/uploads\/2022\/06\/PULSAR-2.svg\" alt=\"\" width=\"270\" \/><\/a><\/p>\n<p><a href=\"https:\/\/quantum-medical.eu\/wp-content\/uploads\/2022\/04\/2.-ED.X-User-Manual_RO.pdf\"><strong>PULSAR<\/strong> Software Navigation Manual May 2021 &#8211; PDF<\/a><\/p>\n<p>\u00a0<\/p>    <\/div>\n<\/div>\n<!-- \/module text --><!-- module text -->\n<div  class=\"module module-text tb_dqbk495   \" data-lazy=\"1\" id=\"GDPR-2\">\n        <div  class=\"tb_text_wrap\">\n    <h4>GDPR<\/h4>\n<ul>\n<li><a href=\"https:\/\/quantum-medical.eu\/wp-content\/uploads\/2022\/04\/1.-GDPR-Data-Retention-and-Protection-Policy-GDPR-004-1.pdf\" target=\"_blank\" rel=\"noopener\">1. GDPR adatmeg\u0151rz\u00e9si \u00e9s adatv\u00e9delmi szab\u00e1lyzat-GDPR-004-1<\/a><\/li>\n<li><a href=\"https:\/\/quantum-medical.eu\/wp-content\/uploads\/2022\/04\/1.-Politica-de-pastrare-date-si-protectie-inreg-GDPR-004-1.pdf\" target=\"_blank\" rel=\"noopener\">1. Adatmeg\u0151rz\u00e9si szab\u00e1lyzat \u00e9s regisztr\u00e1ci\u00f3v\u00e9delem-GDPR-004-1<\/a><\/li>\n<li><a href=\"https:\/\/quantum-medical.eu\/wp-content\/uploads\/2022\/04\/2.-GDPR-Data-Protection-Policy-GDPR-004-2.pdf\" target=\"_blank\" rel=\"noopener\"> 2. GDPR adatv\u00e9delmi szab\u00e1lyzat-GDPR-004-2<\/a><\/li>\n<li><a href=\"https:\/\/quantum-medical.eu\/wp-content\/uploads\/2022\/04\/2.-Politica-prot-date-pers-GDPR-004-2.pdf\" target=\"_blank\" rel=\"noopener\">2. Szem\u00e9lyes adatok v\u00e9delm\u00e9re vonatkoz\u00f3 szab\u00e1lyzat-GDPR-004-2<\/a><\/li>\n<li><a href=\"https:\/\/quantum-medical.eu\/wp-content\/uploads\/2022\/04\/F-GDPR-004-3-5-Consent-Form-Client.pdf\" target=\"_blank\" rel=\"noopener\">F-GDPR-004-3-5, Hozz\u00e1j\u00e1rul\u00e1si \u0171rlap<\/a><\/li>\n<li><a href=\"https:\/\/quantum-medical.eu\/wp-content\/uploads\/2022\/04\/F-GDPR-004-3-5-Consimtamant-Client.pdf\" target=\"_blank\" rel=\"noopener\">F-GDPR-004-3-5, \u00dcgyf\u00e9l hozz\u00e1j\u00e1rul\u00e1sa<\/a><\/li>\n<li><a href=\"https:\/\/quantum-medical.eu\/wp-content\/uploads\/2022\/04\/F-GDPR-004-3-6-Data-Consent-Withdrawal-Form.pdf\">F-GDPR-004-3-6,Adatkezel\u00e9si hozz\u00e1j\u00e1rul\u00e1s visszavon\u00e1si \u0171rlap<\/a><\/li>\n<li><a href=\"https:\/\/quantum-medical.eu\/wp-content\/uploads\/2022\/04\/F-GDPR-004-3-6-Retragere-Consimt.pdf\" target=\"_blank\" rel=\"noopener\">F-GDPR-004-3-6, Hozz\u00e1j\u00e1rul\u00e1s visszavon\u00e1sa<\/a><\/li>\n<li><a href=\"https:\/\/quantum-medical.eu\/wp-content\/uploads\/2022\/04\/GDPR-Declaratia-GDPR-006-2.pdf\" target=\"_blank\" rel=\"noopener\">GDPR Nyilatkozat-GDPR-006-2<\/a><\/li>\n<li><a href=\"https:\/\/quantum-medical.eu\/wp-content\/uploads\/2022\/04\/GDPR-Readiness-Statement-GDPR-006-2.pdf\" target=\"_blank\" rel=\"noopener\">GDPR K\u00e9szenl\u00e9ti nyilatkozat-GDPR-006-2<\/a><\/li>\n<li><a href=\"https:\/\/quantum-medical.eu\/wp-content\/uploads\/2022\/04\/F-GDPR-004-3-3-Notificare-cumparare.pdf\" target=\"_blank\" rel=\"noopener\">F-GDPR-004-3-3, V\u00e1s\u00e1rl\u00e1si \u00e9rtes\u00edt\u00e9s<\/a><\/li>\n<li><a href=\"https:\/\/quantum-medical.eu\/wp-content\/uploads\/2022\/04\/F-GDPR-004-3-3-Privacy-notice-Purchase.pdf\" target=\"_blank\" rel=\"noopener\">GDPR-004-3-3,V\u00e1s\u00e1rl\u00e1si adatv\u00e9delmi nyilatkozatF-<\/a><\/li>\n<\/ul>\n<p>\u00a0<\/p>    <\/div>\n<\/div>\n<!-- \/module text -->\t        <\/div>\n\t    \t<\/div>\n\t\t    <\/div>\n\t<\/div><!-- \/themify_builder_sub_row -->\n\t\t        <\/div>\n\t    \t<\/div>\n\t\t    <\/div>\n\t    <!-- \/row_inner -->\n\t<\/div>\n\t<!-- \/module_row -->\n\t<\/div>\n<!--\/themify_builder_content--><!-- AddThis Advanced Settings generic via filter on the_content --><!-- AddThis Share Buttons generic via filter on the_content -->","protected":false},"excerpt":{"rendered":"<p>DOCUMENT\u00c1CI\u00d3 NUCLEUS User Manual &#8211; English &#8211; PDF NUCLEUS User Manual &#8211; Romanian &#8211; PDF \u00a0 ED-X User Manual &#8211; English &#8211; PDF ED-X User Manual &#8211;\u00a0 Romanian &#8211; PDF \u00a0 \u00a0 PULSAR Software Navigation Manual May 2021 &#8211; PDF \u00a0<!-- AddThis Advanced Settings generic via filter on get_the_excerpt --><!-- AddThis Share Buttons generic via filter on get_the_excerpt --><\/p>\n","protected":false},"author":7,"featured_media":0,"parent":0,"menu_order":42,"comment_status":"closed","ping_status":"closed","template":"","meta":{"inline_featured_image":false},"yoast_head":"<!-- This site is optimized with the Yoast SEO plugin v20.6 - https:\/\/yoast.com\/wordpress\/plugins\/seo\/ -->\n<title>Dokument\u00e1ci\u00f3 let\u00f6lt\u00e9sek &mdash; Quantum Medical<\/title>\n<meta name=\"robots\" content=\"index, follow, max-snippet:-1, max-image-preview:large, max-video-preview:-1\" \/>\n<link rel=\"canonical\" href=\"https:\/\/hu.quantum-medical.eu\/index.php\/dokumentacio-letoltesek\/\" \/>\n<meta property=\"og:locale\" content=\"en_US\" \/>\n<meta property=\"og:type\" content=\"article\" \/>\n<meta property=\"og:title\" content=\"Dokument\u00e1ci\u00f3 let\u00f6lt\u00e9sek &mdash; Quantum Medical\" \/>\n<meta property=\"og:description\" content=\"DOCUMENT\u00c1CI\u00d3 NUCLEUS User Manual - English - PDF NUCLEUS User Manual - Romanian - PDF \u00a0 ED-X User Manual - English - PDF ED-X User Manual -\u00a0 Romanian - PDF \u00a0 \u00a0 PULSAR Software Navigation Manual May 2021 - PDF \u00a0\" \/>\n<meta property=\"og:url\" content=\"https:\/\/hu.quantum-medical.eu\/index.php\/dokumentacio-letoltesek\/\" \/>\n<meta property=\"og:site_name\" content=\"Quantum Medical\" \/>\n<meta property=\"article:publisher\" content=\"https:\/\/www.facebook.com\/QuantumMedEU\" \/>\n<meta property=\"article:modified_time\" content=\"2022-10-03T06:37:59+00:00\" \/>\n<meta name=\"twitter:card\" content=\"summary_large_image\" \/>\n<meta name=\"twitter:site\" content=\"@QuantumMedEU\" \/>\n<script type=\"application\/ld+json\" class=\"yoast-schema-graph\">{\"@context\":\"https:\/\/schema.org\",\"@graph\":[{\"@type\":\"WebPage\",\"@id\":\"https:\/\/hu.quantum-medical.eu\/index.php\/dokumentacio-letoltesek\/\",\"url\":\"https:\/\/hu.quantum-medical.eu\/index.php\/dokumentacio-letoltesek\/\",\"name\":\"Dokument\u00e1ci\u00f3 let\u00f6lt\u00e9sek &mdash; Quantum Medical\",\"isPartOf\":{\"@id\":\"https:\/\/hu.quantum-medical.eu\/#website\"},\"datePublished\":\"2022-09-30T09:19:16+00:00\",\"dateModified\":\"2022-10-03T06:37:59+00:00\",\"breadcrumb\":{\"@id\":\"https:\/\/hu.quantum-medical.eu\/index.php\/dokumentacio-letoltesek\/#breadcrumb\"},\"inLanguage\":\"en-US\",\"potentialAction\":[{\"@type\":\"ReadAction\",\"target\":[\"https:\/\/hu.quantum-medical.eu\/index.php\/dokumentacio-letoltesek\/\"]}]},{\"@type\":\"BreadcrumbList\",\"@id\":\"https:\/\/hu.quantum-medical.eu\/index.php\/dokumentacio-letoltesek\/#breadcrumb\",\"itemListElement\":[{\"@type\":\"ListItem\",\"position\":1,\"name\":\"Home\",\"item\":\"https:\/\/hu.quantum-medical.eu\/\"},{\"@type\":\"ListItem\",\"position\":2,\"name\":\"Dokument\u00e1ci\u00f3 let\u00f6lt\u00e9sek\"}]},{\"@type\":\"WebSite\",\"@id\":\"https:\/\/hu.quantum-medical.eu\/#website\",\"url\":\"https:\/\/hu.quantum-medical.eu\/\",\"name\":\"Quantum Medical\",\"description\":\"\",\"publisher\":{\"@id\":\"https:\/\/hu.quantum-medical.eu\/#organization\"},\"potentialAction\":[{\"@type\":\"SearchAction\",\"target\":{\"@type\":\"EntryPoint\",\"urlTemplate\":\"https:\/\/hu.quantum-medical.eu\/?s={search_term_string}\"},\"query-input\":\"required name=search_term_string\"}],\"inLanguage\":\"en-US\"},{\"@type\":\"Organization\",\"@id\":\"https:\/\/hu.quantum-medical.eu\/#organization\",\"name\":\"Quantum Medical SRL\",\"url\":\"https:\/\/hu.quantum-medical.eu\/\",\"logo\":{\"@type\":\"ImageObject\",\"inLanguage\":\"en-US\",\"@id\":\"https:\/\/hu.quantum-medical.eu\/#\/schema\/logo\/image\/\",\"url\":\"https:\/\/hu.quantum-medical.eu\/wp-content\/uploads\/2021\/05\/Quantum-Medical-logo-1.svg\",\"contentUrl\":\"https:\/\/hu.quantum-medical.eu\/wp-content\/uploads\/2021\/05\/Quantum-Medical-logo-1.svg\",\"width\":1,\"height\":1,\"caption\":\"Quantum Medical SRL\"},\"image\":{\"@id\":\"https:\/\/hu.quantum-medical.eu\/#\/schema\/logo\/image\/\"},\"sameAs\":[\"https:\/\/www.facebook.com\/QuantumMedEU\",\"https:\/\/twitter.com\/QuantumMedEU\",\"https:\/\/www.youtube.com\/channel\/UCZTJzN8-w3F6DHAt2jh67oA\",\"https:\/\/www.instagram.com\/quantum_medical\/\"]}]}<\/script>\n<!-- \/ Yoast SEO plugin. -->","yoast_head_json":{"title":"Dokument\u00e1ci\u00f3 let\u00f6lt\u00e9sek &mdash; Quantum Medical","robots":{"index":"index","follow":"follow","max-snippet":"max-snippet:-1","max-image-preview":"max-image-preview:large","max-video-preview":"max-video-preview:-1"},"canonical":"https:\/\/hu.quantum-medical.eu\/index.php\/dokumentacio-letoltesek\/","og_locale":"en_US","og_type":"article","og_title":"Dokument\u00e1ci\u00f3 let\u00f6lt\u00e9sek &mdash; Quantum Medical","og_description":"DOCUMENT\u00c1CI\u00d3 NUCLEUS User Manual - English - PDF NUCLEUS User Manual - Romanian - PDF \u00a0 ED-X User Manual - English - PDF ED-X User Manual -\u00a0 Romanian - PDF \u00a0 \u00a0 PULSAR Software Navigation Manual May 2021 - PDF \u00a0","og_url":"https:\/\/hu.quantum-medical.eu\/index.php\/dokumentacio-letoltesek\/","og_site_name":"Quantum Medical","article_publisher":"https:\/\/www.facebook.com\/QuantumMedEU","article_modified_time":"2022-10-03T06:37:59+00:00","twitter_card":"summary_large_image","twitter_site":"@QuantumMedEU","schema":{"@context":"https:\/\/schema.org","@graph":[{"@type":"WebPage","@id":"https:\/\/hu.quantum-medical.eu\/index.php\/dokumentacio-letoltesek\/","url":"https:\/\/hu.quantum-medical.eu\/index.php\/dokumentacio-letoltesek\/","name":"Dokument\u00e1ci\u00f3 let\u00f6lt\u00e9sek &mdash; Quantum Medical","isPartOf":{"@id":"https:\/\/hu.quantum-medical.eu\/#website"},"datePublished":"2022-09-30T09:19:16+00:00","dateModified":"2022-10-03T06:37:59+00:00","breadcrumb":{"@id":"https:\/\/hu.quantum-medical.eu\/index.php\/dokumentacio-letoltesek\/#breadcrumb"},"inLanguage":"en-US","potentialAction":[{"@type":"ReadAction","target":["https:\/\/hu.quantum-medical.eu\/index.php\/dokumentacio-letoltesek\/"]}]},{"@type":"BreadcrumbList","@id":"https:\/\/hu.quantum-medical.eu\/index.php\/dokumentacio-letoltesek\/#breadcrumb","itemListElement":[{"@type":"ListItem","position":1,"name":"Home","item":"https:\/\/hu.quantum-medical.eu\/"},{"@type":"ListItem","position":2,"name":"Dokument\u00e1ci\u00f3 let\u00f6lt\u00e9sek"}]},{"@type":"WebSite","@id":"https:\/\/hu.quantum-medical.eu\/#website","url":"https:\/\/hu.quantum-medical.eu\/","name":"Quantum Medical","description":"","publisher":{"@id":"https:\/\/hu.quantum-medical.eu\/#organization"},"potentialAction":[{"@type":"SearchAction","target":{"@type":"EntryPoint","urlTemplate":"https:\/\/hu.quantum-medical.eu\/?s={search_term_string}"},"query-input":"required name=search_term_string"}],"inLanguage":"en-US"},{"@type":"Organization","@id":"https:\/\/hu.quantum-medical.eu\/#organization","name":"Quantum Medical SRL","url":"https:\/\/hu.quantum-medical.eu\/","logo":{"@type":"ImageObject","inLanguage":"en-US","@id":"https:\/\/hu.quantum-medical.eu\/#\/schema\/logo\/image\/","url":"https:\/\/hu.quantum-medical.eu\/wp-content\/uploads\/2021\/05\/Quantum-Medical-logo-1.svg","contentUrl":"https:\/\/hu.quantum-medical.eu\/wp-content\/uploads\/2021\/05\/Quantum-Medical-logo-1.svg","width":1,"height":1,"caption":"Quantum Medical SRL"},"image":{"@id":"https:\/\/hu.quantum-medical.eu\/#\/schema\/logo\/image\/"},"sameAs":["https:\/\/www.facebook.com\/QuantumMedEU","https:\/\/twitter.com\/QuantumMedEU","https:\/\/www.youtube.com\/channel\/UCZTJzN8-w3F6DHAt2jh67oA","https:\/\/www.instagram.com\/quantum_medical\/"]}]}},"builder_content":"<h3>DOCUMENT\u00c1CI\u00d3<\/h3> <p><a href=\"https:\/\/hu.quantum-medical.eu\/wp-content\/uploads\/2022\/06\/NUCLEUS-trademark-1.svg\"><img src=\"https:\/\/hu.quantum-medical.eu\/wp-content\/uploads\/2022\/06\/NUCLEUS-trademark-1.svg\" alt=\"\" width=\"250\" \/><\/a><\/p> <p><a href=\"https:\/\/quantum-medical.eu\/wp-content\/uploads\/2022\/04\/1.-NUCLEUS-User-Manual_Eng.pdf\"><strong>NUCLEUS<\/strong> User Manual - English - PDF<\/a><\/p> <p><a href=\"https:\/\/quantum-medical.eu\/wp-content\/uploads\/2022\/04\/1.-NUCLEUS-User-Manual_RO.pdf\"><strong>NUCLEUS<\/strong> User Manual - Romanian - PDF<\/a><\/p> <p>\u00a0<\/p> <p><a href=\"https:\/\/hu.quantum-medical.eu\/wp-content\/uploads\/2022\/06\/ED-X-logo-Trademarked-1.svg\"><img src=\"https:\/\/hu.quantum-medical.eu\/wp-content\/uploads\/2022\/06\/ED-X-logo-Trademarked-1.svg\" alt=\"\" width=\"200\" \/><\/a><\/p> <p><a href=\"https:\/\/quantum-medical.eu\/wp-content\/uploads\/2022\/04\/2.-ED.X-User-Manual_Eng.pdf\"><strong>ED-X<\/strong> User Manual - English - PDF<\/a><\/p> <p><a href=\"https:\/\/quantum-medical.eu\/wp-content\/uploads\/2022\/04\/2.-ED.X-User-Manual_RO.pdf\"><strong>ED-X<\/strong> User Manual -\u00a0 Romanian - PDF<\/a><\/p> <p>\u00a0<\/p> <p>\u00a0<\/p> <p><a href=\"https:\/\/hu.quantum-medical.eu\/wp-content\/uploads\/2022\/06\/PULSAR-2.svg\"><img src=\"https:\/\/hu.quantum-medical.eu\/wp-content\/uploads\/2022\/06\/PULSAR-2.svg\" alt=\"\" width=\"270\" \/><\/a><\/p> <p><a href=\"https:\/\/quantum-medical.eu\/wp-content\/uploads\/2022\/04\/2.-ED.X-User-Manual_RO.pdf\"><strong>PULSAR<\/strong> Software Navigation Manual May 2021 - PDF<\/a><\/p> <p>\u00a0<\/p>\n<h4>GDPR<\/h4> <ul> <li><a href=\"https:\/\/quantum-medical.eu\/wp-content\/uploads\/2022\/04\/1.-GDPR-Data-Retention-and-Protection-Policy-GDPR-004-1.pdf\" target=\"_blank\" rel=\"noopener\">1. GDPR adatmeg\u0151rz\u00e9si \u00e9s adatv\u00e9delmi szab\u00e1lyzat-GDPR-004-1<\/a><\/li> <li><a href=\"https:\/\/quantum-medical.eu\/wp-content\/uploads\/2022\/04\/1.-Politica-de-pastrare-date-si-protectie-inreg-GDPR-004-1.pdf\" target=\"_blank\" rel=\"noopener\">1. Adatmeg\u0151rz\u00e9si szab\u00e1lyzat \u00e9s regisztr\u00e1ci\u00f3v\u00e9delem-GDPR-004-1<\/a><\/li> <li><a href=\"https:\/\/quantum-medical.eu\/wp-content\/uploads\/2022\/04\/2.-GDPR-Data-Protection-Policy-GDPR-004-2.pdf\" target=\"_blank\" rel=\"noopener\"> 2. GDPR adatv\u00e9delmi szab\u00e1lyzat-GDPR-004-2<\/a><\/li> <li><a href=\"https:\/\/quantum-medical.eu\/wp-content\/uploads\/2022\/04\/2.-Politica-prot-date-pers-GDPR-004-2.pdf\" target=\"_blank\" rel=\"noopener\">2. Szem\u00e9lyes adatok v\u00e9delm\u00e9re vonatkoz\u00f3 szab\u00e1lyzat-GDPR-004-2<\/a><\/li> <li><a href=\"https:\/\/quantum-medical.eu\/wp-content\/uploads\/2022\/04\/F-GDPR-004-3-5-Consent-Form-Client.pdf\" target=\"_blank\" rel=\"noopener\">F-GDPR-004-3-5, Hozz\u00e1j\u00e1rul\u00e1si \u0171rlap<\/a><\/li> <li><a href=\"https:\/\/quantum-medical.eu\/wp-content\/uploads\/2022\/04\/F-GDPR-004-3-5-Consimtamant-Client.pdf\" target=\"_blank\" rel=\"noopener\">F-GDPR-004-3-5, \u00dcgyf\u00e9l hozz\u00e1j\u00e1rul\u00e1sa<\/a><\/li> <li><a href=\"https:\/\/quantum-medical.eu\/wp-content\/uploads\/2022\/04\/F-GDPR-004-3-6-Data-Consent-Withdrawal-Form.pdf\">F-GDPR-004-3-6,Adatkezel\u00e9si hozz\u00e1j\u00e1rul\u00e1s visszavon\u00e1si \u0171rlap<\/a><\/li> <li><a href=\"https:\/\/quantum-medical.eu\/wp-content\/uploads\/2022\/04\/F-GDPR-004-3-6-Retragere-Consimt.pdf\" target=\"_blank\" rel=\"noopener\">F-GDPR-004-3-6, Hozz\u00e1j\u00e1rul\u00e1s visszavon\u00e1sa<\/a><\/li> <li><a href=\"https:\/\/quantum-medical.eu\/wp-content\/uploads\/2022\/04\/GDPR-Declaratia-GDPR-006-2.pdf\" target=\"_blank\" rel=\"noopener\">GDPR Nyilatkozat-GDPR-006-2<\/a><\/li> <li><a href=\"https:\/\/quantum-medical.eu\/wp-content\/uploads\/2022\/04\/GDPR-Readiness-Statement-GDPR-006-2.pdf\" target=\"_blank\" rel=\"noopener\">GDPR K\u00e9szenl\u00e9ti nyilatkozat-GDPR-006-2<\/a><\/li> <li><a href=\"https:\/\/quantum-medical.eu\/wp-content\/uploads\/2022\/04\/F-GDPR-004-3-3-Notificare-cumparare.pdf\" target=\"_blank\" rel=\"noopener\">F-GDPR-004-3-3, V\u00e1s\u00e1rl\u00e1si \u00e9rtes\u00edt\u00e9s<\/a><\/li> <li><a href=\"https:\/\/quantum-medical.eu\/wp-content\/uploads\/2022\/04\/F-GDPR-004-3-3-Privacy-notice-Purchase.pdf\" target=\"_blank\" rel=\"noopener\">GDPR-004-3-3,V\u00e1s\u00e1rl\u00e1si adatv\u00e9delmi nyilatkozatF-<\/a><\/li> <\/ul> <p>\u00a0<\/p>","_links":{"self":[{"href":"https:\/\/hu.quantum-medical.eu\/index.php\/wp-json\/wp\/v2\/pages\/3465"}],"collection":[{"href":"https:\/\/hu.quantum-medical.eu\/index.php\/wp-json\/wp\/v2\/pages"}],"about":[{"href":"https:\/\/hu.quantum-medical.eu\/index.php\/wp-json\/wp\/v2\/types\/page"}],"author":[{"embeddable":true,"href":"https:\/\/hu.quantum-medical.eu\/index.php\/wp-json\/wp\/v2\/users\/7"}],"replies":[{"embeddable":true,"href":"https:\/\/hu.quantum-medical.eu\/index.php\/wp-json\/wp\/v2\/comments?post=3465"}],"version-history":[{"count":5,"href":"https:\/\/hu.quantum-medical.eu\/index.php\/wp-json\/wp\/v2\/pages\/3465\/revisions"}],"predecessor-version":[{"id":3501,"href":"https:\/\/hu.quantum-medical.eu\/index.php\/wp-json\/wp\/v2\/pages\/3465\/revisions\/3501"}],"wp:attachment":[{"href":"https:\/\/hu.quantum-medical.eu\/index.php\/wp-json\/wp\/v2\/media?parent=3465"}],"curies":[{"name":"wp","href":"https:\/\/api.w.org\/{rel}","templated":true}]}}