{"id":2,"date":"2021-02-26T07:45:18","date_gmt":"2021-02-26T07:45:18","guid":{"rendered":"https:\/\/hu.quantum-medical.eu\/?page_id=2"},"modified":"2022-09-28T07:27:19","modified_gmt":"2022-09-28T07:27:19","slug":"stop-smoking","status":"publish","type":"page","link":"https:\/\/hu.quantum-medical.eu\/index.php\/programs-for-the-eductor1-and-nucleus-devices\/stop-smoking\/","title":{"rendered":"DOH\u00c1NYZ\u00c1SR\u00d3L VAL\u00d3 LESZOK\u00c1S"},"content":{"rendered":"<p>Az ED.X \u00e9s a NUCLEUS speci\u00e1lis doh\u00e1nyz\u00e1sellenes alkalmaz\u00e1s\u00e1t \u00fagy tervezt\u00e9k, hogy cs\u00f6kkentse \u00e9s enyh\u00edtse a stresszt az agyhull\u00e1mok k\u00e9pz\u00e9s\u00e9vel azok sz\u00e1m\u00e1ra, akik szeretn\u00e9nek leszokni a doh\u00e1nyz\u00e1sr\u00f3l, mik\u00f6zben t\u00e1mogatj\u00e1k a p\u00e1ciens \u00f6sszes szerv\u00e9t \u00e9s rendszer\u00e9t az optim\u00e1lis eg\u00e9szs\u00e9g \u00e9rdek\u00e9ben.<\/p>\n\n\n\n<p>K\u00f6ztudott, hogy a doh\u00e1nyz\u00e1s sz\u00e1mos negat\u00edv hat\u00e1ssal j\u00e1rhat az eg\u00e9szs\u00e9g\u00e9re, p\u00e9ld\u00e1ul n\u00f6velheti a s\u00falyos betegs\u00e9gek, p\u00e9ld\u00e1ul a r\u00e1k \u00e9s a sz\u00edvbetegs\u00e9gek kialakul\u00e1s\u00e1nak kock\u00e1zat\u00e1t, ami kor\u00e1bbi hal\u00e1loz\u00e1shoz vezet.<\/p>\n\n\n\n<p>B\u00e1r ezek a kock\u00e1zatok j\u00f3 \u00f6szt\u00f6nz\u00e9st jelentenek a doh\u00e1nyz\u00e1s abbahagy\u00e1s\u00e1ra, a leszok\u00e1s n\u00e9h\u00e1ny ember sz\u00e1m\u00e1ra neh\u00e9z lehet az elvon\u00e1si t\u00fcnetek miatt. Ezek k\u00f6z\u00e9 tartozhat az ingerl\u00e9kenys\u00e9g, a fejf\u00e1j\u00e1s \u00e9s az er\u0151s nikotin ut\u00e1ni s\u00f3v\u00e1rg\u00e1s, m\u00e1s s\u00falyos stresszt\u00e9nyez\u0151k mellett.<\/p>\n\n\n\n<p>A leszok\u00e1s kih\u00edv\u00e1st jelenthet, azonban az ED.X-et \u00e9s a NUCLEUS-t tartalmaz\u00f3 DOH\u00c1NYZ\u00c1SR\u00d3L VAL\u00d3 LESZOK\u00c1S program seg\u00edts\u00e9g\u00e9vel n\u00e9h\u00e1ny napon bel\u00fcl l\u00e1tni fogja az eg\u00e9szs\u00e9g\u00fcgyi el\u0151ny\u00f6ket.<\/p>\n\n\n\n<p><a>Milyen el\u0151nyei vannak a doh\u00e1nyz\u00e1sellenes alkalmaz\u00e1s haszn\u00e1lat\u00e1nak?<\/a><\/p>\n\n\n\n<p><strong>A f\u00fcgg\u0151s\u00e9g k\u00f6r\u00e9nek megszak\u00edt\u00e1sa<\/strong>. Ha abbahagyod a doh\u00e1nyz\u00e1st a doh\u00e1nyz\u00e1sellenes alkalmaz\u00e1ssal, \u00e9szre fogod venni, hogy a leszok\u00e1st k\u00f6vet\u0151 n\u00e9h\u00e1ny napon bel\u00fcl az agyban sz\u00e1mos nikotinreceptor vissza\u00e1ll a norm\u00e1lis ker\u00e9kv\u00e1g\u00e1sba, megt\u00f6rve ezzel a f\u00fcgg\u0151s\u00e9g ciklus\u00e1t, m\u00edg a doh\u00e1nyz\u00e1sellenes alkalmaz\u00e1s n\u00e9lk\u00fcl k\u00f6r\u00fclbel\u00fcl egy h\u00f3napig tartanak az elvon\u00e1si t\u00fcnetek.<\/p>\n\n\n\n<p><strong>\u00c9tv\u00e1gy \u00e9s s\u00f3v\u00e1rg\u00e1s<\/strong>. \u00c1ltal\u00e1ban, amikor abbahagyod a doh\u00e1nyz\u00e1st, \u00e9tv\u00e1gyad \u00e9s s\u00f3v\u00e1rg\u00e1sod megn\u0151. A doh\u00e1nyz\u00e1sellenes alkalmaz\u00e1ssal a doh\u00e1nyz\u00e1s abbahagy\u00e1s\u00e1nak ez a mell\u00e9khat\u00e1sa nem jelentkezik, vagy jelent\u0151sen cs\u00f6kken.<\/p>\n\n\n\n<p><strong>Jobb kering\u00e9s.<\/strong> N\u00e9h\u00e1ny nap alatt javul a v\u00e9rkering\u00e9s, ami jelent\u0151sen megk\u00f6nny\u00edti a fizikai aktivit\u00e1st \u00e9s cs\u00f6kkenti a sz\u00edvroham kock\u00e1zat\u00e1t.<\/p>\n\n\n\n<p><strong>Jav\u00edtott \u00edz \u00e9s szag<\/strong>. A doh\u00e1nyz\u00e1s hat\u00e1ssal van az orrban \u00e9s a sz\u00e1jban l\u00e9v\u0151 idegv\u00e9gz\u0151d\u00e9sekre, akad\u00e1lyozva az \u00edz- \u00e9s szagl\u00e1st. Az idegv\u00e9gz\u0151d\u00e9sek n\u00f6veked\u00e9snek indulnak, amint abbahagyja a doh\u00e1nyz\u00e1st, \u00e9s a doh\u00e1nyz\u00e1s elleni alkalmaz\u00e1s seg\u00edts\u00e9g\u00e9vel gyorsan javul az \u00edz- \u00e9s szag\u00e9rz\u00e9kel\u00e9se.<\/p>\n\n\n\n<p><strong>T\u00f6bb energia<\/strong>. A javult l\u00e9gz\u00e9s \u00e9s fizikai aktivit\u00e1s mellett a doh\u00e1nyz\u00e1sb\u00f3l sz\u00e1rmaz\u00f3 megn\u00f6vekedett oxig\u00e9n a szervezetben m\u00e9g t\u00f6bb energi\u00e1t ad. A Doh\u00e1nyz\u00e1sellenes alkalmaz\u00e1son kereszt\u00fcl test\u00e9nek adott elektromos energia egy\u00fcttesen feler\u0151s\u00edt, \u00e9s visszahoz egy fiatalosabb \u00e9s leny\u0171g\u00f6z\u0151bb \u00f6nmagadhoz.<\/p>\n\n\n\n<p><strong>Er\u0151s\u00edt\u00e9s az immunrendszer sz\u00e1m\u00e1ra.<\/strong> A doh\u00e1nyz\u00e1s abbahagy\u00e1sa jav\u00edtja a kering\u00e9st, n\u00f6veli az oxig\u00e9nszintet \u00e9s cs\u00f6kkenti a gyullad\u00e1st \u2013 mindez er\u0151s\u00edti az immunrendszert, \u00edgy k\u00f6nnyebben lek\u00fczdheti a megf\u00e1z\u00e1st \u00e9s m\u00e1s betegs\u00e9geket. A doh\u00e1nyz\u00e1s elleni alkalmaz\u00e1ssal egy\u00fctt immunrendszered egy m\u00e1sik szintre emelkedik.<\/p>\n\n\n\n<p><strong>Tiszt\u00e1bb sz\u00e1j \u00e9s fogak.<\/strong> A doh\u00e1nyz\u00e1st\u00f3l bes\u00e1rgulnak a fogak, rossz leheletet okoz \u00e9s n\u00f6veli a sz\u00e1j\u00fcregi fert\u0151z\u00e9sek kock\u00e1zat\u00e1t. A leszok\u00e1s ut\u00e1n egy h\u00e9ten bel\u00fcl elkezdi l\u00e1tni \u00e9s \u00e9rezni a k\u00fcl\u00f6nbs\u00e9get a sz\u00e1j\u00e1ban.<\/p>\n\n\n\n<p><strong>Jav\u00edtott szexu\u00e1lis \u00e9let<\/strong>. A doh\u00e1nyz\u00e1s befoly\u00e1solhatja szexu\u00e1lis \u00e9let\u00e9t. F\u00e9rfiakn\u00e1l n\u00f6veli a mereved\u00e9si zavarok kock\u00e1zat\u00e1t, \u00e9s hozz\u00e1j\u00e1rul a n\u0151i szexu\u00e1lis diszfunkci\u00f3hoz az\u00e1ltal, hogy cs\u00f6kkenti a nemi szervek s\u00edkoss\u00e1g\u00e1t \u00e9s az orgazmus gyakoris\u00e1g\u00e1t. A <a>doh\u00e1nyz\u00e1sellenes<\/a> program alkalmaz\u00e1s\u00e1val ezek a hormon\u00e1lis diszfunkci\u00f3k gyorsan cs\u00f6kkennek \u00e9s javulnak.<\/p>\n\n\n\n<p><strong>Alacsonyabb a r\u00e1k kock\u00e1zata<\/strong>. Eltarthat n\u00e9h\u00e1ny \u00e9vig a leszok\u00e1s ut\u00e1n, de cs\u00f6kkenti a r\u00e1kos megbeteged\u00e9sek kock\u00e1zat\u00e1t, mint p\u00e9ld\u00e1ul a t\u00fcd\u0151r\u00e1k, a nyel\u0151cs\u0151r\u00e1k, a veser\u00e1k, a h\u00f3lyagr\u00e1k, a hasny\u00e1lmirigyr\u00e1k. A doh\u00e1nyz\u00e1sellenes program alkalmaz\u00e1sa seg\u00edt gyorsabban visszaford\u00edtani a degener\u00e1ci\u00f3t.<\/p>\n\n\n\n<p>Gyakori fizikai, ment\u00e1lis, \u00e9rzelmi \u00e9s viselked\u00e9si elvon\u00e1si t\u00fcnetek, amelyek nem jelentkeznek a doh\u00e1nyz\u00e1sellenes program alkalmaz\u00e1s\u00e1val: <\/p>\n\n\n\n<ul><li>\u00c9tv\u00e1gy<\/li><li>V\u00e1gy<\/li><li>Hetekig tart\u00f3 k\u00f6h\u00f6g\u00e9s<\/li><li>Fejf\u00e1j\u00e1s \u00e9s sz\u00e9d\u00fcl\u00e9s.<\/li><li>F\u00e1radts\u00e1g \u00e9s \u00e1lmatlans\u00e1g<\/li><li>Sz\u00e9kreked\u00e9s<\/li><li>Szorong\u00e1s<\/li><li>Depresszi\u00f3<\/li><li>Ingerl\u00e9kenys\u00e9g<\/li><li>Ment\u00e1lis k\u00f6d<\/li><\/ul>\n\n\n\n<p><strong>A nikotin-megvon\u00e1si id\u0151vonal nagy kih\u00edv\u00e1st jelent, \u00e9s ez az oka annak, hogy sok ember nem j\u00e1r sikerrel tov\u00e1bbi seg\u00edts\u00e9g \u00e9s t\u00e1mogat\u00e1s n\u00e9lk\u00fcl<\/strong><\/p>\n\n\n\n<p>\u00cdme, mire sz\u00e1m\u00edthatsz az utols\u00f3 cigaretta befejez\u00e9se ut\u00e1n:<\/p>\n\n\n\n<ul><li><strong>30 perct\u0151l 4 \u00f3r\u00e1ig: <\/strong>A nikotin hat\u00e1sai elm\u00falnak, \u00e9s v\u00e1gyni fogsz egy \u00fajabb cigarett\u00e1ra.<\/li><li><strong>10 \u00f3ra: <\/strong>Nagyon nyugtalan leszel, fizikailag v\u00e1gysz egy cigarett\u00e1ra, \u00e9s azon t\u00f6prengsz, hogyan t\u00f6ltsd ki az id\u0151t. Szomor\u00fanak \u00e9s rem\u00e9nytelennek \u00e9rezheted magad.<\/li><li><strong>24 \u00f3ra: <\/strong>Kezd\u0151dik az ingerl\u00e9kenys\u00e9g \u00e9s n\u0151 az \u00e9tv\u00e1gy.<\/li><li><strong>2 nap<\/strong>: Fejf\u00e1j\u00e1sod lesz, mivel a nikotin elhagyja a szervezeted.<\/li><li><strong>3 nap: <\/strong>A nikotinnak most el kell t\u0171nnie. Cs\u00f6kken a v\u00e1gyad, de a szorong\u00e1sod n\u00f6vekedni kezd.<\/li><li><strong>1 h\u00e9t: <\/strong>T\u00fal\u00e9lted az els\u0151 hetet. T\u00fal vagy a legrosszabbon. Tov\u00e1bbra is ker\u00fcld a kiv\u00e1lt\u00f3 ingereket.<\/li><li><strong>2-4 h\u00e9t: <\/strong>Alacsonyabb energia szint, de az agyk\u00f6d kitisztul, \u00e9s az \u00e9tv\u00e1gy ellazul. A k\u00f6h\u00f6g\u00e9s, a depresszi\u00f3 \u00e9s a szorong\u00e1s is javulni fog.<\/li><li><strong>5 h\u00e9ttel k\u00e9s\u0151bb: <\/strong>Most a kih\u00edv\u00e1s az er\u0151s ment\u00e1lis j\u00e1t\u00e9k megtart\u00e1sa.<\/li><\/ul>\n\n\n\n<p><strong>5 h\u00e9t helyett<\/strong> a fentiek mindegyike <strong>enyh\u00fcl mind\u00f6ssze 5 nap alatt<\/strong> a Doh\u00e1nyz\u00e1sg\u00e1tl\u00f3 program alkalmaz\u00e1ssal, \u00edgy a doh\u00e1nyz\u00e1sr\u00f3l val\u00f3 leszok\u00e1s <strong>SIKER<\/strong>.<\/p>\n\n\n\n<p><em>*a legjobb eredm\u00e9ny el\u00e9r\u00e9se \u00e9rdek\u00e9ben a doh\u00e1nyz\u00e1sellenes program alkalmaz\u00e1s\u00e1nak protokollja a doh\u00e1nyz\u00e1s teljes abbahagy\u00e1sa m\u00e1r az els\u0151 alkalomn\u00e1l.<strong> <\/strong>\u00d6t napi folyamatos kezel\u00e9s, napi k\u00e9tszeri doh\u00e1nyz\u00e1sellenes programunk alkalmaz\u00e1s\u00e1val, valamint egy\u00e9b kezel\u00e9si programjaink alkalmaz\u00e1s\u00e1val, minden egyedi esett\u0151l f\u00fcgg\u0151en.<\/em><\/p>\n\n\n\n<p>A <strong>DOH\u00c1NYZ\u00c1SR\u00d3L VAL\u00d3 LESZOK\u00c1S<\/strong> program a <strong>NUCLEUS<\/strong> k\u00e9sz\u00fcl\u00e9k v\u00e1s\u00e1rl\u00e1sa eset\u00e9n <strong>INGYENES<\/strong>, \u00e9s <strong>1000<\/strong> eur\u00f3\u00e9rt megv\u00e1s\u00e1rolhat\u00f3 az <strong>ED.X-hez<\/strong>. A modul megv\u00e1s\u00e1rl\u00e1s\u00e1hoz vedd fel vel\u00fcnk a <a href=\"https:\/\/hu.quantum-medical.eu\/index.php\/contact\/\">kapcsolatot<\/a>.<\/p>\n\n<!--themify_builder_content-->\n<div id=\"themify_builder_content-2\" data-postid=\"2\" class=\"themify_builder_content themify_builder_content-2 themify_builder tf_clear\">\n    \t<!-- module_row -->\n\t<div  data-lazy=\"1\" class=\"module_row themify_builder_row tb_bfln486 tb_first tf_clearfix\">\n\t    \t\t<div class=\"row_inner col_align_top col-count-1 tf_box tf_w tf_rel\">\n\t\t\t<div  data-lazy=\"1\" class=\"module_column tb-column col-full first tb_umx5488 tf_box\">\n\t\t\t    \t        <div class=\"tb-column-inner tf_box tf_w\">\n\t\t    <!-- module buttons -->\n<div  class=\"module module-buttons tb_eldb489 buttons-horizontal solid  circle buttons-fullwidth hover-wow wow\" data-tf-animation_hover=\"pulse\" data-tf-animation=\"bounce\" data-tf-animation_delay=\"1\" data-lazy=\"1\">\n    \t<div class=\"module-buttons-item tf_inline_b\">\n\t\t\t\t\t\t\t<a href=\"https:\/\/hu.quantum-medical.eu\/index.php\/contact\/\" class=\"ui builder_button black\" >\n\t\t\t\t\t\t\t\t\t\t\t<span class=\"tf_inline_b tf_vmiddle\">V\u00c1S\u00c1ROLJ MOST<\/span>\n\t\t\t\t\t\t\t\t\t\t\t<\/a>\n\t\t\t    \t<\/div>\n\t<\/div>\n<!-- \/module buttons -->\n\t        <\/div>\n\t    \t<\/div>\n\t\t    <\/div>\n\t    <!-- \/row_inner -->\n\t<\/div>\n\t<!-- \/module_row -->\n\t<\/div>\n<!--\/themify_builder_content-->\n\n\n<p><\/p><!-- AddThis Advanced Settings generic via filter on the_content --><!-- AddThis Share Buttons generic via filter on the_content -->","protected":false},"excerpt":{"rendered":"<p>Az ED.X \u00e9s a NUCLEUS speci\u00e1lis doh\u00e1nyz\u00e1sellenes alkalmaz\u00e1s\u00e1t \u00fagy tervezt\u00e9k, hogy cs\u00f6kkentse \u00e9s enyh\u00edtse a stresszt az agyhull\u00e1mok k\u00e9pz\u00e9s\u00e9vel azok sz\u00e1m\u00e1ra, akik szeretn\u00e9nek leszokni a doh\u00e1nyz\u00e1sr\u00f3l, mik\u00f6zben t\u00e1mogatj\u00e1k a p\u00e1ciens \u00f6sszes szerv\u00e9t \u00e9s rendszer\u00e9t az optim\u00e1lis eg\u00e9szs\u00e9g \u00e9rdek\u00e9ben. K\u00f6ztudott, hogy a doh\u00e1nyz\u00e1s sz\u00e1mos negat\u00edv hat\u00e1ssal j\u00e1rhat az eg\u00e9szs\u00e9g\u00e9re, p\u00e9ld\u00e1ul n\u00f6velheti a s\u00falyos betegs\u00e9gek, p\u00e9ld\u00e1ul a [&hellip;]<!-- AddThis Advanced Settings generic via filter on get_the_excerpt --><!-- AddThis Share Buttons generic via filter on get_the_excerpt --><\/p>\n","protected":false},"author":7,"featured_media":1033,"parent":38,"menu_order":100,"comment_status":"closed","ping_status":"closed","template":"","meta":{"inline_featured_image":false},"yoast_head":"<!-- This site is optimized with the Yoast SEO plugin v20.6 - https:\/\/yoast.com\/wordpress\/plugins\/seo\/ -->\n<title>DOH\u00c1NYZ\u00c1SR\u00d3L VAL\u00d3 LESZOK\u00c1S &mdash; programs for our devices Quantum Medical<\/title>\n<meta name=\"description\" content=\"The special Stop Smoking application on the ED.X and NUCLEUS has been designed to reduce the stress through brain wave training\" \/>\n<meta name=\"robots\" content=\"index, follow, max-snippet:-1, max-image-preview:large, max-video-preview:-1\" \/>\n<link rel=\"canonical\" href=\"https:\/\/hu.quantum-medical.eu\/index.php\/programs-for-the-eductor1-and-nucleus-devices\/stop-smoking\/\" \/>\n<meta property=\"og:locale\" content=\"en_US\" \/>\n<meta property=\"og:type\" content=\"article\" \/>\n<meta property=\"og:title\" content=\"DOH\u00c1NYZ\u00c1SR\u00d3L VAL\u00d3 LESZOK\u00c1S &mdash; programs for our devices Quantum Medical\" \/>\n<meta property=\"og:description\" content=\"The special Stop Smoking application on the ED.X and NUCLEUS has been designed to reduce the stress through brain wave training\" \/>\n<meta property=\"og:url\" content=\"https:\/\/hu.quantum-medical.eu\/index.php\/programs-for-the-eductor1-and-nucleus-devices\/stop-smoking\/\" \/>\n<meta property=\"og:site_name\" content=\"Quantum Medical\" \/>\n<meta property=\"article:publisher\" content=\"https:\/\/www.facebook.com\/QuantumMedEU\" \/>\n<meta property=\"article:modified_time\" content=\"2022-09-28T07:27:19+00:00\" \/>\n<meta property=\"og:image\" content=\"https:\/\/hu.quantum-medical.eu\/wp-content\/uploads\/2021\/03\/image-2.png\" \/>\n\t<meta property=\"og:image:width\" content=\"766\" \/>\n\t<meta property=\"og:image:height\" content=\"693\" \/>\n\t<meta property=\"og:image:type\" content=\"image\/png\" \/>\n<meta name=\"twitter:card\" content=\"summary_large_image\" \/>\n<meta name=\"twitter:site\" content=\"@QuantumMedEU\" \/>\n<meta name=\"twitter:label1\" content=\"Est. reading time\" \/>\n\t<meta name=\"twitter:data1\" content=\"4 minutes\" \/>\n<script type=\"application\/ld+json\" class=\"yoast-schema-graph\">{\"@context\":\"https:\/\/schema.org\",\"@graph\":[{\"@type\":\"WebPage\",\"@id\":\"https:\/\/hu.quantum-medical.eu\/index.php\/programs-for-the-eductor1-and-nucleus-devices\/stop-smoking\/\",\"url\":\"https:\/\/hu.quantum-medical.eu\/index.php\/programs-for-the-eductor1-and-nucleus-devices\/stop-smoking\/\",\"name\":\"DOH\u00c1NYZ\u00c1SR\u00d3L VAL\u00d3 LESZOK\u00c1S &mdash; programs for our devices Quantum Medical\",\"isPartOf\":{\"@id\":\"https:\/\/hu.quantum-medical.eu\/#website\"},\"datePublished\":\"2021-02-26T07:45:18+00:00\",\"dateModified\":\"2022-09-28T07:27:19+00:00\",\"description\":\"The special Stop Smoking application on the ED.X and NUCLEUS has been designed to reduce the stress through brain wave training\",\"breadcrumb\":{\"@id\":\"https:\/\/hu.quantum-medical.eu\/index.php\/programs-for-the-eductor1-and-nucleus-devices\/stop-smoking\/#breadcrumb\"},\"inLanguage\":\"en-US\",\"potentialAction\":[{\"@type\":\"ReadAction\",\"target\":[\"https:\/\/hu.quantum-medical.eu\/index.php\/programs-for-the-eductor1-and-nucleus-devices\/stop-smoking\/\"]}]},{\"@type\":\"BreadcrumbList\",\"@id\":\"https:\/\/hu.quantum-medical.eu\/index.php\/programs-for-the-eductor1-and-nucleus-devices\/stop-smoking\/#breadcrumb\",\"itemListElement\":[{\"@type\":\"ListItem\",\"position\":1,\"name\":\"Home\",\"item\":\"https:\/\/hu.quantum-medical.eu\/\"},{\"@type\":\"ListItem\",\"position\":2,\"name\":\"Programok\",\"item\":\"https:\/\/hu.quantum-medical.eu\/index.php\/programs-for-the-eductor1-and-nucleus-devices\/\"},{\"@type\":\"ListItem\",\"position\":3,\"name\":\"DOH\u00c1NYZ\u00c1SR\u00d3L VAL\u00d3 LESZOK\u00c1S\"}]},{\"@type\":\"WebSite\",\"@id\":\"https:\/\/hu.quantum-medical.eu\/#website\",\"url\":\"https:\/\/hu.quantum-medical.eu\/\",\"name\":\"Quantum Medical\",\"description\":\"\",\"publisher\":{\"@id\":\"https:\/\/hu.quantum-medical.eu\/#organization\"},\"potentialAction\":[{\"@type\":\"SearchAction\",\"target\":{\"@type\":\"EntryPoint\",\"urlTemplate\":\"https:\/\/hu.quantum-medical.eu\/?s={search_term_string}\"},\"query-input\":\"required name=search_term_string\"}],\"inLanguage\":\"en-US\"},{\"@type\":\"Organization\",\"@id\":\"https:\/\/hu.quantum-medical.eu\/#organization\",\"name\":\"Quantum Medical SRL\",\"url\":\"https:\/\/hu.quantum-medical.eu\/\",\"logo\":{\"@type\":\"ImageObject\",\"inLanguage\":\"en-US\",\"@id\":\"https:\/\/hu.quantum-medical.eu\/#\/schema\/logo\/image\/\",\"url\":\"https:\/\/hu.quantum-medical.eu\/wp-content\/uploads\/2021\/05\/Quantum-Medical-logo-1.svg\",\"contentUrl\":\"https:\/\/hu.quantum-medical.eu\/wp-content\/uploads\/2021\/05\/Quantum-Medical-logo-1.svg\",\"width\":1,\"height\":1,\"caption\":\"Quantum Medical SRL\"},\"image\":{\"@id\":\"https:\/\/hu.quantum-medical.eu\/#\/schema\/logo\/image\/\"},\"sameAs\":[\"https:\/\/www.facebook.com\/QuantumMedEU\",\"https:\/\/twitter.com\/QuantumMedEU\",\"https:\/\/www.youtube.com\/channel\/UCZTJzN8-w3F6DHAt2jh67oA\",\"https:\/\/www.instagram.com\/quantum_medical\/\"]}]}<\/script>\n<!-- \/ Yoast SEO plugin. -->","yoast_head_json":{"title":"DOH\u00c1NYZ\u00c1SR\u00d3L VAL\u00d3 LESZOK\u00c1S &mdash; programs for our devices Quantum Medical","description":"The special Stop Smoking application on the ED.X and NUCLEUS has been designed to reduce the stress through brain wave training","robots":{"index":"index","follow":"follow","max-snippet":"max-snippet:-1","max-image-preview":"max-image-preview:large","max-video-preview":"max-video-preview:-1"},"canonical":"https:\/\/hu.quantum-medical.eu\/index.php\/programs-for-the-eductor1-and-nucleus-devices\/stop-smoking\/","og_locale":"en_US","og_type":"article","og_title":"DOH\u00c1NYZ\u00c1SR\u00d3L VAL\u00d3 LESZOK\u00c1S &mdash; programs for our devices Quantum Medical","og_description":"The special Stop Smoking application on the ED.X and NUCLEUS has been designed to reduce the stress through brain wave training","og_url":"https:\/\/hu.quantum-medical.eu\/index.php\/programs-for-the-eductor1-and-nucleus-devices\/stop-smoking\/","og_site_name":"Quantum Medical","article_publisher":"https:\/\/www.facebook.com\/QuantumMedEU","article_modified_time":"2022-09-28T07:27:19+00:00","og_image":[{"width":766,"height":693,"url":"https:\/\/hu.quantum-medical.eu\/wp-content\/uploads\/2021\/03\/image-2.png","type":"image\/png"}],"twitter_card":"summary_large_image","twitter_site":"@QuantumMedEU","twitter_misc":{"Est. reading time":"4 minutes"},"schema":{"@context":"https:\/\/schema.org","@graph":[{"@type":"WebPage","@id":"https:\/\/hu.quantum-medical.eu\/index.php\/programs-for-the-eductor1-and-nucleus-devices\/stop-smoking\/","url":"https:\/\/hu.quantum-medical.eu\/index.php\/programs-for-the-eductor1-and-nucleus-devices\/stop-smoking\/","name":"DOH\u00c1NYZ\u00c1SR\u00d3L VAL\u00d3 LESZOK\u00c1S &mdash; programs for our devices Quantum Medical","isPartOf":{"@id":"https:\/\/hu.quantum-medical.eu\/#website"},"datePublished":"2021-02-26T07:45:18+00:00","dateModified":"2022-09-28T07:27:19+00:00","description":"The special Stop Smoking application on the ED.X and NUCLEUS has been designed to reduce the stress through brain wave training","breadcrumb":{"@id":"https:\/\/hu.quantum-medical.eu\/index.php\/programs-for-the-eductor1-and-nucleus-devices\/stop-smoking\/#breadcrumb"},"inLanguage":"en-US","potentialAction":[{"@type":"ReadAction","target":["https:\/\/hu.quantum-medical.eu\/index.php\/programs-for-the-eductor1-and-nucleus-devices\/stop-smoking\/"]}]},{"@type":"BreadcrumbList","@id":"https:\/\/hu.quantum-medical.eu\/index.php\/programs-for-the-eductor1-and-nucleus-devices\/stop-smoking\/#breadcrumb","itemListElement":[{"@type":"ListItem","position":1,"name":"Home","item":"https:\/\/hu.quantum-medical.eu\/"},{"@type":"ListItem","position":2,"name":"Programok","item":"https:\/\/hu.quantum-medical.eu\/index.php\/programs-for-the-eductor1-and-nucleus-devices\/"},{"@type":"ListItem","position":3,"name":"DOH\u00c1NYZ\u00c1SR\u00d3L VAL\u00d3 LESZOK\u00c1S"}]},{"@type":"WebSite","@id":"https:\/\/hu.quantum-medical.eu\/#website","url":"https:\/\/hu.quantum-medical.eu\/","name":"Quantum Medical","description":"","publisher":{"@id":"https:\/\/hu.quantum-medical.eu\/#organization"},"potentialAction":[{"@type":"SearchAction","target":{"@type":"EntryPoint","urlTemplate":"https:\/\/hu.quantum-medical.eu\/?s={search_term_string}"},"query-input":"required name=search_term_string"}],"inLanguage":"en-US"},{"@type":"Organization","@id":"https:\/\/hu.quantum-medical.eu\/#organization","name":"Quantum Medical SRL","url":"https:\/\/hu.quantum-medical.eu\/","logo":{"@type":"ImageObject","inLanguage":"en-US","@id":"https:\/\/hu.quantum-medical.eu\/#\/schema\/logo\/image\/","url":"https:\/\/hu.quantum-medical.eu\/wp-content\/uploads\/2021\/05\/Quantum-Medical-logo-1.svg","contentUrl":"https:\/\/hu.quantum-medical.eu\/wp-content\/uploads\/2021\/05\/Quantum-Medical-logo-1.svg","width":1,"height":1,"caption":"Quantum Medical SRL"},"image":{"@id":"https:\/\/hu.quantum-medical.eu\/#\/schema\/logo\/image\/"},"sameAs":["https:\/\/www.facebook.com\/QuantumMedEU","https:\/\/twitter.com\/QuantumMedEU","https:\/\/www.youtube.com\/channel\/UCZTJzN8-w3F6DHAt2jh67oA","https:\/\/www.instagram.com\/quantum_medical\/"]}]}},"builder_content":"<a href=\"https:\/\/hu.quantum-medical.eu\/index.php\/contact\/\" > V\u00c1S\u00c1ROLJ MOST <\/a>","_links":{"self":[{"href":"https:\/\/hu.quantum-medical.eu\/index.php\/wp-json\/wp\/v2\/pages\/2"}],"collection":[{"href":"https:\/\/hu.quantum-medical.eu\/index.php\/wp-json\/wp\/v2\/pages"}],"about":[{"href":"https:\/\/hu.quantum-medical.eu\/index.php\/wp-json\/wp\/v2\/types\/page"}],"author":[{"embeddable":true,"href":"https:\/\/hu.quantum-medical.eu\/index.php\/wp-json\/wp\/v2\/users\/7"}],"replies":[{"embeddable":true,"href":"https:\/\/hu.quantum-medical.eu\/index.php\/wp-json\/wp\/v2\/comments?post=2"}],"version-history":[{"count":38,"href":"https:\/\/hu.quantum-medical.eu\/index.php\/wp-json\/wp\/v2\/pages\/2\/revisions"}],"predecessor-version":[{"id":3556,"href":"https:\/\/hu.quantum-medical.eu\/index.php\/wp-json\/wp\/v2\/pages\/2\/revisions\/3556"}],"up":[{"embeddable":true,"href":"https:\/\/hu.quantum-medical.eu\/index.php\/wp-json\/wp\/v2\/pages\/38"}],"wp:featuredmedia":[{"embeddable":true,"href":"https:\/\/hu.quantum-medical.eu\/index.php\/wp-json\/wp\/v2\/media\/1033"}],"wp:attachment":[{"href":"https:\/\/hu.quantum-medical.eu\/index.php\/wp-json\/wp\/v2\/media?parent=2"}],"curies":[{"name":"wp","href":"https:\/\/api.w.org\/{rel}","templated":true}]}}