{"id":1609,"date":"2021-04-12T08:29:19","date_gmt":"2021-04-12T08:29:19","guid":{"rendered":"https:\/\/hu.quantum-medical.eu\/?page_id=1609"},"modified":"2022-09-27T07:08:32","modified_gmt":"2022-09-27T07:08:32","slug":"disease-dictionary","status":"publish","type":"page","link":"https:\/\/hu.quantum-medical.eu\/index.php\/programs-for-the-eductor1-and-nucleus-devices\/disease-dictionary\/","title":{"rendered":"BETEGS\u00c9GEK SZ\u00d3T\u00c1RA"},"content":{"rendered":"<p>A BETEGS\u00c9GEK SZ\u00d3T\u00c1RA egy \u00fajabb speci\u00e1lis kieg\u00e9sz\u00edt\u0151 alkalmaz\u00e1s, amely fokozza \u00e9s kieg\u00e9sz\u00edti az <a href=\"https:\/\/hu.quantum-medical.eu\/index.php\/devices\/eductor1-quantum-biofeedback-system\/\">ED.X <\/a> \u00e9s <a href=\"https:\/\/hu.quantum-medical.eu\/index.php\/devices\/nucleus-quantum-biofeedback-system\/\">NUCLEUS<\/a> eszk\u00f6z\u00f6kkel v\u00e9gzett ter\u00e1pi\u00e1t.<\/p>\n\n\n\n<p>A Betegs\u00e9gsz\u00f3t\u00e1r olyan betegs\u00e9gek k\u00f6nyvt\u00e1r\u00e1t tartalmazza, amelyek kezelhet\u0151k, \u00e9s nagyon hasznosak abban, hogy a ter\u00e1pi\u00e1ra \u00f6sszpontos\u00edtson, a tudattalan v\u00e1laszt\u00e1s lehet\u0151s\u00e9g\u00e9vel.<\/p>\n\n\n\n<p>Ezen k\u00edv\u00fcl v\u00e1laszthat a k\u00fcl\u00f6nb\u00f6z\u0151 ter\u00e1pi\u00e1s \u00e9s t\u00e1j\u00e9koztat\u00f3 panelek k\u00f6z\u00fcl, mint p\u00e9ld\u00e1ul a <a href=\"https:\/\/en.wikipedia.org\/wiki\/Traditional_Chinese_medicine\">Keleti K\u00ednai akupunktura<\/a>, ment\u00e1lis korrekci\u00f3ra vonatkoz\u00f3 ig\u00e9nyek, lehets\u00e9ges ment\u00e1lis okok, orvosi defin\u00edci\u00f3k, kiropraktika \u00e9s oszteop\u00e1ti\u00e1s kiigaz\u00edt\u00e1sok, ICD 9 k\u00f3dok, elektroakupunkt\u00fara, Dr. Barefoot k\u00ednai program, homeop\u00e1tia, viselked\u00e9si gy\u00f3gy\u00e1szat \u00e9s term\u00e9szetgy\u00f3gy\u00e1szat, amelyek k\u00f6z\u00fcl v\u00e1laszthat az egyes betegs\u00e9gek kezel\u00e9s\u00e9hez a k\u00f6vetkez\u0151kkel: lehet\u0151s\u00e9ge van arra is, hogy a kliens\u00e9nek legink\u00e1bb megfelel\u0151 ter\u00e1piat\u00edpust alkalmazza.<\/p>\n\n\n\n<p>Az ehhez hasonl\u00f3 kieg\u00e9sz\u00edt\u0151 ter\u00e1pi\u00e1k l\u00e9tfontoss\u00e1g\u00faak a ter\u00e1pia sor\u00e1n, er\u0151sebb, prec\u00edzebb \u00e9s f\u00f3kusz\u00e1ltabb hat\u00e1st biztos\u00edtva a ter\u00e1pia sz\u00e1m\u00e1ra.<\/p>\n\n\n\n<p>A <strong>BETEGS\u00c9GEK SZ\u00d3T\u00c1RA<\/strong> program a <strong>NUCLEUS<\/strong> k\u00e9sz\u00fcl\u00e9k v\u00e1s\u00e1rl\u00e1sa eset\u00e9n <strong>INGYENES<\/strong>, \u00e9s <strong>1000 euro\u00e9rt<\/strong> megv\u00e1s\u00e1rolhat\u00f3 az <strong>ED.X-hez<\/strong>. A modul megv\u00e1s\u00e1rl\u00e1s\u00e1hoz vedd fel vel\u00fcnk a <a href=\"https:\/\/hu.quantum-medical.eu\/index.php\/contact\/\">kapcsolatot<\/a>.<\/p>\n\n<!--themify_builder_content-->\n<div id=\"themify_builder_content-1609\" data-postid=\"1609\" class=\"themify_builder_content themify_builder_content-1609 themify_builder tf_clear\">\n    \t<!-- module_row -->\n\t<div  data-lazy=\"1\" class=\"module_row themify_builder_row tb_4vgm804 tb_first tf_clearfix\">\n\t    \t\t<div class=\"row_inner col_align_top col-count-1 tf_box tf_w tf_rel\">\n\t\t\t<div  data-lazy=\"1\" class=\"module_column tb-column col-full first tb_3c1f806 tf_box\">\n\t\t\t    \t        <div class=\"tb-column-inner tf_box tf_w\">\n\t\t    <!-- module buttons -->\n<div  class=\"module module-buttons tb_p05m806 buttons-horizontal solid  circle buttons-fullwidth hover-wow wow\" data-tf-animation_hover=\"pulse\" data-tf-animation=\"bounce\" data-tf-animation_delay=\"1\" data-lazy=\"1\">\n    \t<div class=\"module-buttons-item tf_inline_b\">\n\t\t\t\t\t\t\t<a href=\"https:\/\/hu.quantum-medical.eu\/index.php\/contact\/\" class=\"ui builder_button black\" >\n\t\t\t\t\t\t\t\t\t\t\t<span class=\"tf_inline_b tf_vmiddle\">V\u00c1S\u00c1ROLJ MOST<\/span>\n\t\t\t\t\t\t\t\t\t\t\t<\/a>\n\t\t\t    \t<\/div>\n\t<\/div>\n<!-- \/module buttons -->\n\t        <\/div>\n\t    \t<\/div>\n\t\t    <\/div>\n\t    <!-- \/row_inner -->\n\t<\/div>\n\t<!-- \/module_row -->\n\t<\/div>\n<!--\/themify_builder_content-->\n\n\n<p><\/p><!-- AddThis Advanced Settings generic via filter on the_content --><!-- AddThis Share Buttons generic via filter on the_content -->","protected":false},"excerpt":{"rendered":"<p>A BETEGS\u00c9GEK SZ\u00d3T\u00c1RA egy \u00fajabb speci\u00e1lis kieg\u00e9sz\u00edt\u0151 alkalmaz\u00e1s, amely fokozza \u00e9s kieg\u00e9sz\u00edti az ED.X \u00e9s NUCLEUS eszk\u00f6z\u00f6kkel v\u00e9gzett ter\u00e1pi\u00e1t. A Betegs\u00e9gsz\u00f3t\u00e1r olyan betegs\u00e9gek k\u00f6nyvt\u00e1r\u00e1t tartalmazza, amelyek kezelhet\u0151k, \u00e9s nagyon hasznosak abban, hogy a ter\u00e1pi\u00e1ra \u00f6sszpontos\u00edtson, a tudattalan v\u00e1laszt\u00e1s lehet\u0151s\u00e9g\u00e9vel. Ezen k\u00edv\u00fcl v\u00e1laszthat a k\u00fcl\u00f6nb\u00f6z\u0151 ter\u00e1pi\u00e1s \u00e9s t\u00e1j\u00e9koztat\u00f3 panelek k\u00f6z\u00fcl, mint p\u00e9ld\u00e1ul a Keleti K\u00ednai akupunktura, [&hellip;]<!-- AddThis Advanced Settings generic via filter on get_the_excerpt --><!-- AddThis Share Buttons generic via filter on get_the_excerpt --><\/p>\n","protected":false},"author":2,"featured_media":1610,"parent":38,"menu_order":120,"comment_status":"closed","ping_status":"closed","template":"","meta":{"inline_featured_image":false},"yoast_head":"<!-- This site is optimized with the Yoast SEO plugin v20.6 - https:\/\/yoast.com\/wordpress\/plugins\/seo\/ -->\n<title>BETEGS\u00c9GEK SZ\u00d3T\u00c1RA &mdash; programs for our devices Quantum Medical<\/title>\n<meta name=\"description\" content=\"The Disease Dictionary is yet another special adjunct application enhancing and complimenting therapy with the ED.X and NUCLEUS devices.\" \/>\n<meta name=\"robots\" content=\"index, follow, max-snippet:-1, max-image-preview:large, max-video-preview:-1\" \/>\n<link rel=\"canonical\" href=\"https:\/\/hu.quantum-medical.eu\/index.php\/programs-for-the-eductor1-and-nucleus-devices\/disease-dictionary\/\" \/>\n<meta property=\"og:locale\" content=\"en_US\" \/>\n<meta property=\"og:type\" content=\"article\" \/>\n<meta property=\"og:title\" content=\"BETEGS\u00c9GEK SZ\u00d3T\u00c1RA &mdash; programs for our devices Quantum Medical\" \/>\n<meta property=\"og:description\" content=\"The Disease Dictionary is yet another special adjunct application enhancing and complimenting therapy with the ED.X and NUCLEUS devices.\" \/>\n<meta property=\"og:url\" content=\"https:\/\/hu.quantum-medical.eu\/index.php\/programs-for-the-eductor1-and-nucleus-devices\/disease-dictionary\/\" \/>\n<meta property=\"og:site_name\" content=\"Quantum Medical\" \/>\n<meta property=\"article:publisher\" content=\"https:\/\/www.facebook.com\/QuantumMedEU\" \/>\n<meta property=\"article:modified_time\" content=\"2022-09-27T07:08:32+00:00\" \/>\n<meta property=\"og:image\" content=\"https:\/\/hu.quantum-medical.eu\/wp-content\/uploads\/2021\/04\/dd.jpg\" \/>\n\t<meta property=\"og:image:width\" content=\"2000\" \/>\n\t<meta property=\"og:image:height\" content=\"1265\" \/>\n\t<meta property=\"og:image:type\" content=\"image\/jpeg\" \/>\n<meta name=\"twitter:card\" content=\"summary_large_image\" \/>\n<meta name=\"twitter:site\" content=\"@QuantumMedEU\" \/>\n<meta name=\"twitter:label1\" content=\"Est. reading time\" \/>\n\t<meta name=\"twitter:data1\" content=\"1 minute\" \/>\n<script type=\"application\/ld+json\" class=\"yoast-schema-graph\">{\"@context\":\"https:\/\/schema.org\",\"@graph\":[{\"@type\":\"WebPage\",\"@id\":\"https:\/\/hu.quantum-medical.eu\/index.php\/programs-for-the-eductor1-and-nucleus-devices\/disease-dictionary\/\",\"url\":\"https:\/\/hu.quantum-medical.eu\/index.php\/programs-for-the-eductor1-and-nucleus-devices\/disease-dictionary\/\",\"name\":\"BETEGS\u00c9GEK SZ\u00d3T\u00c1RA &mdash; programs for our devices Quantum Medical\",\"isPartOf\":{\"@id\":\"https:\/\/hu.quantum-medical.eu\/#website\"},\"datePublished\":\"2021-04-12T08:29:19+00:00\",\"dateModified\":\"2022-09-27T07:08:32+00:00\",\"description\":\"The Disease Dictionary is yet another special adjunct application enhancing and complimenting therapy with the ED.X and NUCLEUS devices.\",\"breadcrumb\":{\"@id\":\"https:\/\/hu.quantum-medical.eu\/index.php\/programs-for-the-eductor1-and-nucleus-devices\/disease-dictionary\/#breadcrumb\"},\"inLanguage\":\"en-US\",\"potentialAction\":[{\"@type\":\"ReadAction\",\"target\":[\"https:\/\/hu.quantum-medical.eu\/index.php\/programs-for-the-eductor1-and-nucleus-devices\/disease-dictionary\/\"]}]},{\"@type\":\"BreadcrumbList\",\"@id\":\"https:\/\/hu.quantum-medical.eu\/index.php\/programs-for-the-eductor1-and-nucleus-devices\/disease-dictionary\/#breadcrumb\",\"itemListElement\":[{\"@type\":\"ListItem\",\"position\":1,\"name\":\"Home\",\"item\":\"https:\/\/hu.quantum-medical.eu\/\"},{\"@type\":\"ListItem\",\"position\":2,\"name\":\"Programok\",\"item\":\"https:\/\/hu.quantum-medical.eu\/index.php\/programs-for-the-eductor1-and-nucleus-devices\/\"},{\"@type\":\"ListItem\",\"position\":3,\"name\":\"BETEGS\u00c9GEK SZ\u00d3T\u00c1RA\"}]},{\"@type\":\"WebSite\",\"@id\":\"https:\/\/hu.quantum-medical.eu\/#website\",\"url\":\"https:\/\/hu.quantum-medical.eu\/\",\"name\":\"Quantum Medical\",\"description\":\"\",\"publisher\":{\"@id\":\"https:\/\/hu.quantum-medical.eu\/#organization\"},\"potentialAction\":[{\"@type\":\"SearchAction\",\"target\":{\"@type\":\"EntryPoint\",\"urlTemplate\":\"https:\/\/hu.quantum-medical.eu\/?s={search_term_string}\"},\"query-input\":\"required name=search_term_string\"}],\"inLanguage\":\"en-US\"},{\"@type\":\"Organization\",\"@id\":\"https:\/\/hu.quantum-medical.eu\/#organization\",\"name\":\"Quantum Medical SRL\",\"url\":\"https:\/\/hu.quantum-medical.eu\/\",\"logo\":{\"@type\":\"ImageObject\",\"inLanguage\":\"en-US\",\"@id\":\"https:\/\/hu.quantum-medical.eu\/#\/schema\/logo\/image\/\",\"url\":\"https:\/\/hu.quantum-medical.eu\/wp-content\/uploads\/2021\/05\/Quantum-Medical-logo-1.svg\",\"contentUrl\":\"https:\/\/hu.quantum-medical.eu\/wp-content\/uploads\/2021\/05\/Quantum-Medical-logo-1.svg\",\"width\":1,\"height\":1,\"caption\":\"Quantum Medical SRL\"},\"image\":{\"@id\":\"https:\/\/hu.quantum-medical.eu\/#\/schema\/logo\/image\/\"},\"sameAs\":[\"https:\/\/www.facebook.com\/QuantumMedEU\",\"https:\/\/twitter.com\/QuantumMedEU\",\"https:\/\/www.youtube.com\/channel\/UCZTJzN8-w3F6DHAt2jh67oA\",\"https:\/\/www.instagram.com\/quantum_medical\/\"]}]}<\/script>\n<!-- \/ Yoast SEO plugin. -->","yoast_head_json":{"title":"BETEGS\u00c9GEK SZ\u00d3T\u00c1RA &mdash; programs for our devices Quantum Medical","description":"The Disease Dictionary is yet another special adjunct application enhancing and complimenting therapy with the ED.X and NUCLEUS devices.","robots":{"index":"index","follow":"follow","max-snippet":"max-snippet:-1","max-image-preview":"max-image-preview:large","max-video-preview":"max-video-preview:-1"},"canonical":"https:\/\/hu.quantum-medical.eu\/index.php\/programs-for-the-eductor1-and-nucleus-devices\/disease-dictionary\/","og_locale":"en_US","og_type":"article","og_title":"BETEGS\u00c9GEK SZ\u00d3T\u00c1RA &mdash; programs for our devices Quantum Medical","og_description":"The Disease Dictionary is yet another special adjunct application enhancing and complimenting therapy with the ED.X and NUCLEUS devices.","og_url":"https:\/\/hu.quantum-medical.eu\/index.php\/programs-for-the-eductor1-and-nucleus-devices\/disease-dictionary\/","og_site_name":"Quantum Medical","article_publisher":"https:\/\/www.facebook.com\/QuantumMedEU","article_modified_time":"2022-09-27T07:08:32+00:00","og_image":[{"width":2000,"height":1265,"url":"https:\/\/hu.quantum-medical.eu\/wp-content\/uploads\/2021\/04\/dd.jpg","type":"image\/jpeg"}],"twitter_card":"summary_large_image","twitter_site":"@QuantumMedEU","twitter_misc":{"Est. reading time":"1 minute"},"schema":{"@context":"https:\/\/schema.org","@graph":[{"@type":"WebPage","@id":"https:\/\/hu.quantum-medical.eu\/index.php\/programs-for-the-eductor1-and-nucleus-devices\/disease-dictionary\/","url":"https:\/\/hu.quantum-medical.eu\/index.php\/programs-for-the-eductor1-and-nucleus-devices\/disease-dictionary\/","name":"BETEGS\u00c9GEK SZ\u00d3T\u00c1RA &mdash; programs for our devices Quantum Medical","isPartOf":{"@id":"https:\/\/hu.quantum-medical.eu\/#website"},"datePublished":"2021-04-12T08:29:19+00:00","dateModified":"2022-09-27T07:08:32+00:00","description":"The Disease Dictionary is yet another special adjunct application enhancing and complimenting therapy with the ED.X and NUCLEUS devices.","breadcrumb":{"@id":"https:\/\/hu.quantum-medical.eu\/index.php\/programs-for-the-eductor1-and-nucleus-devices\/disease-dictionary\/#breadcrumb"},"inLanguage":"en-US","potentialAction":[{"@type":"ReadAction","target":["https:\/\/hu.quantum-medical.eu\/index.php\/programs-for-the-eductor1-and-nucleus-devices\/disease-dictionary\/"]}]},{"@type":"BreadcrumbList","@id":"https:\/\/hu.quantum-medical.eu\/index.php\/programs-for-the-eductor1-and-nucleus-devices\/disease-dictionary\/#breadcrumb","itemListElement":[{"@type":"ListItem","position":1,"name":"Home","item":"https:\/\/hu.quantum-medical.eu\/"},{"@type":"ListItem","position":2,"name":"Programok","item":"https:\/\/hu.quantum-medical.eu\/index.php\/programs-for-the-eductor1-and-nucleus-devices\/"},{"@type":"ListItem","position":3,"name":"BETEGS\u00c9GEK SZ\u00d3T\u00c1RA"}]},{"@type":"WebSite","@id":"https:\/\/hu.quantum-medical.eu\/#website","url":"https:\/\/hu.quantum-medical.eu\/","name":"Quantum Medical","description":"","publisher":{"@id":"https:\/\/hu.quantum-medical.eu\/#organization"},"potentialAction":[{"@type":"SearchAction","target":{"@type":"EntryPoint","urlTemplate":"https:\/\/hu.quantum-medical.eu\/?s={search_term_string}"},"query-input":"required name=search_term_string"}],"inLanguage":"en-US"},{"@type":"Organization","@id":"https:\/\/hu.quantum-medical.eu\/#organization","name":"Quantum Medical SRL","url":"https:\/\/hu.quantum-medical.eu\/","logo":{"@type":"ImageObject","inLanguage":"en-US","@id":"https:\/\/hu.quantum-medical.eu\/#\/schema\/logo\/image\/","url":"https:\/\/hu.quantum-medical.eu\/wp-content\/uploads\/2021\/05\/Quantum-Medical-logo-1.svg","contentUrl":"https:\/\/hu.quantum-medical.eu\/wp-content\/uploads\/2021\/05\/Quantum-Medical-logo-1.svg","width":1,"height":1,"caption":"Quantum Medical SRL"},"image":{"@id":"https:\/\/hu.quantum-medical.eu\/#\/schema\/logo\/image\/"},"sameAs":["https:\/\/www.facebook.com\/QuantumMedEU","https:\/\/twitter.com\/QuantumMedEU","https:\/\/www.youtube.com\/channel\/UCZTJzN8-w3F6DHAt2jh67oA","https:\/\/www.instagram.com\/quantum_medical\/"]}]}},"builder_content":"<a href=\"https:\/\/hu.quantum-medical.eu\/index.php\/contact\/\" > V\u00c1S\u00c1ROLJ MOST <\/a>","_links":{"self":[{"href":"https:\/\/hu.quantum-medical.eu\/index.php\/wp-json\/wp\/v2\/pages\/1609"}],"collection":[{"href":"https:\/\/hu.quantum-medical.eu\/index.php\/wp-json\/wp\/v2\/pages"}],"about":[{"href":"https:\/\/hu.quantum-medical.eu\/index.php\/wp-json\/wp\/v2\/types\/page"}],"author":[{"embeddable":true,"href":"https:\/\/hu.quantum-medical.eu\/index.php\/wp-json\/wp\/v2\/users\/2"}],"replies":[{"embeddable":true,"href":"https:\/\/hu.quantum-medical.eu\/index.php\/wp-json\/wp\/v2\/comments?post=1609"}],"version-history":[{"count":19,"href":"https:\/\/hu.quantum-medical.eu\/index.php\/wp-json\/wp\/v2\/pages\/1609\/revisions"}],"predecessor-version":[{"id":3292,"href":"https:\/\/hu.quantum-medical.eu\/index.php\/wp-json\/wp\/v2\/pages\/1609\/revisions\/3292"}],"up":[{"embeddable":true,"href":"https:\/\/hu.quantum-medical.eu\/index.php\/wp-json\/wp\/v2\/pages\/38"}],"wp:featuredmedia":[{"embeddable":true,"href":"https:\/\/hu.quantum-medical.eu\/index.php\/wp-json\/wp\/v2\/media\/1610"}],"wp:attachment":[{"href":"https:\/\/hu.quantum-medical.eu\/index.php\/wp-json\/wp\/v2\/media?parent=1609"}],"curies":[{"name":"wp","href":"https:\/\/api.w.org\/{rel}","templated":true}]}}