{"id":1525,"date":"2021-04-09T07:10:25","date_gmt":"2021-04-09T07:10:25","guid":{"rendered":"https:\/\/hu.quantum-medical.eu\/?page_id=1525"},"modified":"2022-09-26T08:14:38","modified_gmt":"2022-09-26T08:14:38","slug":"body-viewer","status":"publish","type":"page","link":"https:\/\/hu.quantum-medical.eu\/index.php\/programs-for-the-eductor1-and-nucleus-devices\/body-viewer\/","title":{"rendered":"TESTN\u00c9Z\u0150"},"content":{"rendered":"<p>A <strong>Testn\u00e9z\u0151<\/strong> egy speci\u00e1lis alkalmaz\u00e1s, amely jav\u00edtja \u00e9s kieg\u00e9sz\u00edti a ter\u00e1pi\u00e1t az\u00e1ltal, hogy hozz\u00e1adott finom frekvenci\u00e1kat k\u00fcld a programok t\u00e1mogat\u00e1s\u00e1ra \u00e9s \u00e1tfed\u00e9s\u00e9re olyan ter\u00fcleteken, mint a test, a csakr\u00e1k, a meridi\u00e1nok \u00e9s az aura. Ezenk\u00edv\u00fcl vizu\u00e1lis ingert hoz l\u00e9tre az \u00fcgyfele sz\u00e1m\u00e1ra, \u00e9s er\u0151teljes biofeedback v\u00e1laszt ad. Ha a kliens megfigyeli a folyamatot, az sokkal m\u00e9lyebb hat\u00e1ssal kapcsol\u00f3dik a gy\u00f3gyul\u00e1s\u00e1hoz, \u00e9s serkenti a fiziol\u00f3giai v\u00e1laszt.<\/p>\n\n\n\n<p>A <strong>Testn\u00e9z\u0151ben<\/strong> haszn\u00e1lhat\u00f3 programok elengedhetetlenek az optim\u00e1lis ter\u00e1pia el\u00e9r\u00e9s\u00e9hez az \u00fcl\u00e9s sor\u00e1n. Er\u0151s\u00edtve az izom-\u00e1tk\u00e9pz\u00e9st az elimin\u00e1ci\u00f3s utak \u00e9s az \u00f6sszes fontosabb szerv egyszerre futhat v\u00e9gig a foglalkoz\u00e1son. A tov\u00e1bbi ter\u00e1pi\u00e1k, mint p\u00e9ld\u00e1ul a degener\u00e1ci\u00f3 elleni, gyullad\u00e1scs\u00f6kkent\u0151, fert\u0151z\u00e9sellenes \u00e9s stresszold\u00f3, az \u00e9rzelmi megfontolatlans\u00e1g \u00e9s a v\u00e9dekez\u00e9si mechanizmusok al\u00e1\u00edr\u00e1sa mellett szint\u00e9n a ter\u00e1pia egyik f\u00f3kusz\u00e1t k\u00e9pezik. Komplett gerincprogramok \u00e9s egy\u00e9b programok is rendelkez\u00e9sre \u00e1llnak, amelyek a f\u00e1jdalmas, gyullad\u00e1sos vagy degener\u00e1ci\u00f3s ter\u00fcletekre \u00f6sszpontos\u00edtanak.<\/p>\n\n\n\n<p>A <strong>Testn\u00e9z\u0151<\/strong> program a <strong>NUCLEUS<\/strong> k\u00e9sz\u00fcl\u00e9k v\u00e1s\u00e1rl\u00e1sa eset\u00e9n<strong> INGYENES<\/strong> \u00e9s <strong>1500<\/strong> eur\u00f3\u00e9rt megv\u00e1s\u00e1rolhat\u00f3 az <strong>ED.X<\/strong>-hez. A modul megv\u00e1s\u00e1rl\u00e1s\u00e1hoz vedd fel vel\u00fcnk a <a href=\"https:\/\/hu.quantum-medical.eu\/index.php\/contact\/\">kapcsolatot<\/a>.<\/p>\n\n<!--themify_builder_content-->\n<div id=\"themify_builder_content-1525\" data-postid=\"1525\" class=\"themify_builder_content themify_builder_content-1525 themify_builder tf_clear\">\n    \t<!-- module_row -->\n\t<div  data-lazy=\"1\" class=\"module_row themify_builder_row tb_cz3076 tb_first tf_clearfix\">\n\t    \t\t<div class=\"row_inner col_align_top col-count-1 tf_box tf_w tf_rel\">\n\t\t\t<div  data-lazy=\"1\" class=\"module_column tb-column col-full first tb_cedc79 tf_box\">\n\t\t\t    \t        <div class=\"tb-column-inner tf_box tf_w\">\n\t\t    <!-- module buttons -->\n<div  class=\"module module-buttons tb_2i7w79 buttons-horizontal solid  circle buttons-fullwidth hover-wow wow\" data-tf-animation_hover=\"pulse\" data-tf-animation=\"bounce\" data-tf-animation_delay=\"1\" data-lazy=\"1\">\n    \t<div class=\"module-buttons-item tf_inline_b\">\n\t\t\t\t\t\t\t<a href=\"https:\/\/hu.quantum-medical.eu\/index.php\/contact\/\" class=\"ui builder_button black\" >\n\t\t\t\t\t\t\t\t\t\t\t<span class=\"tf_inline_b tf_vmiddle\"> V\u00c1S\u00c1ROLJ MOST<\/span>\n\t\t\t\t\t\t\t\t\t\t\t<\/a>\n\t\t\t    \t<\/div>\n\t<\/div>\n<!-- \/module buttons -->\n\t        <\/div>\n\t    \t<\/div>\n\t\t    <\/div>\n\t    <!-- \/row_inner -->\n\t<\/div>\n\t<!-- \/module_row -->\n\t<\/div>\n<!--\/themify_builder_content-->\n\n\n<p><\/p><!-- AddThis Advanced Settings generic via filter on the_content --><!-- AddThis Share Buttons generic via filter on the_content -->","protected":false},"excerpt":{"rendered":"<p>A Testn\u00e9z\u0151 egy speci\u00e1lis alkalmaz\u00e1s, amely jav\u00edtja \u00e9s kieg\u00e9sz\u00edti a ter\u00e1pi\u00e1t az\u00e1ltal, hogy hozz\u00e1adott finom frekvenci\u00e1kat k\u00fcld a programok t\u00e1mogat\u00e1s\u00e1ra \u00e9s \u00e1tfed\u00e9s\u00e9re olyan ter\u00fcleteken, mint a test, a csakr\u00e1k, a meridi\u00e1nok \u00e9s az aura. Ezenk\u00edv\u00fcl vizu\u00e1lis ingert hoz l\u00e9tre az \u00fcgyfele sz\u00e1m\u00e1ra, \u00e9s er\u0151teljes biofeedback v\u00e1laszt ad. Ha a kliens megfigyeli a folyamatot, az sokkal [&hellip;]<!-- AddThis Advanced Settings generic via filter on get_the_excerpt --><!-- AddThis Share Buttons generic via filter on get_the_excerpt --><\/p>\n","protected":false},"author":7,"featured_media":1526,"parent":38,"menu_order":120,"comment_status":"closed","ping_status":"closed","template":"","meta":{"inline_featured_image":false},"yoast_head":"<!-- This site is optimized with the Yoast SEO plugin v20.6 - https:\/\/yoast.com\/wordpress\/plugins\/seo\/ -->\n<title>TESTN\u00c9Z\u0150 &mdash; programs for our devices Quantum Medical<\/title>\n<meta name=\"description\" content=\"The Body Viewer is a special application enhancing and complimenting your therapy, sending added subtle frequencies to support your programs\" \/>\n<meta name=\"robots\" content=\"index, follow, max-snippet:-1, max-image-preview:large, max-video-preview:-1\" \/>\n<link rel=\"canonical\" href=\"https:\/\/hu.quantum-medical.eu\/index.php\/programs-for-the-eductor1-and-nucleus-devices\/body-viewer\/\" \/>\n<meta property=\"og:locale\" content=\"en_US\" \/>\n<meta property=\"og:type\" content=\"article\" \/>\n<meta property=\"og:title\" content=\"TESTN\u00c9Z\u0150 &mdash; programs for our devices Quantum Medical\" \/>\n<meta property=\"og:description\" content=\"The Body Viewer is a special application enhancing and complimenting your therapy, sending added subtle frequencies to support your programs\" \/>\n<meta property=\"og:url\" content=\"https:\/\/hu.quantum-medical.eu\/index.php\/programs-for-the-eductor1-and-nucleus-devices\/body-viewer\/\" \/>\n<meta property=\"og:site_name\" content=\"Quantum Medical\" \/>\n<meta property=\"article:publisher\" content=\"https:\/\/www.facebook.com\/QuantumMedEU\" \/>\n<meta property=\"article:modified_time\" content=\"2022-09-26T08:14:38+00:00\" \/>\n<meta property=\"og:image\" content=\"https:\/\/hu.quantum-medical.eu\/wp-content\/uploads\/2021\/04\/bw.jpg\" \/>\n\t<meta property=\"og:image:width\" content=\"2000\" \/>\n\t<meta property=\"og:image:height\" content=\"845\" \/>\n\t<meta property=\"og:image:type\" content=\"image\/jpeg\" \/>\n<meta name=\"twitter:card\" content=\"summary_large_image\" \/>\n<meta name=\"twitter:site\" content=\"@QuantumMedEU\" \/>\n<meta name=\"twitter:label1\" content=\"Est. reading time\" \/>\n\t<meta name=\"twitter:data1\" content=\"1 minute\" \/>\n<script type=\"application\/ld+json\" class=\"yoast-schema-graph\">{\"@context\":\"https:\/\/schema.org\",\"@graph\":[{\"@type\":\"WebPage\",\"@id\":\"https:\/\/hu.quantum-medical.eu\/index.php\/programs-for-the-eductor1-and-nucleus-devices\/body-viewer\/\",\"url\":\"https:\/\/hu.quantum-medical.eu\/index.php\/programs-for-the-eductor1-and-nucleus-devices\/body-viewer\/\",\"name\":\"TESTN\u00c9Z\u0150 &mdash; programs for our devices Quantum Medical\",\"isPartOf\":{\"@id\":\"https:\/\/hu.quantum-medical.eu\/#website\"},\"datePublished\":\"2021-04-09T07:10:25+00:00\",\"dateModified\":\"2022-09-26T08:14:38+00:00\",\"description\":\"The Body Viewer is a special application enhancing and complimenting your therapy, sending added subtle frequencies to support your programs\",\"breadcrumb\":{\"@id\":\"https:\/\/hu.quantum-medical.eu\/index.php\/programs-for-the-eductor1-and-nucleus-devices\/body-viewer\/#breadcrumb\"},\"inLanguage\":\"en-US\",\"potentialAction\":[{\"@type\":\"ReadAction\",\"target\":[\"https:\/\/hu.quantum-medical.eu\/index.php\/programs-for-the-eductor1-and-nucleus-devices\/body-viewer\/\"]}]},{\"@type\":\"BreadcrumbList\",\"@id\":\"https:\/\/hu.quantum-medical.eu\/index.php\/programs-for-the-eductor1-and-nucleus-devices\/body-viewer\/#breadcrumb\",\"itemListElement\":[{\"@type\":\"ListItem\",\"position\":1,\"name\":\"Home\",\"item\":\"https:\/\/hu.quantum-medical.eu\/\"},{\"@type\":\"ListItem\",\"position\":2,\"name\":\"Programok\",\"item\":\"https:\/\/hu.quantum-medical.eu\/index.php\/programs-for-the-eductor1-and-nucleus-devices\/\"},{\"@type\":\"ListItem\",\"position\":3,\"name\":\"TESTN\u00c9Z\u0150\"}]},{\"@type\":\"WebSite\",\"@id\":\"https:\/\/hu.quantum-medical.eu\/#website\",\"url\":\"https:\/\/hu.quantum-medical.eu\/\",\"name\":\"Quantum Medical\",\"description\":\"\",\"publisher\":{\"@id\":\"https:\/\/hu.quantum-medical.eu\/#organization\"},\"potentialAction\":[{\"@type\":\"SearchAction\",\"target\":{\"@type\":\"EntryPoint\",\"urlTemplate\":\"https:\/\/hu.quantum-medical.eu\/?s={search_term_string}\"},\"query-input\":\"required name=search_term_string\"}],\"inLanguage\":\"en-US\"},{\"@type\":\"Organization\",\"@id\":\"https:\/\/hu.quantum-medical.eu\/#organization\",\"name\":\"Quantum Medical SRL\",\"url\":\"https:\/\/hu.quantum-medical.eu\/\",\"logo\":{\"@type\":\"ImageObject\",\"inLanguage\":\"en-US\",\"@id\":\"https:\/\/hu.quantum-medical.eu\/#\/schema\/logo\/image\/\",\"url\":\"https:\/\/hu.quantum-medical.eu\/wp-content\/uploads\/2021\/05\/Quantum-Medical-logo-1.svg\",\"contentUrl\":\"https:\/\/hu.quantum-medical.eu\/wp-content\/uploads\/2021\/05\/Quantum-Medical-logo-1.svg\",\"width\":1,\"height\":1,\"caption\":\"Quantum Medical SRL\"},\"image\":{\"@id\":\"https:\/\/hu.quantum-medical.eu\/#\/schema\/logo\/image\/\"},\"sameAs\":[\"https:\/\/www.facebook.com\/QuantumMedEU\",\"https:\/\/twitter.com\/QuantumMedEU\",\"https:\/\/www.youtube.com\/channel\/UCZTJzN8-w3F6DHAt2jh67oA\",\"https:\/\/www.instagram.com\/quantum_medical\/\"]}]}<\/script>\n<!-- \/ Yoast SEO plugin. -->","yoast_head_json":{"title":"TESTN\u00c9Z\u0150 &mdash; programs for our devices Quantum Medical","description":"The Body Viewer is a special application enhancing and complimenting your therapy, sending added subtle frequencies to support your programs","robots":{"index":"index","follow":"follow","max-snippet":"max-snippet:-1","max-image-preview":"max-image-preview:large","max-video-preview":"max-video-preview:-1"},"canonical":"https:\/\/hu.quantum-medical.eu\/index.php\/programs-for-the-eductor1-and-nucleus-devices\/body-viewer\/","og_locale":"en_US","og_type":"article","og_title":"TESTN\u00c9Z\u0150 &mdash; programs for our devices Quantum Medical","og_description":"The Body Viewer is a special application enhancing and complimenting your therapy, sending added subtle frequencies to support your programs","og_url":"https:\/\/hu.quantum-medical.eu\/index.php\/programs-for-the-eductor1-and-nucleus-devices\/body-viewer\/","og_site_name":"Quantum Medical","article_publisher":"https:\/\/www.facebook.com\/QuantumMedEU","article_modified_time":"2022-09-26T08:14:38+00:00","og_image":[{"width":2000,"height":845,"url":"https:\/\/hu.quantum-medical.eu\/wp-content\/uploads\/2021\/04\/bw.jpg","type":"image\/jpeg"}],"twitter_card":"summary_large_image","twitter_site":"@QuantumMedEU","twitter_misc":{"Est. reading time":"1 minute"},"schema":{"@context":"https:\/\/schema.org","@graph":[{"@type":"WebPage","@id":"https:\/\/hu.quantum-medical.eu\/index.php\/programs-for-the-eductor1-and-nucleus-devices\/body-viewer\/","url":"https:\/\/hu.quantum-medical.eu\/index.php\/programs-for-the-eductor1-and-nucleus-devices\/body-viewer\/","name":"TESTN\u00c9Z\u0150 &mdash; programs for our devices Quantum Medical","isPartOf":{"@id":"https:\/\/hu.quantum-medical.eu\/#website"},"datePublished":"2021-04-09T07:10:25+00:00","dateModified":"2022-09-26T08:14:38+00:00","description":"The Body Viewer is a special application enhancing and complimenting your therapy, sending added subtle frequencies to support your programs","breadcrumb":{"@id":"https:\/\/hu.quantum-medical.eu\/index.php\/programs-for-the-eductor1-and-nucleus-devices\/body-viewer\/#breadcrumb"},"inLanguage":"en-US","potentialAction":[{"@type":"ReadAction","target":["https:\/\/hu.quantum-medical.eu\/index.php\/programs-for-the-eductor1-and-nucleus-devices\/body-viewer\/"]}]},{"@type":"BreadcrumbList","@id":"https:\/\/hu.quantum-medical.eu\/index.php\/programs-for-the-eductor1-and-nucleus-devices\/body-viewer\/#breadcrumb","itemListElement":[{"@type":"ListItem","position":1,"name":"Home","item":"https:\/\/hu.quantum-medical.eu\/"},{"@type":"ListItem","position":2,"name":"Programok","item":"https:\/\/hu.quantum-medical.eu\/index.php\/programs-for-the-eductor1-and-nucleus-devices\/"},{"@type":"ListItem","position":3,"name":"TESTN\u00c9Z\u0150"}]},{"@type":"WebSite","@id":"https:\/\/hu.quantum-medical.eu\/#website","url":"https:\/\/hu.quantum-medical.eu\/","name":"Quantum Medical","description":"","publisher":{"@id":"https:\/\/hu.quantum-medical.eu\/#organization"},"potentialAction":[{"@type":"SearchAction","target":{"@type":"EntryPoint","urlTemplate":"https:\/\/hu.quantum-medical.eu\/?s={search_term_string}"},"query-input":"required name=search_term_string"}],"inLanguage":"en-US"},{"@type":"Organization","@id":"https:\/\/hu.quantum-medical.eu\/#organization","name":"Quantum Medical SRL","url":"https:\/\/hu.quantum-medical.eu\/","logo":{"@type":"ImageObject","inLanguage":"en-US","@id":"https:\/\/hu.quantum-medical.eu\/#\/schema\/logo\/image\/","url":"https:\/\/hu.quantum-medical.eu\/wp-content\/uploads\/2021\/05\/Quantum-Medical-logo-1.svg","contentUrl":"https:\/\/hu.quantum-medical.eu\/wp-content\/uploads\/2021\/05\/Quantum-Medical-logo-1.svg","width":1,"height":1,"caption":"Quantum Medical SRL"},"image":{"@id":"https:\/\/hu.quantum-medical.eu\/#\/schema\/logo\/image\/"},"sameAs":["https:\/\/www.facebook.com\/QuantumMedEU","https:\/\/twitter.com\/QuantumMedEU","https:\/\/www.youtube.com\/channel\/UCZTJzN8-w3F6DHAt2jh67oA","https:\/\/www.instagram.com\/quantum_medical\/"]}]}},"builder_content":"<a href=\"https:\/\/hu.quantum-medical.eu\/index.php\/contact\/\" > V\u00c1S\u00c1ROLJ MOST <\/a>","_links":{"self":[{"href":"https:\/\/hu.quantum-medical.eu\/index.php\/wp-json\/wp\/v2\/pages\/1525"}],"collection":[{"href":"https:\/\/hu.quantum-medical.eu\/index.php\/wp-json\/wp\/v2\/pages"}],"about":[{"href":"https:\/\/hu.quantum-medical.eu\/index.php\/wp-json\/wp\/v2\/types\/page"}],"author":[{"embeddable":true,"href":"https:\/\/hu.quantum-medical.eu\/index.php\/wp-json\/wp\/v2\/users\/7"}],"replies":[{"embeddable":true,"href":"https:\/\/hu.quantum-medical.eu\/index.php\/wp-json\/wp\/v2\/comments?post=1525"}],"version-history":[{"count":15,"href":"https:\/\/hu.quantum-medical.eu\/index.php\/wp-json\/wp\/v2\/pages\/1525\/revisions"}],"predecessor-version":[{"id":3248,"href":"https:\/\/hu.quantum-medical.eu\/index.php\/wp-json\/wp\/v2\/pages\/1525\/revisions\/3248"}],"up":[{"embeddable":true,"href":"https:\/\/hu.quantum-medical.eu\/index.php\/wp-json\/wp\/v2\/pages\/38"}],"wp:featuredmedia":[{"embeddable":true,"href":"https:\/\/hu.quantum-medical.eu\/index.php\/wp-json\/wp\/v2\/media\/1526"}],"wp:attachment":[{"href":"https:\/\/hu.quantum-medical.eu\/index.php\/wp-json\/wp\/v2\/media?parent=1525"}],"curies":[{"name":"wp","href":"https:\/\/api.w.org\/{rel}","templated":true}]}}