{"id":1512,"date":"2021-04-07T09:26:06","date_gmt":"2021-04-07T09:26:06","guid":{"rendered":"https:\/\/hu.quantum-medical.eu\/?page_id=1512"},"modified":"2022-09-26T10:26:26","modified_gmt":"2022-09-26T10:26:26","slug":"chain-reaction","status":"publish","type":"page","link":"https:\/\/hu.quantum-medical.eu\/index.php\/programs-for-the-eductor1-and-nucleus-devices\/chain-reaction\/","title":{"rendered":"L\u00c1NCREAKCI\u00d3"},"content":{"rendered":"<p>Mi az a<strong> l\u00e1ncreakci\u00f3 eszk\u00f6z<\/strong>? A meg\u00e9rt\u00e9shez tudnod kell, hogy a szoftver m\u00e1trixelemei t\u00f6bb mint 10 000 elemet tartalmaznak: noz\u00f3dok, allerz\u00f3dok, szark\u00f3dok, iz\u00f3d\u00e1k, t\u00e1panyagok \u00e9s &#8220;m\u00e9rhetetlen energia&#8221; voltammetrikus al\u00e1\u00edr\u00e1saib\u00f3l, amelyek mindegyike a homeop\u00e1tia ter\u00fclet\u00e9n haszn\u00e1lt kifejez\u00e9s.<\/p>\n\n\n\n<p>A jobb meg\u00e9rt\u00e9s \u00e9rdek\u00e9ben az al\u00e1bbiakban ezeket a kifejez\u00e9seket magyar\u00e1zzuk el:<\/p>\n\n\n\n<p>A <a href=\"https:\/\/en.wikipedia.org\/wiki\/Homeopathy\"><strong>No<\/strong>z\u00f3d\u00e1k <\/a> homeop\u00e1ti\u00e1s szerek egy adott betegs\u00e9g kezel\u00e9s\u00e9re, amelyek a fert\u0151z\u00f6tt betegs\u00e9g vagy k\u00f3rokoz\u00f3 fert\u0151z\u00f6tt v\u00e1lad\u00e9kaib\u00f3l \u00e1llnak.<\/p>\n\n\n\n<p>Az <strong>iz\u00f3d\u00e1k<\/strong> a homeop\u00e1ti\u00e1ban olyan szerves vagy szintetikus anyagok er\u0151sen h\u00edg\u00edtott \u00e9s sikeres k\u00e9sz\u00edtm\u00e9nyei, amelyekr\u0151l \u00fagy tartj\u00e1k, hogy rendelleness\u00e9geket vagy betegs\u00e9geket okoznak. Az &#8220;ok a gy\u00f3gy\u00edt\u00e1s&#8221; elv\u00e9n alapul\u00f3 gy\u00f3gym\u00f3d. Ezek \u201enormaliz\u00e1l\u00f3k\u201d, vagyis seg\u00edtenek normaliz\u00e1lni a szervezet allerg\u00e9nre adott reakci\u00f3j\u00e1t vagy a szervezet vegyi anyagok termel\u00e9s\u00e9t \u00e9s felhaszn\u00e1l\u00e1s\u00e1t.<\/p>\n\n\n\n<p>Az <strong>allerz\u00f3dok<\/strong> olyan homeop\u00e1ti\u00e1s cseppek, amelyek alaposan serkentik az immunrendszert, hogy felismerje, glomerul\u00e1lja \u00e9s ki\u00fcr\u00edtse az allergi\u00e1t okoz\u00f3 szervezetet a szervezetb\u0151l, \u00e1ltal\u00e1ban a ves\u00e9n vagy a beleken, a mell\u00e9kves\u00e9n \u00e9s a m\u00e1jon kereszt\u00fcl. Ezek olyan gy\u00f3gym\u00f3dok, amelyek a s\u00e9rt\u0151 allerg\u00e9n potenci\u00e1lj\u00e1t tartalmazz\u00e1k. Az allergi\u00e1k enyh\u00edt\u00e9s\u00e9re kis mennyis\u00e9g\u0171 allergi\u00e1t kiv\u00e1lt\u00f3 anyagokat haszn\u00e1lhatunk, hogy seg\u00edts\u00fcnk megford\u00edtani az antitestek \u00e9s m\u00e1s allergi\u00e1s faktorok sorozat\u00e1t a szervezetben a deszenzibiliz\u00e1ci\u00f3 \u00e9rdek\u00e9ben.<\/p>\n\n\n\n<p>A <strong>szark\u00f3dok <\/strong>eg\u00e9szs\u00e9ges sz\u00f6vetekb\u0151l \u00e9s v\u00e1lad\u00e9kokb\u00f3l nyert homeop\u00e1ti\u00e1s k\u00e9sz\u00edtm\u00e9nyek, amelyek olyan biol\u00f3giai molekul\u00e1kat tartalmaznak, amelyek specifikus \u00e9lettani funkci\u00f3t t\u00f6ltenek be az emberben<strong>.<\/strong> A homeopat\u00e1k arra haszn\u00e1lj\u00e1k \u0151ket, hogy t\u00e1mogass\u00e1k a sz\u00f6vetek eg\u00e9szs\u00e9g\u00e9t a szervezet \u00f6ngy\u00f3gy\u00edt\u00f3 vagy regener\u00e1l\u00f3 folyamata sor\u00e1n.<\/p>\n\n\n\n<p>A <strong>t\u00e1pl\u00e1lkoz\u00e1si cikkek<\/strong> olyan \u00e9trend-kieg\u00e9sz\u00edt\u0151kre vonatkoznak, mint a vitaminok, \u00e1sv\u00e1nyi anyagok, gy\u00f3gyn\u00f6v\u00e9nyek \u00e9s aminosavak, valamint a m\u00e1trix minden sor\u00e1ban le\u00edrt hatalmas kombin\u00e1ci\u00f3 \u00e9s c\u00e9l.<\/p>\n\n\n\n<p>A <strong>&#8220;m\u00e9rhetetlen energia&#8221;<\/strong> hat\u00e9kony gy\u00f3gym\u00f3dok olyan megv\u00e1ltoztathatatlan er\u0151kre, amelyek l\u00e1thatatlanok, ismeretlenek \u00e9s megfoghatatlan energi\u00e1k, melyek m\u00e9lyen befoly\u00e1solhatj\u00e1k j\u00f3l\u00e9t\u00fcnket. Ezek lehetnek geopatikus er\u0151k, mobiltelefonok sug\u00e1rz\u00e1sa, r\u00f6ntgen, sz\u00e1m\u00edt\u00f3g\u00e9pek, mikrohull\u00e1m\u00fa s\u00fct\u0151k, telev\u00edzi\u00f3k, GPS-eszk\u00f6z\u00f6k, MRI-k, ultrahang, nagyfesz\u00fclts\u00e9g\u0171 t\u00e1vvezet\u00e9kek \u00e9s sz\u00e1m\u00edt\u00f3g\u00e9ppel vez\u00e9relt j\u00e1rm\u0171vek, valamint napf\u00e9ny. A lista szinte v\u00e9gtelen. Sz\u00e1mtalan k\u00f6rnyez\u0151 r\u00e9teg ir\u00e1ny\u00edtott, l\u00e1thatatlan energi\u00e1t gy\u0171jtenek \u00f6ssze \u00e9s sug\u00e1roznak ki ezek az eszk\u00f6z\u00f6k. Ha ehhez hozz\u00e1adjuk a napkit\u00f6r\u00e9sek \u00e9s a napfoltok megn\u00f6vekedett hat\u00e1saib\u00f3l, az \u00f3zonr\u00e9teg\u00fcnk elv\u00e9konyod\u00e1sa miatt, valamint a Hold \u00e9s a t\u00e1voli bolyg\u00f3k f\u00e9ny\u00e9b\u0151l fakad\u00f3 rosszul ir\u00e1ny\u00edtott energi\u00e1t, akkor meg fogjuk \u00e9rteni, hogy mindannyian egy s\u0171r\u0171 &#8220;m\u00e9rhetetlen energia&#8221; h\u00e1l\u00f3ba vagyunk belegabalyodva. A stresszes v\u00e1lasz stresszes \u00e9rzelmeit is m\u00e9rhetetlennek tekintik.<\/p>\n\n\n\n<p>\u00cdgy a m\u00e1trixon bemutatott voltammetrikus al\u00e1\u00edr\u00e1sok reakci\u00f3i egyediek \u00e9s egy\u00e9niek minden \u00fcgyf\u00e9l sz\u00e1m\u00e1ra. A m\u00e1trix meg\u00e9rt\u00e9s\u00e9hez olyan ism\u00e9tl\u0151d\u00e9seket kell l\u00e1tnunk, amelyek er\u0151sen reakt\u00edv sz\u00e1mukhoz k\u00e9pest jelennek meg a helyzet el\u00e9r\u00e9s\u00e9hez. A m\u00e9lyebb meg\u00e9rt\u00e9shez tov\u00e1bbi keres\u00e9si \u00e9s vizsg\u00e1lati elj\u00e1r\u00e1sokra lehet sz\u00fcks\u00e9g a szoftveren \u00e9s a m\u00e1trixon bel\u00fcl.<\/p>\n\n\n\n<p>A m\u00e1trix m\u00e9lyrehat\u00f3 meg\u00e9rt\u00e9se m\u00e9ly ismeretekkel \u00e9s az eszk\u00f6z haszn\u00e1lat\u00e1ban szerzett hossz\u00fa tapasztalattal j\u00e1r. Ez gyakran els\u00f6pr\u0151 tud lenni, mivel rengeteg inform\u00e1ci\u00f3 \u00e9rkezik hozz\u00e1nk az \u00fcgyf\u00e9l reakci\u00f3ib\u00f3l a m\u00e1trixon, \u00e9s az id\u0151k\u00e9nyszer miatt, amellyel az \u00fcgyf\u00e9l jobban \u00e9rzi mag\u00e1t.<\/p>\n\n\n\n<p>Az ED.X-nek azonban sz\u00e1mos eszk\u00f6ze van erre. Ezek egyike az <strong>egyed\u00fcl\u00e1ll\u00f3<\/strong> \u00e9s <strong>legfontosabb eszk\u00f6z\u00f6knek<\/strong>, a <strong>L\u00e1ncrakci\u00f3 alkalmaz\u00e1s<\/strong>, amelyet <strong>CSAK a PULSAR<\/strong> k\u00e9sz\u00edtette \u00e9s k\u00edn\u00e1lja.<\/p>\n\n\n\n<p>A kezelni k\u00edv\u00e1nt t\u00e9tel f\u0151 k\u00e9rd\u00e9s\u00e9nek megad\u00e1s\u00e1val ez az alkalmaz\u00e1s azonnal elemzi az \u00fcgyf\u00e9lm\u00e1trix teljes reaktivit\u00e1s\u00e1t, megadva azt az \u00e9letkort, amikor az \u00fcgyf\u00e9l \u00e9let\u00e9ben valami kiv\u00e1ltotta ezt a reakci\u00f3t, ami az esem\u00e9nyek l\u00e1ncreakci\u00f3j\u00e1t v\u00e1ltotta ki. A m\u00e1trixelemek list\u00e1ja let\u00f6lt\u0151dik \u00e9s bet\u00f6lthet\u0151, hogy a munkamenet sor\u00e1n kezelhet\u0151 legyen, seg\u00edtve a probl\u00e9m\u00e1t okoz\u00f3 eredeti hivatkoz\u00e1s megszak\u00edt\u00e1s\u00e1t.<\/p>\n\n\n\n<p>Ez az egyik<strong> legfontosabb l\u00e9p\u00e9s<\/strong> \u00e9s <strong>felfedez\u00e9s<\/strong> a probl\u00e9m\u00e1k kiv\u00e1lt\u00f3 ok\u00e1nak kezel\u00e9s\u00e9ben \u00e9s a m\u00e1trix meg\u00e9rt\u00e9s\u00e9ben. K\u00f6nnyen \u00e9s automatikusan megt\u00f6rt\u00e9nik, megadva a ter\u00e1pi\u00e1nak a sz\u00fcks\u00e9ges l\u00f6k\u00e9st a jobb eredm\u00e9ny el\u00e9r\u00e9s\u00e9hez.<\/p>\n\n\n\n<p>A<strong> L\u00e1ncreakci\u00f3<\/strong> program a <strong>NUCLEUS<\/strong> k\u00e9sz\u00fcl\u00e9k v\u00e1s\u00e1rl\u00e1sa eset\u00e9n<strong> INGYENES<\/strong>, \u00e9s <strong>1500 eur\u00f3\u00e9rt <\/strong>megv\u00e1s\u00e1rolhat\u00f3 az <strong>ED.X-hez<\/strong>. A modul megv\u00e1s\u00e1rl\u00e1s\u00e1hoz vedd fel vel\u00fcnk a <a href=\"https:\/\/hu.quantum-medical.eu\/index.php\/contact\/\">kapcsolatot<\/a>.<\/p>\n\n<!--themify_builder_content-->\n<div id=\"themify_builder_content-1512\" data-postid=\"1512\" class=\"themify_builder_content themify_builder_content-1512 themify_builder tf_clear\">\n    \t<!-- module_row -->\n\t<div  data-lazy=\"1\" class=\"module_row themify_builder_row tb_3abu955 tb_first tf_clearfix\">\n\t    \t\t<div class=\"row_inner col_align_top col-count-1 tf_box tf_w tf_rel\">\n\t\t\t<div  data-lazy=\"1\" class=\"module_column tb-column col-full first tb_oyoq957 tf_box\">\n\t\t\t    \t        <div class=\"tb-column-inner tf_box tf_w\">\n\t\t    <!-- module buttons -->\n<div  class=\"module module-buttons tb_pu0d957 buttons-horizontal solid  circle buttons-fullwidth hover-wow wow\" data-tf-animation_hover=\"pulse\" data-tf-animation=\"bounce\" data-tf-animation_delay=\"1\" data-lazy=\"1\">\n    \t<div class=\"module-buttons-item tf_inline_b\">\n\t\t\t\t\t\t\t<a href=\"https:\/\/hu.quantum-medical.eu\/index.php\/contact\/\" class=\"ui builder_button black\" >\n\t\t\t\t\t\t\t\t\t\t\t<span class=\"tf_inline_b tf_vmiddle\">V\u00c1S\u00c1ROLJ MOST<\/span>\n\t\t\t\t\t\t\t\t\t\t\t<\/a>\n\t\t\t    \t<\/div>\n\t<\/div>\n<!-- \/module buttons -->\n\t        <\/div>\n\t    \t<\/div>\n\t\t    <\/div>\n\t    <!-- \/row_inner -->\n\t<\/div>\n\t<!-- \/module_row -->\n\t<\/div>\n<!--\/themify_builder_content-->\n\n\n<p><\/p><!-- AddThis Advanced Settings generic via filter on the_content --><!-- AddThis Share Buttons generic via filter on the_content -->","protected":false},"excerpt":{"rendered":"<p>Mi az a l\u00e1ncreakci\u00f3 eszk\u00f6z? A meg\u00e9rt\u00e9shez tudnod kell, hogy a szoftver m\u00e1trixelemei t\u00f6bb mint 10 000 elemet tartalmaznak: noz\u00f3dok, allerz\u00f3dok, szark\u00f3dok, iz\u00f3d\u00e1k, t\u00e1panyagok \u00e9s &#8220;m\u00e9rhetetlen energia&#8221; voltammetrikus al\u00e1\u00edr\u00e1saib\u00f3l, amelyek mindegyike a homeop\u00e1tia ter\u00fclet\u00e9n haszn\u00e1lt kifejez\u00e9s. A jobb meg\u00e9rt\u00e9s \u00e9rdek\u00e9ben az al\u00e1bbiakban ezeket a kifejez\u00e9seket magyar\u00e1zzuk el: A Noz\u00f3d\u00e1k homeop\u00e1ti\u00e1s szerek egy adott betegs\u00e9g kezel\u00e9s\u00e9re, [&hellip;]<!-- AddThis Advanced Settings generic via filter on get_the_excerpt --><!-- AddThis Share Buttons generic via filter on get_the_excerpt --><\/p>\n","protected":false},"author":7,"featured_media":1513,"parent":38,"menu_order":120,"comment_status":"closed","ping_status":"closed","template":"","meta":{"inline_featured_image":false},"yoast_head":"<!-- This site is optimized with the Yoast SEO plugin v20.6 - https:\/\/yoast.com\/wordpress\/plugins\/seo\/ -->\n<title>L\u00c1NCREAKCI\u00d3 &mdash; programs for our devices Quantum Medical<\/title>\n<meta name=\"description\" content=\"One of the tools unique and important tools, the application CHAIN REACTION created and offered ONLY by the ED.X.\" \/>\n<meta name=\"robots\" content=\"index, follow, max-snippet:-1, max-image-preview:large, max-video-preview:-1\" \/>\n<link rel=\"canonical\" href=\"https:\/\/hu.quantum-medical.eu\/index.php\/programs-for-the-eductor1-and-nucleus-devices\/chain-reaction\/\" \/>\n<meta property=\"og:locale\" content=\"en_US\" \/>\n<meta property=\"og:type\" content=\"article\" \/>\n<meta property=\"og:title\" content=\"L\u00c1NCREAKCI\u00d3 &mdash; programs for our devices Quantum Medical\" \/>\n<meta property=\"og:description\" content=\"One of the tools unique and important tools, the application CHAIN REACTION created and offered ONLY by the ED.X.\" \/>\n<meta property=\"og:url\" content=\"https:\/\/hu.quantum-medical.eu\/index.php\/programs-for-the-eductor1-and-nucleus-devices\/chain-reaction\/\" \/>\n<meta property=\"og:site_name\" content=\"Quantum Medical\" \/>\n<meta property=\"article:publisher\" content=\"https:\/\/www.facebook.com\/QuantumMedEU\" \/>\n<meta property=\"article:modified_time\" content=\"2022-09-26T10:26:26+00:00\" \/>\n<meta property=\"og:image\" content=\"https:\/\/hu.quantum-medical.eu\/wp-content\/uploads\/2021\/04\/chain.jpg\" \/>\n\t<meta property=\"og:image:width\" content=\"820\" \/>\n\t<meta property=\"og:image:height\" content=\"540\" \/>\n\t<meta property=\"og:image:type\" content=\"image\/jpeg\" \/>\n<meta name=\"twitter:card\" content=\"summary_large_image\" \/>\n<meta name=\"twitter:site\" content=\"@QuantumMedEU\" \/>\n<meta name=\"twitter:label1\" content=\"Est. reading time\" \/>\n\t<meta name=\"twitter:data1\" content=\"3 minutes\" \/>\n<script type=\"application\/ld+json\" class=\"yoast-schema-graph\">{\"@context\":\"https:\/\/schema.org\",\"@graph\":[{\"@type\":\"WebPage\",\"@id\":\"https:\/\/hu.quantum-medical.eu\/index.php\/programs-for-the-eductor1-and-nucleus-devices\/chain-reaction\/\",\"url\":\"https:\/\/hu.quantum-medical.eu\/index.php\/programs-for-the-eductor1-and-nucleus-devices\/chain-reaction\/\",\"name\":\"L\u00c1NCREAKCI\u00d3 &mdash; programs for our devices Quantum Medical\",\"isPartOf\":{\"@id\":\"https:\/\/hu.quantum-medical.eu\/#website\"},\"datePublished\":\"2021-04-07T09:26:06+00:00\",\"dateModified\":\"2022-09-26T10:26:26+00:00\",\"description\":\"One of the tools unique and important tools, the application CHAIN REACTION created and offered ONLY by the ED.X.\",\"breadcrumb\":{\"@id\":\"https:\/\/hu.quantum-medical.eu\/index.php\/programs-for-the-eductor1-and-nucleus-devices\/chain-reaction\/#breadcrumb\"},\"inLanguage\":\"en-US\",\"potentialAction\":[{\"@type\":\"ReadAction\",\"target\":[\"https:\/\/hu.quantum-medical.eu\/index.php\/programs-for-the-eductor1-and-nucleus-devices\/chain-reaction\/\"]}]},{\"@type\":\"BreadcrumbList\",\"@id\":\"https:\/\/hu.quantum-medical.eu\/index.php\/programs-for-the-eductor1-and-nucleus-devices\/chain-reaction\/#breadcrumb\",\"itemListElement\":[{\"@type\":\"ListItem\",\"position\":1,\"name\":\"Home\",\"item\":\"https:\/\/hu.quantum-medical.eu\/\"},{\"@type\":\"ListItem\",\"position\":2,\"name\":\"Programok\",\"item\":\"https:\/\/hu.quantum-medical.eu\/index.php\/programs-for-the-eductor1-and-nucleus-devices\/\"},{\"@type\":\"ListItem\",\"position\":3,\"name\":\"L\u00c1NCREAKCI\u00d3\"}]},{\"@type\":\"WebSite\",\"@id\":\"https:\/\/hu.quantum-medical.eu\/#website\",\"url\":\"https:\/\/hu.quantum-medical.eu\/\",\"name\":\"Quantum Medical\",\"description\":\"\",\"publisher\":{\"@id\":\"https:\/\/hu.quantum-medical.eu\/#organization\"},\"potentialAction\":[{\"@type\":\"SearchAction\",\"target\":{\"@type\":\"EntryPoint\",\"urlTemplate\":\"https:\/\/hu.quantum-medical.eu\/?s={search_term_string}\"},\"query-input\":\"required name=search_term_string\"}],\"inLanguage\":\"en-US\"},{\"@type\":\"Organization\",\"@id\":\"https:\/\/hu.quantum-medical.eu\/#organization\",\"name\":\"Quantum Medical SRL\",\"url\":\"https:\/\/hu.quantum-medical.eu\/\",\"logo\":{\"@type\":\"ImageObject\",\"inLanguage\":\"en-US\",\"@id\":\"https:\/\/hu.quantum-medical.eu\/#\/schema\/logo\/image\/\",\"url\":\"https:\/\/hu.quantum-medical.eu\/wp-content\/uploads\/2021\/05\/Quantum-Medical-logo-1.svg\",\"contentUrl\":\"https:\/\/hu.quantum-medical.eu\/wp-content\/uploads\/2021\/05\/Quantum-Medical-logo-1.svg\",\"width\":1,\"height\":1,\"caption\":\"Quantum Medical SRL\"},\"image\":{\"@id\":\"https:\/\/hu.quantum-medical.eu\/#\/schema\/logo\/image\/\"},\"sameAs\":[\"https:\/\/www.facebook.com\/QuantumMedEU\",\"https:\/\/twitter.com\/QuantumMedEU\",\"https:\/\/www.youtube.com\/channel\/UCZTJzN8-w3F6DHAt2jh67oA\",\"https:\/\/www.instagram.com\/quantum_medical\/\"]}]}<\/script>\n<!-- \/ Yoast SEO plugin. -->","yoast_head_json":{"title":"L\u00c1NCREAKCI\u00d3 &mdash; programs for our devices Quantum Medical","description":"One of the tools unique and important tools, the application CHAIN REACTION created and offered ONLY by the ED.X.","robots":{"index":"index","follow":"follow","max-snippet":"max-snippet:-1","max-image-preview":"max-image-preview:large","max-video-preview":"max-video-preview:-1"},"canonical":"https:\/\/hu.quantum-medical.eu\/index.php\/programs-for-the-eductor1-and-nucleus-devices\/chain-reaction\/","og_locale":"en_US","og_type":"article","og_title":"L\u00c1NCREAKCI\u00d3 &mdash; programs for our devices Quantum Medical","og_description":"One of the tools unique and important tools, the application CHAIN REACTION created and offered ONLY by the ED.X.","og_url":"https:\/\/hu.quantum-medical.eu\/index.php\/programs-for-the-eductor1-and-nucleus-devices\/chain-reaction\/","og_site_name":"Quantum Medical","article_publisher":"https:\/\/www.facebook.com\/QuantumMedEU","article_modified_time":"2022-09-26T10:26:26+00:00","og_image":[{"width":820,"height":540,"url":"https:\/\/hu.quantum-medical.eu\/wp-content\/uploads\/2021\/04\/chain.jpg","type":"image\/jpeg"}],"twitter_card":"summary_large_image","twitter_site":"@QuantumMedEU","twitter_misc":{"Est. reading time":"3 minutes"},"schema":{"@context":"https:\/\/schema.org","@graph":[{"@type":"WebPage","@id":"https:\/\/hu.quantum-medical.eu\/index.php\/programs-for-the-eductor1-and-nucleus-devices\/chain-reaction\/","url":"https:\/\/hu.quantum-medical.eu\/index.php\/programs-for-the-eductor1-and-nucleus-devices\/chain-reaction\/","name":"L\u00c1NCREAKCI\u00d3 &mdash; programs for our devices Quantum Medical","isPartOf":{"@id":"https:\/\/hu.quantum-medical.eu\/#website"},"datePublished":"2021-04-07T09:26:06+00:00","dateModified":"2022-09-26T10:26:26+00:00","description":"One of the tools unique and important tools, the application CHAIN REACTION created and offered ONLY by the ED.X.","breadcrumb":{"@id":"https:\/\/hu.quantum-medical.eu\/index.php\/programs-for-the-eductor1-and-nucleus-devices\/chain-reaction\/#breadcrumb"},"inLanguage":"en-US","potentialAction":[{"@type":"ReadAction","target":["https:\/\/hu.quantum-medical.eu\/index.php\/programs-for-the-eductor1-and-nucleus-devices\/chain-reaction\/"]}]},{"@type":"BreadcrumbList","@id":"https:\/\/hu.quantum-medical.eu\/index.php\/programs-for-the-eductor1-and-nucleus-devices\/chain-reaction\/#breadcrumb","itemListElement":[{"@type":"ListItem","position":1,"name":"Home","item":"https:\/\/hu.quantum-medical.eu\/"},{"@type":"ListItem","position":2,"name":"Programok","item":"https:\/\/hu.quantum-medical.eu\/index.php\/programs-for-the-eductor1-and-nucleus-devices\/"},{"@type":"ListItem","position":3,"name":"L\u00c1NCREAKCI\u00d3"}]},{"@type":"WebSite","@id":"https:\/\/hu.quantum-medical.eu\/#website","url":"https:\/\/hu.quantum-medical.eu\/","name":"Quantum Medical","description":"","publisher":{"@id":"https:\/\/hu.quantum-medical.eu\/#organization"},"potentialAction":[{"@type":"SearchAction","target":{"@type":"EntryPoint","urlTemplate":"https:\/\/hu.quantum-medical.eu\/?s={search_term_string}"},"query-input":"required name=search_term_string"}],"inLanguage":"en-US"},{"@type":"Organization","@id":"https:\/\/hu.quantum-medical.eu\/#organization","name":"Quantum Medical SRL","url":"https:\/\/hu.quantum-medical.eu\/","logo":{"@type":"ImageObject","inLanguage":"en-US","@id":"https:\/\/hu.quantum-medical.eu\/#\/schema\/logo\/image\/","url":"https:\/\/hu.quantum-medical.eu\/wp-content\/uploads\/2021\/05\/Quantum-Medical-logo-1.svg","contentUrl":"https:\/\/hu.quantum-medical.eu\/wp-content\/uploads\/2021\/05\/Quantum-Medical-logo-1.svg","width":1,"height":1,"caption":"Quantum Medical SRL"},"image":{"@id":"https:\/\/hu.quantum-medical.eu\/#\/schema\/logo\/image\/"},"sameAs":["https:\/\/www.facebook.com\/QuantumMedEU","https:\/\/twitter.com\/QuantumMedEU","https:\/\/www.youtube.com\/channel\/UCZTJzN8-w3F6DHAt2jh67oA","https:\/\/www.instagram.com\/quantum_medical\/"]}]}},"builder_content":"<a href=\"https:\/\/hu.quantum-medical.eu\/index.php\/contact\/\" > V\u00c1S\u00c1ROLJ MOST <\/a>","_links":{"self":[{"href":"https:\/\/hu.quantum-medical.eu\/index.php\/wp-json\/wp\/v2\/pages\/1512"}],"collection":[{"href":"https:\/\/hu.quantum-medical.eu\/index.php\/wp-json\/wp\/v2\/pages"}],"about":[{"href":"https:\/\/hu.quantum-medical.eu\/index.php\/wp-json\/wp\/v2\/types\/page"}],"author":[{"embeddable":true,"href":"https:\/\/hu.quantum-medical.eu\/index.php\/wp-json\/wp\/v2\/users\/7"}],"replies":[{"embeddable":true,"href":"https:\/\/hu.quantum-medical.eu\/index.php\/wp-json\/wp\/v2\/comments?post=1512"}],"version-history":[{"count":27,"href":"https:\/\/hu.quantum-medical.eu\/index.php\/wp-json\/wp\/v2\/pages\/1512\/revisions"}],"predecessor-version":[{"id":3272,"href":"https:\/\/hu.quantum-medical.eu\/index.php\/wp-json\/wp\/v2\/pages\/1512\/revisions\/3272"}],"up":[{"embeddable":true,"href":"https:\/\/hu.quantum-medical.eu\/index.php\/wp-json\/wp\/v2\/pages\/38"}],"wp:featuredmedia":[{"embeddable":true,"href":"https:\/\/hu.quantum-medical.eu\/index.php\/wp-json\/wp\/v2\/media\/1513"}],"wp:attachment":[{"href":"https:\/\/hu.quantum-medical.eu\/index.php\/wp-json\/wp\/v2\/media?parent=1512"}],"curies":[{"name":"wp","href":"https:\/\/api.w.org\/{rel}","templated":true}]}}