{"id":1332,"date":"2021-03-24T07:00:29","date_gmt":"2021-03-24T07:00:29","guid":{"rendered":"https:\/\/hu.quantum-medical.eu\/?page_id=1332"},"modified":"2025-08-12T09:22:59","modified_gmt":"2025-08-12T09:22:59","slug":"contact","status":"publish","type":"page","link":"https:\/\/hu.quantum-medical.eu\/index.php\/contact\/","title":{"rendered":"Kapcsolat"},"content":{"rendered":"<p>Kapcsolat<\/p>\n\n<!--themify_builder_content-->\n<div id=\"themify_builder_content-1332\" data-postid=\"1332\" class=\"themify_builder_content themify_builder_content-1332 themify_builder tf_clear\">\n    \t<!-- module_row -->\n\t<div  data-anchor=\"location\" data-css_id=\"nnd9160\" data-lazy=\"1\" class=\"module_row themify_builder_row repeat fullwidth tb_has_section tb_section-location tb_nnd9160 tb_first tf_clearfix\" >\n\t    <div class=\"tf_abs builder_row_cover\"><\/div>\t\t<div class=\"row_inner col_align_top gutter-none col-count-2 tf_box tf_w tf_rel\">\n\t\t\t<div  data-lazy=\"1\" class=\"module_column tb-column col4-2 first tb_r380808 fullcover tf_box\">\n\t\t<div class=\"tf_abs builder_row_cover\"><\/div>\t    \t        <div class=\"tb-column-inner tf_box tf_w\">\n\t\t    <!-- module text -->\n<div  class=\"module module-text tb_ndyh880  repeat \" data-lazy=\"1\">\n        <div  class=\"tb_text_wrap\">\n    <h3><strong>Magyarorsz\u00e1gi viszontelad\u00f3ink:<\/strong><\/h3>\n<p><strong>Keppel-\u0150sze Anita<\/strong> <a href=\"tel:+36709470125\">+36 709 470 125<\/a><\/p>\n<p>Fert\u0151szentmikl\u00f3s, 9444<br \/>Kolozsv\u00e1ri utca.15<br \/>E-mail: <a href=\"mailto:oszeanita11@gmail.com\">oszeanita11@gmail.com<\/a><\/p>\n<p>\u00a0<\/p>\n<p>\u00a0<\/p>    <\/div>\n<\/div>\n<!-- \/module text --><!-- module buttons -->\n<div  class=\"module module-buttons tb_3sfp336 buttons-horizontal solid  circle\" data-lazy=\"1\">\n    \t<div class=\"module-buttons-item tf_inline_b\">\n\t\t\t\t\t\t\t<a href=\"https:\/\/wa.me\/+36703357237\" class=\"ui builder_button light-blue\" >\n\t\t\t\t\t\t\t\t\t\t\t\t<em class=\"tf_inline_b tf_vmiddle\"><svg  aria-hidden=\"true\" class=\"tf_fa tf-fab-whatsapp\"><use href=\"#tf-fab-whatsapp\"><\/use><\/svg><\/em>\t\t\t\t\t\t\t\t<span class=\"tf_inline_b tf_vmiddle\">BESZ\u00c9LJ VEL\u00dcNK WHATSAPPON<\/span>\n\t\t\t\t\t\t\t\t\t\t\t<\/a>\n\t\t\t    \t<\/div>\n\t<\/div>\n<!-- \/module buttons -->\n<!-- module icon -->\n<div  class=\"module module-icon tb_su2x065  xlarge none icon_horizontal \" data-lazy=\"1\">\n    \t    <div class=\"module-icon-item tf_inline_b\">\n\t\t\t\t\t\t\t<a href=\"https:\/\/twitter.com\/themify\">\n\t\t\t\t\t\t\t\t\t\t\t\t\t\t\t\t\t<em class=\"ui tf_vmiddle tf_textc tf_box \"><svg  aria-hidden=\"true\" class=\"tf_fa tf-ti-twitter-alt\"><use href=\"#tf-ti-twitter-alt\"><\/use><\/svg><\/em>\n\t\t\t\t\t\t\t\t\t\t\t\t\t\t\t\t\t\t\t<\/a>\n\t\t\t\t    <\/div>\n\t\t    <div class=\"module-icon-item tf_inline_b\">\n\t\t\t\t\t\t\t<a href=\"https:\/\/www.facebook.com\/Biofeedback2014Ltd\/?ref=br_rs\">\n\t\t\t\t\t\t\t\t\t\t\t\t\t\t\t\t\t<em class=\"ui tf_vmiddle tf_textc tf_box \"><svg  aria-hidden=\"true\" class=\"tf_fa tf-fab-facebook\"><use href=\"#tf-fab-facebook\"><\/use><\/svg><\/em>\n\t\t\t\t\t\t\t\t\t\t\t\t\t\t\t\t\t\t\t<\/a>\n\t\t\t\t    <\/div>\n\t\t    <div class=\"module-icon-item tf_inline_b\">\n\t\t\t\t\t\t\t<a href=\"https:\/\/www.youtube.com\/channel\/UCZTJzN8-w3F6DHAt2jh67oA\/videos?view_as=subscriber\">\n\t\t\t\t\t\t\t\t\t\t\t\t\t\t\t\t\t<em class=\"ui tf_vmiddle tf_textc tf_box \"><svg  aria-hidden=\"true\" class=\"tf_fa tf-fab-youtube\"><use href=\"#tf-fab-youtube\"><\/use><\/svg><\/em>\n\t\t\t\t\t\t\t\t\t\t\t\t\t\t\t\t\t\t\t<\/a>\n\t\t\t\t    <\/div>\n\t<\/div>\n<!-- \/module icon -->\n\t        <\/div>\n\t    \t<\/div>\n\t\t<div  data-lazy=\"1\" class=\"module_column tb-column col4-2 last tb_ae8h706 tf_box\">\n\t\t\t    \t        <div class=\"tb-column-inner tf_box tf_w\">\n\t\t    <!-- module contact -->\n<div  id=\"tb_hu0r714\" class=\"module module-contact tb_hu0r714 contact-style1 \" data-lazy=\"1\">\n    \n\t<form action=\"https:\/\/hu.quantum-medical.eu\/wp-admin\/admin-ajax.php\"\n\t\tclass=\"builder-contact\"\n\t\tid=\"tb_hu0r714-form\"\n\t\tmethod=\"post\"\n\t\tdata-post-id=\"1332\"\n\t\tdata-element-id=\"hu0r714\"\n\t\tdata-orig-id=\"1332\"\n\t>\n    <div class=\"contact-message\"><\/div>\n\t<div class=\"builder-contact-fields tf_rel\">\n\t\t    \t\t    <div class=\"builder-contact-field builder-contact-field-name builder-contact-text-field\">\n\t\t\t    <label class=\"control-label\" for=\"tb_hu0r714-contact-name\"><span class=\"tb-label-span\"><\/label>\n\t\t\t    <div class=\"control-input tf_rel\">\n\t\t\t\t    \t\t\t\t\t    <input type=\"text\" name=\"contact-name\" placeholder=\"N\u00e9v\" id=\"tb_hu0r714-contact-name\" value=\"\" class=\"form-control\" required>\n\t\t\t\t    \t\t\t\t    \t\t\t    <\/div>\n\t\t<\/div>\n\t    \n\t\t    \t\t    <div class=\"builder-contact-field builder-contact-field-email builder-contact-text-field\">\n\t\t\t    <label class=\"control-label\" for=\"tb_hu0r714-contact-email\"><span class=\"tb-label-span\"><\/label>\n\t\t\t    <div class=\"control-input tf_rel\">\n\t\t\t\t    \t\t\t\t\t    <input type=\"text\" name=\"contact-email\" placeholder=\"E-mail\" id=\"tb_hu0r714-contact-email\" value=\"\" class=\"form-control\" required>\n\t\t\t\t    \t\t\t\t    \t\t\t    <\/div>\n\t\t<\/div>\n\t    \n\t\t    \t\t    <div class=\"builder-contact-field builder-contact-field-subject builder-contact-text-field\">\n\t\t\t    <label class=\"control-label\" for=\"tb_hu0r714-contact-subject\"><span class=\"tb-label-span\"><\/label>\n\t\t\t    <div class=\"control-input tf_rel\">\n\t\t\t\t    \t\t\t\t\t    <input type=\"text\" name=\"contact-subject\" placeholder=\"T\u00e9ma\" id=\"tb_hu0r714-contact-subject\" value=\"\" class=\"form-control\" >\n\t\t\t\t    \t\t\t\t    \t\t\t    <\/div>\n\t\t<\/div>\n\t    \n\t\t    \t\t    <div class=\"builder-contact-field builder-contact-field-message builder-contact-textarea-field\">\n\t\t\t    <label class=\"control-label\" for=\"tb_hu0r714-contact-message\"><span class=\"tb-label-span\"><\/label>\n\t\t\t    <div class=\"control-input tf_rel\">\n\t\t\t\t    \t\t\t\t\t    <textarea name=\"contact-message\" placeholder=\"\u00dczenet\" id=\"tb_hu0r714-contact-message\" class=\"form-control\" required><\/textarea>\n\t\t\t\t    \t\t\t\t    \t\t\t    <\/div>\n\t\t<\/div>\n\t    \n\t\t    \n\t\t\n\t\t\t\t\t<div class=\"builder-contact-field builder-contact-field-gdpr\">\n\t\t\t\t<div class=\"control-label\">\n\t\t\t\t\t<div class=\"control-input tf_rel\">\n\t\t\t\t\t\t<label class=\"field-gdpr\">\n\t\t\t\t\t\t\t<input type=\"checkbox\" name=\"gdpr\" value=\"1\" required>\n\t\t\t\t\t\t\t<span>Hozz\u00e1j\u00e1rulok az \u00e1ltalam beny\u00fajtott adatok gy\u0171jt\u00e9s\u00e9hez \u00e9s t\u00e1rol\u00e1s\u00e1hoz<\/span>\n\t\t\t\t\t\t\t<span class=\"required\">*<\/span>\n\t\t\t\t\t\t<\/label>\n\t\t\t\t\t<\/div>\n\t\t\t\t<\/div>\n\t\t\t<\/div>\n\t\t\n\t    \t    <div class=\"builder-contact-field builder-contact-field-send control-input tf_textl tf_clear tf_rel\">\n\t\t\t<button type=\"submit\" class=\"btn btn-primary\"><span class=\"tf_loader\"><\/span>K\u00fcld\u00e9s<\/button>\n\t    <\/div>\n\t<\/div>\n    <\/form>\n\n    <\/div>\n<!-- \/module contact -->\n\t        <\/div>\n\t    \t<\/div>\n\t\t    <\/div>\n\t    <!-- \/row_inner -->\n\t<\/div>\n\t<!-- \/module_row -->\n\t<\/div>\n<!--\/themify_builder_content-->\n\n\n<p><\/p><!-- AddThis Advanced Settings generic via filter on the_content --><!-- AddThis Share Buttons generic via filter on the_content -->","protected":false},"excerpt":{"rendered":"<p>Kapcsolat<!-- AddThis Advanced Settings generic via filter on get_the_excerpt --><!-- AddThis Share Buttons generic via filter on get_the_excerpt --><\/p>\n","protected":false},"author":7,"featured_media":0,"parent":0,"menu_order":999,"comment_status":"closed","ping_status":"closed","template":"","meta":{"inline_featured_image":false},"yoast_head":"<!-- This site is optimized with the Yoast SEO plugin v20.6 - https:\/\/yoast.com\/wordpress\/plugins\/seo\/ -->\n<title>Contact us now for your FREE consultation &mdash; Quantum Medical<\/title>\n<meta name=\"description\" content=\"Contact Address: Str Randunelelor nr. 19, Satu Mare, Romania, 440049, Office-tel: +40 744 258 668\u00a0 -\u00a0 email: iuantumgyor@gmail.com\" \/>\n<meta name=\"robots\" content=\"index, follow, max-snippet:-1, max-image-preview:large, max-video-preview:-1\" \/>\n<link rel=\"canonical\" href=\"https:\/\/hu.quantum-medical.eu\/index.php\/contact\/\" \/>\n<meta property=\"og:locale\" content=\"en_US\" \/>\n<meta property=\"og:type\" content=\"article\" \/>\n<meta property=\"og:title\" content=\"Contact us now for your FREE consultation &mdash; Quantum Medical\" \/>\n<meta property=\"og:description\" content=\"Contact Address: Str Randunelelor nr. 19, Satu Mare, Romania, 440049, Office-tel: +40 744 258 668\u00a0 -\u00a0 email: iuantumgyor@gmail.com\" \/>\n<meta property=\"og:url\" content=\"https:\/\/hu.quantum-medical.eu\/index.php\/contact\/\" \/>\n<meta property=\"og:site_name\" content=\"Quantum Medical\" \/>\n<meta property=\"article:publisher\" content=\"https:\/\/www.facebook.com\/QuantumMedEU\" \/>\n<meta property=\"article:modified_time\" content=\"2025-08-12T09:22:59+00:00\" \/>\n<meta name=\"twitter:card\" content=\"summary_large_image\" \/>\n<meta name=\"twitter:site\" content=\"@QuantumMedEU\" \/>\n<meta name=\"twitter:label1\" content=\"Est. reading time\" \/>\n\t<meta name=\"twitter:data1\" content=\"1 minute\" \/>\n<script type=\"application\/ld+json\" class=\"yoast-schema-graph\">{\"@context\":\"https:\/\/schema.org\",\"@graph\":[{\"@type\":\"WebPage\",\"@id\":\"https:\/\/hu.quantum-medical.eu\/index.php\/contact\/\",\"url\":\"https:\/\/hu.quantum-medical.eu\/index.php\/contact\/\",\"name\":\"Contact us now for your FREE consultation &mdash; Quantum Medical\",\"isPartOf\":{\"@id\":\"https:\/\/hu.quantum-medical.eu\/#website\"},\"datePublished\":\"2021-03-24T07:00:29+00:00\",\"dateModified\":\"2025-08-12T09:22:59+00:00\",\"description\":\"Contact Address: Str Randunelelor nr. 19, Satu Mare, Romania, 440049, Office-tel: +40 744 258 668\u00a0 -\u00a0 email: iuantumgyor@gmail.com\",\"breadcrumb\":{\"@id\":\"https:\/\/hu.quantum-medical.eu\/index.php\/contact\/#breadcrumb\"},\"inLanguage\":\"en-US\",\"potentialAction\":[{\"@type\":\"ReadAction\",\"target\":[\"https:\/\/hu.quantum-medical.eu\/index.php\/contact\/\"]}]},{\"@type\":\"BreadcrumbList\",\"@id\":\"https:\/\/hu.quantum-medical.eu\/index.php\/contact\/#breadcrumb\",\"itemListElement\":[{\"@type\":\"ListItem\",\"position\":1,\"name\":\"Home\",\"item\":\"https:\/\/hu.quantum-medical.eu\/\"},{\"@type\":\"ListItem\",\"position\":2,\"name\":\"Kapcsolat\"}]},{\"@type\":\"WebSite\",\"@id\":\"https:\/\/hu.quantum-medical.eu\/#website\",\"url\":\"https:\/\/hu.quantum-medical.eu\/\",\"name\":\"Quantum Medical\",\"description\":\"\",\"publisher\":{\"@id\":\"https:\/\/hu.quantum-medical.eu\/#organization\"},\"potentialAction\":[{\"@type\":\"SearchAction\",\"target\":{\"@type\":\"EntryPoint\",\"urlTemplate\":\"https:\/\/hu.quantum-medical.eu\/?s={search_term_string}\"},\"query-input\":\"required name=search_term_string\"}],\"inLanguage\":\"en-US\"},{\"@type\":\"Organization\",\"@id\":\"https:\/\/hu.quantum-medical.eu\/#organization\",\"name\":\"Quantum Medical SRL\",\"url\":\"https:\/\/hu.quantum-medical.eu\/\",\"logo\":{\"@type\":\"ImageObject\",\"inLanguage\":\"en-US\",\"@id\":\"https:\/\/hu.quantum-medical.eu\/#\/schema\/logo\/image\/\",\"url\":\"https:\/\/hu.quantum-medical.eu\/wp-content\/uploads\/2021\/05\/Quantum-Medical-logo-1.svg\",\"contentUrl\":\"https:\/\/hu.quantum-medical.eu\/wp-content\/uploads\/2021\/05\/Quantum-Medical-logo-1.svg\",\"width\":1,\"height\":1,\"caption\":\"Quantum Medical SRL\"},\"image\":{\"@id\":\"https:\/\/hu.quantum-medical.eu\/#\/schema\/logo\/image\/\"},\"sameAs\":[\"https:\/\/www.facebook.com\/QuantumMedEU\",\"https:\/\/twitter.com\/QuantumMedEU\",\"https:\/\/www.youtube.com\/channel\/UCZTJzN8-w3F6DHAt2jh67oA\",\"https:\/\/www.instagram.com\/quantum_medical\/\"]}]}<\/script>\n<!-- \/ Yoast SEO plugin. -->","yoast_head_json":{"title":"Contact us now for your FREE consultation &mdash; Quantum Medical","description":"Contact Address: Str Randunelelor nr. 19, Satu Mare, Romania, 440049, Office-tel: +40 744 258 668\u00a0 -\u00a0 email: iuantumgyor@gmail.com","robots":{"index":"index","follow":"follow","max-snippet":"max-snippet:-1","max-image-preview":"max-image-preview:large","max-video-preview":"max-video-preview:-1"},"canonical":"https:\/\/hu.quantum-medical.eu\/index.php\/contact\/","og_locale":"en_US","og_type":"article","og_title":"Contact us now for your FREE consultation &mdash; Quantum Medical","og_description":"Contact Address: Str Randunelelor nr. 19, Satu Mare, Romania, 440049, Office-tel: +40 744 258 668\u00a0 -\u00a0 email: iuantumgyor@gmail.com","og_url":"https:\/\/hu.quantum-medical.eu\/index.php\/contact\/","og_site_name":"Quantum Medical","article_publisher":"https:\/\/www.facebook.com\/QuantumMedEU","article_modified_time":"2025-08-12T09:22:59+00:00","twitter_card":"summary_large_image","twitter_site":"@QuantumMedEU","twitter_misc":{"Est. reading time":"1 minute"},"schema":{"@context":"https:\/\/schema.org","@graph":[{"@type":"WebPage","@id":"https:\/\/hu.quantum-medical.eu\/index.php\/contact\/","url":"https:\/\/hu.quantum-medical.eu\/index.php\/contact\/","name":"Contact us now for your FREE consultation &mdash; Quantum Medical","isPartOf":{"@id":"https:\/\/hu.quantum-medical.eu\/#website"},"datePublished":"2021-03-24T07:00:29+00:00","dateModified":"2025-08-12T09:22:59+00:00","description":"Contact Address: Str Randunelelor nr. 19, Satu Mare, Romania, 440049, Office-tel: +40 744 258 668\u00a0 -\u00a0 email: iuantumgyor@gmail.com","breadcrumb":{"@id":"https:\/\/hu.quantum-medical.eu\/index.php\/contact\/#breadcrumb"},"inLanguage":"en-US","potentialAction":[{"@type":"ReadAction","target":["https:\/\/hu.quantum-medical.eu\/index.php\/contact\/"]}]},{"@type":"BreadcrumbList","@id":"https:\/\/hu.quantum-medical.eu\/index.php\/contact\/#breadcrumb","itemListElement":[{"@type":"ListItem","position":1,"name":"Home","item":"https:\/\/hu.quantum-medical.eu\/"},{"@type":"ListItem","position":2,"name":"Kapcsolat"}]},{"@type":"WebSite","@id":"https:\/\/hu.quantum-medical.eu\/#website","url":"https:\/\/hu.quantum-medical.eu\/","name":"Quantum Medical","description":"","publisher":{"@id":"https:\/\/hu.quantum-medical.eu\/#organization"},"potentialAction":[{"@type":"SearchAction","target":{"@type":"EntryPoint","urlTemplate":"https:\/\/hu.quantum-medical.eu\/?s={search_term_string}"},"query-input":"required name=search_term_string"}],"inLanguage":"en-US"},{"@type":"Organization","@id":"https:\/\/hu.quantum-medical.eu\/#organization","name":"Quantum Medical SRL","url":"https:\/\/hu.quantum-medical.eu\/","logo":{"@type":"ImageObject","inLanguage":"en-US","@id":"https:\/\/hu.quantum-medical.eu\/#\/schema\/logo\/image\/","url":"https:\/\/hu.quantum-medical.eu\/wp-content\/uploads\/2021\/05\/Quantum-Medical-logo-1.svg","contentUrl":"https:\/\/hu.quantum-medical.eu\/wp-content\/uploads\/2021\/05\/Quantum-Medical-logo-1.svg","width":1,"height":1,"caption":"Quantum Medical SRL"},"image":{"@id":"https:\/\/hu.quantum-medical.eu\/#\/schema\/logo\/image\/"},"sameAs":["https:\/\/www.facebook.com\/QuantumMedEU","https:\/\/twitter.com\/QuantumMedEU","https:\/\/www.youtube.com\/channel\/UCZTJzN8-w3F6DHAt2jh67oA","https:\/\/www.instagram.com\/quantum_medical\/"]}]}},"builder_content":"<h3><strong>Magyarorsz\u00e1gi viszontelad\u00f3ink:<\/strong><\/h3> <p><strong>Keppel-\u0150sze Anita<\/strong> <a href=\"tel:+36709470125\">+36 709 470 125<\/a><\/p> <p>Fert\u0151szentmikl\u00f3s, 9444<br \/>Kolozsv\u00e1ri utca.15<br \/>E-mail: <a href=\"mailto:oszeanita11@gmail.com\">oszeanita11@gmail.com<\/a><\/p> <p>\u00a0<\/p> <p>\u00a0<\/p>\n<a href=\"https:\/\/wa.me\/+36703357237\" > <em><svg aria-hidden=\"true\"><use href=\"#tf-fab-whatsapp\"><\/use><\/svg><\/em> BESZ\u00c9LJ VEL\u00dcNK WHATSAPPON <\/a>\n<a href=\"https:\/\/twitter.com\/themify\"> <em><svg aria-hidden=\"true\"><use href=\"#tf-ti-twitter-alt\"><\/use><\/svg><\/em> <\/a> <a href=\"https:\/\/www.facebook.com\/Biofeedback2014Ltd\/?ref=br_rs\"> <em><svg aria-hidden=\"true\"><use href=\"#tf-fab-facebook\"><\/use><\/svg><\/em> <\/a> <a href=\"https:\/\/www.youtube.com\/channel\/UCZTJzN8-w3F6DHAt2jh67oA\/videos?view_as=subscriber\"> <em><svg aria-hidden=\"true\"><use href=\"#tf-fab-youtube\"><\/use><\/svg><\/em> <\/a>\n<form action=\"https:\/\/hu.quantum-medical.eu\/wp-admin\/admin-ajax.php\" class=\"builder-contact\" id=\"tb_hu0r714-form\" method=\"post\" data-post-id=\"0\" data-element-id=\"hu0r714\" data-orig-id=\"1332\" > <label for=\"tb_hu0r714-contact-name\"><\/label> <input type=\"text\" name=\"contact-name\" placeholder=\"N\u00e9v\" id=\"tb_hu0r714-contact-name\" value=\"\" required> <label for=\"tb_hu0r714-contact-email\"><\/label> <input type=\"text\" name=\"contact-email\" placeholder=\"E-mail\" id=\"tb_hu0r714-contact-email\" value=\"\" required> <label for=\"tb_hu0r714-contact-subject\"><\/label> <input type=\"text\" name=\"contact-subject\" placeholder=\"T\u00e9ma\" id=\"tb_hu0r714-contact-subject\" value=\"\" > <label for=\"tb_hu0r714-contact-message\"><\/label> <textarea name=\"contact-message\" placeholder=\"\u00dczenet\" id=\"tb_hu0r714-contact-message\" required><\/textarea> <label> <input type=\"checkbox\" name=\"gdpr\" value=\"1\" required> Hozz\u00e1j\u00e1rulok az \u00e1ltalam beny\u00fajtott adatok gy\u0171jt\u00e9s\u00e9hez \u00e9s t\u00e1rol\u00e1s\u00e1hoz * <\/label> <button type=\"submit\">K\u00fcld\u00e9s<\/button> <\/form>","_links":{"self":[{"href":"https:\/\/hu.quantum-medical.eu\/index.php\/wp-json\/wp\/v2\/pages\/1332"}],"collection":[{"href":"https:\/\/hu.quantum-medical.eu\/index.php\/wp-json\/wp\/v2\/pages"}],"about":[{"href":"https:\/\/hu.quantum-medical.eu\/index.php\/wp-json\/wp\/v2\/types\/page"}],"author":[{"embeddable":true,"href":"https:\/\/hu.quantum-medical.eu\/index.php\/wp-json\/wp\/v2\/users\/7"}],"replies":[{"embeddable":true,"href":"https:\/\/hu.quantum-medical.eu\/index.php\/wp-json\/wp\/v2\/comments?post=1332"}],"version-history":[{"count":140,"href":"https:\/\/hu.quantum-medical.eu\/index.php\/wp-json\/wp\/v2\/pages\/1332\/revisions"}],"predecessor-version":[{"id":3682,"href":"https:\/\/hu.quantum-medical.eu\/index.php\/wp-json\/wp\/v2\/pages\/1332\/revisions\/3682"}],"wp:attachment":[{"href":"https:\/\/hu.quantum-medical.eu\/index.php\/wp-json\/wp\/v2\/media?parent=1332"}],"curies":[{"name":"wp","href":"https:\/\/api.w.org\/{rel}","templated":true}]}}