{"id":1316,"date":"2021-03-24T06:44:43","date_gmt":"2021-03-24T06:44:43","guid":{"rendered":"https:\/\/hu.quantum-medical.eu\/?page_id=1316"},"modified":"2022-09-28T10:48:38","modified_gmt":"2022-09-28T10:48:38","slug":"3rd-eye-frequency-stimulation-application","status":"publish","type":"page","link":"https:\/\/hu.quantum-medical.eu\/index.php\/programs-for-the-eductor1-and-nucleus-devices\/3rd-eye-frequency-stimulation-application\/","title":{"rendered":"A HARMADIK SZEM FREKVENCI\u00c1J\u00c1NAK STIMUL\u00c1L\u00c1SA"},"content":{"rendered":"<p>A HARMADIK SZEM FREKVENCI\u00c1J\u00c1NAK STIMUL\u00c1L\u00c1SA egy egyed\u00fcl\u00e1ll\u00f3 alkalmaz\u00e1s, amelyet csak az ED.X \u00e9s NUCLEUS k\u00edn\u00e1l, \u00e9s a jobb eg\u00e9szs\u00e9g egyik legfontosabb eszk\u00f6ze.<\/p>\n\n\n\n<p>El\u0151sz\u00f6r is \u00e9rts\u00fck meg, mi\u00e9rt olyan fontos a harmadik szem. A harmadik szem lehet\u0151v\u00e9 teszi a tiszta gondolkod\u00e1st, a spiritu\u00e1lis szeml\u00e9l\u0151d\u00e9st \u00e9s az \u00f6nreflexi\u00f3t. Ez a legmagasabb csakra a fizikai testben, amely lehet\u0151v\u00e9 teszi sz\u00e1m\u00e1ra, hogy l\u00e1tnoki perspekt\u00edv\u00e1t biztos\u00edtson. A harmadik szem seg\u00edt meghat\u00e1rozni a val\u00f3s\u00e1got \u00e9s a hiedelmeket az alapj\u00e1n, hogy mit szeretne l\u00e1tni a vil\u00e1gban.<\/p>\n\n\n\n<p>Biol\u00f3giai \u00e9rtelemben a harmadik szemnek nevezett mirigy a tobozmirigy. A tobozmirigy egy kicsi, bors\u00f3 alak\u00fa mirigy az agyban. Funkci\u00f3ja nem teljesen ismert. A k\u00f6vetkez\u0151 tanulm\u00e1nyokat v\u00e9gezt\u00e9k el, amelyek n\u00e9mi betekint\u00e9st ny\u00fajtanak a tobozmirigy fontoss\u00e1g\u00e1ba:<\/p>\n\n\n\n<ul><li>A kutat\u00f3k tudj\u00e1k, hogy bizonyos hormonokat termel \u00e9s szab\u00e1lyoz, k\u00f6zt\u00fck a melatonint is. A melatonin legink\u00e1bb az alv\u00e1si szok\u00e1sok szab\u00e1lyoz\u00e1s\u00e1ban j\u00e1tszott szerep\u00e9r\u0151l ismert. Az alv\u00e1si mint\u00e1kat cirkadi\u00e1n ritmusnak is nevezik.<\/li><li>A tobozmirigy szerepet j\u00e1tszik a n\u0151i hormonok szintj\u00e9nek szab\u00e1lyoz\u00e1s\u00e1ban is, \u00e9s befoly\u00e1solhatja a term\u00e9kenys\u00e9get \u00e9s a menstru\u00e1ci\u00f3s ciklust. Ez r\u00e9szben a melatoninnak k\u00f6sz\u00f6nhet\u0151, amelyet a tobozmirigy termel \u00e9s v\u00e1laszt ki. A tanulm\u00e1nyok azt is sugallj\u00e1k, hogy a melatonin seg\u00edthet megv\u00e9deni a sz\u00edv- \u00e9s \u00e9rrendszeri probl\u00e9m\u00e1kat, p\u00e9ld\u00e1ul az \u00e9relmeszesed\u00e9st \u00e9s a magas v\u00e9rnyom\u00e1st. Azonban tov\u00e1bbi kutat\u00e1sokra van sz\u00fcks\u00e9g a melatonin lehets\u00e9ges funkci\u00f3ir\u00f3l.<\/li><li>A tobozmirigy m\u00e9rete bizonyos hangulati rendelleness\u00e9gek kock\u00e1zat\u00e1t jelezheti. Egyes tanulm\u00e1nyok azt sugallt\u00e1k, hogy a kisebb tobozmirigy n\u00f6velheti a skizofr\u00e9nia \u00e9s m\u00e1s hangulati rendelleness\u00e9gek kialakul\u00e1s\u00e1nak kock\u00e1zat\u00e1t. Azonban t\u00f6bb kutat\u00e1sra van sz\u00fcks\u00e9g ahhoz, hogy jobban meg\u00e9rts\u00fck a tobozmirigy t\u00e9rfogat\u00e1nak a hangulati rendelleness\u00e9gekre gyakorolt \u200b\u200bhat\u00e1s\u00e1t.<\/li><li>M\u00e1s kutat\u00e1sok azt sugallj\u00e1k, hogy \u00f6sszef\u00fcgg\u00e9s lehet a tobozmirigy k\u00e1rosodott m\u0171k\u00f6d\u00e9se \u00e9s a r\u00e1k kock\u00e1zata k\u00f6z\u00f6tt. Egy k\u00f6zelm\u00faltban v\u00e9gzett tanulm\u00e1ny bizony\u00edt\u00e9kot tal\u00e1lt arra, hogy a t\u00falzott f\u00e9nysug\u00e1rz\u00e1s k\u00f6vetkezt\u00e9ben a tobozmirigy cs\u00f6kkent m\u0171k\u00f6d\u00e9se sejtk\u00e1rosod\u00e1shoz \u00e9s a vastagb\u00e9lr\u00e1k fokozott kock\u00e1zat\u00e1hoz vezetett.<\/li><\/ul>\n\n\n\n<p>A tobozmirigy sz\u00e1mos m\u00e1s fontos strukt\u00fara k\u00f6zel\u00e9ben tal\u00e1lhat\u00f3, \u00e9s er\u0151s k\u00f6lcs\u00f6nhat\u00e1sba l\u00e9p a v\u00e9rrel \u00e9s m\u00e1s folyad\u00e9kokkal. Ha tobozmirigy daganat alakul ki, az sok m\u00e1s dolgot is befoly\u00e1solhat a szervezet\u00e9ben. A daganat korai t\u00fcnetei a k\u00f6vetkez\u0151k:<\/p>\n\n\n\n<ul><li>rohamok<\/li><li>mem\u00f3riazavar<\/li><li>fejf\u00e1j\u00e1s<\/li><li>h\u00e1nyinger<\/li><li>a l\u00e1t\u00e1s \u00e9s m\u00e1s \u00e9rz\u00e9kszervek k\u00e1rosod\u00e1sa<\/li><\/ul>\n\n\n\n<p>A tobozmirigy, m\u00e1s n\u00e9ven &#8220;harmadik szem&#8221; vagy &#8220;hatodik \u00e9rz\u00e9k&#8221;, egy magasabb energiamez\u0151, amely inform\u00e1ci\u00f3t szolg\u00e1ltat nek\u00fcnk arr\u00f3l, hogyan \u00e9s mit nem l\u00e1tunk, nem \u00edzlelhet\u00fcnk, nem \u00e9rezhet\u00fcnk, nem hallhatunk vagy szagolhatunk. Mivel ez az er\u0151teljes \u201ehatodik \u00e9rz\u00e9k\u201d t\u00falmutat \u00f6t legegyszer\u0171bb emberi \u00e9rz\u00e9k\u00fcnk\u00f6n, m\u00e1s m\u00f3don is megismertet benn\u00fcnket. Vagyis \u00f6szt\u00f6n\u00f6s \u00e9rz\u00e9seken kereszt\u00fcl. Val\u00f3j\u00e1ban a kvantumt\u00e9relm\u00e9let n\u00f6vekv\u0151 elfogad\u00e1s\u00e1val (hogy mindannyian isteni kapcsolatban vagyunk egym\u00e1ssal), egyre t\u00f6bb tud\u00f3s v\u00e9li \u00fagy, hogy a harmadik szem intu\u00edci\u00f3ja \u00e9rv\u00e9nyes, ellen\u0151rizhet\u0151 jelens\u00e9g.<\/p>\n\n\n\n<h2>Honnan tudhatom, hogy a harmadik szem csakr\u00e1m nyitott \u00e9s akt\u00edv?<\/h2>\n\n\n\n<p>Volt m\u00e1r olyan \u00e9rz\u00e9sed, hogy valaki, akit szeretsz, vesz\u00e9lyben van, \u00e9s pillanatok m\u00falva felh\u00edvtak, hogy igazolja \u00e9rz\u00e9seidet? Gondolt\u00e1l m\u00e1r arra, hogy valaki m\u00e1sodpercekkel azel\u0151tt e-mailt vagy SMS-t k\u00fcld?Min\u00e9l jobban \u00f6sszhangban vagy vele, ann\u00e1l jobban tudat\u00e1ban vagy annak, hogy ez val\u00f3ban egy \u00e9rt\u00e9kes szuperer\u0151.<\/p>\n\n\n\n<p>Az ED.X \u00e9s a NUCLEUS speci\u00e1lis alkalmaz\u00e1s\u00e1nak k\u00f6sz\u00f6nhet\u0151en sz\u00e1mos el\u0151nnyel j\u00e1r a harmadik szem aktiv\u00e1l\u00e1sa. \u00cdme n\u00e9h\u00e1ny:<\/p>\n\n\n\n<h2>1.\u00a0\u00a0\u00a0\u00a0\u00a0\u00a0\u00a0\u00a0\u00a0\u00a0\u00a0 \u00c9les intu\u00edci\u00f3: A bels\u0151 b\u00f6lcsess\u00e9g hasznos\u00edt\u00e1sa<\/h2>\n\n\n\n<p>A speci\u00e1lis harmadik szem frekvencia stimul\u00e1l\u00f3 alkalmaz\u00e1s seg\u00edt magasabb tudat\u00e1llapotok el\u00e9r\u00e9s\u00e9ben, nagyobb \u00f6ntudatoss\u00e1gban, m\u00e9lyebb \u00e9rzelmi elsaj\u00e1t\u00edt\u00e1sban, mik\u00f6zben k\u00f6nnyed\u00e9n kezelheti a napi stresszt, velesz\u00fcletett aj\u00e1nd\u00e9kot \u2013 intu\u00edci\u00f3t adva.<\/p>\n\n\n\n<p>265&nbsp;\/ 5000<a><\/a><a><\/a><\/p>\n\n\n\n<h2 id=\"c144\"><\/h2>\n\n\n\n<p>Kezdetben r\u00e1j\u00f6ssz, hogy mennyi bels\u0151 intelligencia van m\u00e1r a kezed \u00fcgy\u00e9ben. \u00c9s amint elkezded l\u00e1tni a hatalmas el\u0151ny\u00f6ket, meglesz az \u00f6sszes motiv\u00e1ci\u00f3, amelyre sz\u00fcks\u00e9ged van ahhoz, hogy tov\u00e1bb nyisd \u00e9s aktiv\u00e1ld harmadik szemed annak &#8220;teljes potenci\u00e1lj\u00e1ra&#8221;.<\/p>\n\n\n\n<p>A harmadik szem intu\u00edci\u00f3ja aktiv\u00e1l\u00f3dik, hogy tud, hogyan \u00e1ll\u00edthatod helyre az eg\u00e9szs\u00e9ged, hogyan vonzhatsz be jobb kapcsolatokat, hogyan hozhatsz l\u00e9tre l\u00e9p\u00e9sr\u0151l l\u00e9p\u00e9sre egy folyamatot a nagyobb karrier \u00e9s p\u00e9nz\u00fcgyi siker \u00e9rdek\u00e9ben, mik\u00f6zben elvezeted magad val\u00f3di \u00e9letc\u00e9lodhoz.<\/p>\n\n\n\n<h2>2.\u00a0\u00a0\u00a0\u00a0\u00a0\u00a0\u00a0\u00a0\u00a0\u00a0\u00a0 Igazodj a \u201eVonz\u00e1s T\u00f6rv\u00e9ny\u00e9hez\u201d, mutasd meg azt az \u00e9letet, amire v\u00e1gysz<\/h2>\n\n\n\n<p>Mindannyian emberek vagyunk, \u00e9s b\u00e1r mindannyian f\u00e9lelem n\u00e9lk\u00fcl akarunk \u00e9lni, az aggodalom csak tov\u00e1bb fokozza az aggodalmat. Hiszen a hasonl\u00f3 vonzza a hasonl\u00f3t, f\u0151leg a gondolatainkkal.<\/p>\n\n\n\n<p>Ez az alkalmaz\u00e1s seg\u00edt abban, hogy val\u00f3di er\u0151re tegy\u00e9l szert az\u00e1ltal, hogy k\u00e9pess\u00e9 v\u00e1lsz arra, hogy gondolataid term\u00e9szet\u00e9t a gy\u00f6kerekt\u0151l kezdve megv\u00e1ltoztasd. Az eredm\u00e9ny? Egyre kevesebb aggodalom, szorong\u00e1s \u00e9s negat\u00edv gondolkod\u00e1s. \u00c9s amikor ezt a poggy\u00e1szt elt\u00e1vol\u00edtjuk az elm\u00e9b\u0151l, ami a hely\u00e9re ker\u00fcl, az t\u00f6k\u00e9letesen \u00f6sszhangban lesz a vonz\u00e1s t\u00f6rv\u00e9ny\u00e9vel.<\/p>\n\n\n\n<p>Ahogy a harmadik szemed egyre jobban kiny\u00edlik, ment\u00e1lis, \u00e9rzelmi \u00e9s fizikai \u00e1llapotod kivir\u00e1gzik, ami seg\u00edt magasabb szint\u0171 lelkeket vonzani az \u00e9letedbe \u2013 \u00faj \u00e9s jobb kapcsolatokat eredm\u00e9nyezve minden fronton.<\/p>\n\n\n\n<p>Ahogy a harmadik szemed olyan vil\u00e1goss\u00e1 teszi a sikerhez vezet\u0151 utat, mint a nap, elkezded a b\u0151s\u00e9get olyan term\u00e9szetesen megnyilv\u00e1nulni, mint a l\u00e9gz\u00e9s. Az \u00faj dimenzi\u00f3 fel\u00e9 val\u00f3 nyit\u00e1ssal egy tudatosabb, tartalmasabb \u00e9s figyelmesebb \u00e9let bontakozik ki.<\/p>\n\n\n\n<h2>3.\u00a0\u00a0\u00a0\u00a0\u00a0\u00a0\u00a0\u00a0\u00a0\u00a0\u00a0Magasabb tudatoss\u00e1g &#8211; nulla stressz, szorong\u00e1s, aggodalom<\/h2>\n\n\n\n<p>Munkamenetr\u0151l \u00fcl\u00e9sre ezzel a harmadik szem frekvencia-stimul\u00e1l\u00f3 alkalmaz\u00e1ssal, term\u00e9szetesen tudatoss\u00e1godat egyre magasabb \u00e9s magasabb \u00e1llapotokba tolod, felszabad\u00edtva a szorong\u00e1st \u00e9s aggodalmat \u00e9leted minden pillanat\u00e1ban.<\/p>\n\n\n\n<p>A jelz\u00e1log-, di\u00e1khitel- \u00e9s hitelk\u00e1rtyasz\u00e1mla kifizet\u00e9s\u00e9vel kapcsolatos stressz aggodalma hamarosan elillan. Helyette pedig vil\u00e1gos \u00e9s jelenl\u00e9v\u0151 gondolatok lesznek arr\u00f3l, hogyan lehet\u00fcnk ilyen sikeresek. Hirtelen egy aktiv\u00e1lt \u00e9s stimul\u00e1lt harmadik szemmel minden perspekt\u00edv\u00e1ba ker\u00fcl \u00e9s vil\u00e1gos lesz.<\/p>\n\n\n\n<h2>4.\u00a0\u00a0\u00a0\u00a0\u00a0\u00a0\u00a0\u00a0\u00a0\u00a0Ahhoz, hogy megtudd, mi az \u201eodakint\u201d, n\u00e9zz befel\u00e9: ismerd meg a \u201elegjobb utat\u201d<\/h2>\n\n\n\n<p>Ha valaha is azon t\u00f6prengt\u00e9l, hogy mi v\u00e1r r\u00e1d \u201eodakint\u201d, de nem tudod, mi az \u201eodakint\u201d, tudd: nincs mit\u0151l f\u00e9lni \u2013 a f\u00e9lelemnek nem kell \u00e9rv\u00e9nyes\u00fclnie.<\/p>\n\n\n\n<p>B\u00e1rmilyen k\u00e9rd\u00e9sed van az \u00e9leteddel kapcsolatban, mint p\u00e9ld\u00e1ul, hogy \u00faj karriert kezdj-e vagy sem, vagy mit kezdj a jelenlegi kapcsolatoddal, vagy hogyan \u00e9rd el legnagyobb c\u00e9ljaidat \u00e9s \u00e1lmaidat, megv\u00e1laszolhatod a benne tal\u00e1lhat\u00f3 rengeteg inform\u00e1ci\u00f3b\u00f3l.<\/p>\n\n\n\n<p>Harmadik szemed aktiv\u00e1l\u00e1s\u00e1val \u00e9s stimul\u00e1l\u00e1s\u00e1val megl\u00e1tod, meg\u00e9rted \u00e9s \u00e9lvezed az egykor rejtett vil\u00e1g l\u00e1tv\u00e1nyait \u00e9s hangjait, lehet\u0151v\u00e9 t\u00e9ve, hogy optimaliz\u00e1ld \u00e9s t\u00f6k\u00e9letes\u00edtsd az \u00e9letedet az isteni inform\u00e1ci\u00f3 eme hatalmas t\u00e1rh\u00e1z\u00e1val.<\/p>\n\n\n\n<p>L\u00e1sd a l\u00e1thatatlant, tedd lehet\u0151v\u00e9 a lehetetlent- teljes potenci\u00e1lod felszabad\u00edt\u00e1s\u00e1val.<\/p>\n\n\n\n<p>A harmadik szem frekvencia-stimul\u00e1ci\u00f3s alkalmaz\u00e1s\u00e1nak jelent\u0151s\u00e9ge nagy az ED.X-ben \u00e9s a NUCLEUS-ban, \u00e9s minden \u00fcl\u00e9s\u00fcnk\u00f6n alkalmazni kell.<\/p>\n\n\n\n<p>A <strong>HARMADIK SZEM FREKVENCI\u00c1J\u00c1NAK STIMUL\u00c1L\u00c1SA <\/strong>program a <strong>NUCLEUS<\/strong> k\u00e9sz\u00fcl\u00e9k v\u00e1s\u00e1rl\u00e1sa eset\u00e9n <strong>INGYENES<\/strong>, \u00e9s <strong>1000 eur\u00f3\u00e9rt<\/strong> megv\u00e1s\u00e1rolhat\u00f3 az <strong>ED.X-hez<\/strong>. A modul megv\u00e1s\u00e1rl\u00e1s\u00e1hoz vedd fel vel\u00fcnk al <a href=\"https:\/\/hu.quantum-medical.eu\/index.php\/contact\/\">kapcsolatot<\/a>.<\/p>\n\n<!--themify_builder_content-->\n<div id=\"themify_builder_content-1316\" data-postid=\"1316\" class=\"themify_builder_content themify_builder_content-1316 themify_builder tf_clear\">\n    \t<!-- module_row -->\n\t<div  data-lazy=\"1\" class=\"module_row themify_builder_row tb_20un563 tb_first tf_clearfix\">\n\t    \t\t<div class=\"row_inner col_align_top col-count-1 tf_box tf_w tf_rel\">\n\t\t\t<div  data-lazy=\"1\" class=\"module_column tb-column col-full first tb_kzs4566 tf_box\">\n\t\t\t    \t        <div class=\"tb-column-inner tf_box tf_w\">\n\t\t    <!-- module buttons -->\n<div  class=\"module module-buttons tb_0piu566 buttons-horizontal solid  circle buttons-fullwidth hover-wow wow\" data-tf-animation_hover=\"pulse\" data-tf-animation=\"bounce\" data-tf-animation_delay=\"1\" data-lazy=\"1\">\n    \t<div class=\"module-buttons-item tf_inline_b\">\n\t\t\t\t\t\t\t<a href=\"https:\/\/hu.quantum-medical.eu\/index.php\/contact\/\" class=\"ui builder_button black\" >\n\t\t\t\t\t\t\t\t\t\t\t<span class=\"tf_inline_b tf_vmiddle\">V\u00c1S\u00c1ROLJ MOST<\/span>\n\t\t\t\t\t\t\t\t\t\t\t<\/a>\n\t\t\t    \t<\/div>\n\t<\/div>\n<!-- \/module buttons -->\n\t        <\/div>\n\t    \t<\/div>\n\t\t    <\/div>\n\t    <!-- \/row_inner -->\n\t<\/div>\n\t<!-- \/module_row -->\n\t<\/div>\n<!--\/themify_builder_content--><!-- AddThis Advanced Settings generic via filter on the_content --><!-- AddThis Share Buttons generic via filter on the_content -->","protected":false},"excerpt":{"rendered":"<p>A HARMADIK SZEM FREKVENCI\u00c1J\u00c1NAK STIMUL\u00c1L\u00c1SA egy egyed\u00fcl\u00e1ll\u00f3 alkalmaz\u00e1s, amelyet csak az ED.X \u00e9s NUCLEUS k\u00edn\u00e1l, \u00e9s a jobb eg\u00e9szs\u00e9g egyik legfontosabb eszk\u00f6ze. El\u0151sz\u00f6r is \u00e9rts\u00fck meg, mi\u00e9rt olyan fontos a harmadik szem. A harmadik szem lehet\u0151v\u00e9 teszi a tiszta gondolkod\u00e1st, a spiritu\u00e1lis szeml\u00e9l\u0151d\u00e9st \u00e9s az \u00f6nreflexi\u00f3t. Ez a legmagasabb csakra a fizikai testben, amely lehet\u0151v\u00e9 [&hellip;]<!-- AddThis Advanced Settings generic via filter on get_the_excerpt --><!-- AddThis Share Buttons generic via filter on get_the_excerpt --><\/p>\n","protected":false},"author":7,"featured_media":1317,"parent":38,"menu_order":120,"comment_status":"closed","ping_status":"closed","template":"","meta":{"inline_featured_image":false},"yoast_head":"<!-- This site is optimized with the Yoast SEO plugin v20.6 - https:\/\/yoast.com\/wordpress\/plugins\/seo\/ -->\n<title>A HARMADIK SZEM FREKVENCI\u00c1J\u00c1NAK STIMUL\u00c1L\u00c1SA &mdash;-subprograms- Quantum Medical<\/title>\n<meta name=\"description\" content=\"3rd Eye Stimulation Frequency Application on the ED.X and NUCLEUS is a unique application that only the ED.X and NUCLEUS offers.\" \/>\n<meta name=\"robots\" content=\"index, follow, max-snippet:-1, max-image-preview:large, max-video-preview:-1\" \/>\n<link rel=\"canonical\" href=\"https:\/\/hu.quantum-medical.eu\/index.php\/programs-for-the-eductor1-and-nucleus-devices\/3rd-eye-frequency-stimulation-application\/\" \/>\n<meta property=\"og:locale\" content=\"en_US\" \/>\n<meta property=\"og:type\" content=\"article\" \/>\n<meta property=\"og:title\" content=\"A HARMADIK SZEM FREKVENCI\u00c1J\u00c1NAK STIMUL\u00c1L\u00c1SA &mdash;-subprograms- Quantum Medical\" \/>\n<meta property=\"og:description\" content=\"3rd Eye Stimulation Frequency Application on the ED.X and NUCLEUS is a unique application that only the ED.X and NUCLEUS offers.\" \/>\n<meta property=\"og:url\" content=\"https:\/\/hu.quantum-medical.eu\/index.php\/programs-for-the-eductor1-and-nucleus-devices\/3rd-eye-frequency-stimulation-application\/\" \/>\n<meta property=\"og:site_name\" content=\"Quantum Medical\" \/>\n<meta property=\"article:publisher\" content=\"https:\/\/www.facebook.com\/QuantumMedEU\" \/>\n<meta property=\"article:modified_time\" content=\"2022-09-28T10:48:38+00:00\" \/>\n<meta property=\"og:image\" content=\"https:\/\/hu.quantum-medical.eu\/wp-content\/uploads\/2021\/03\/3rd.jpg\" \/>\n\t<meta property=\"og:image:width\" content=\"1920\" \/>\n\t<meta property=\"og:image:height\" content=\"948\" \/>\n\t<meta property=\"og:image:type\" content=\"image\/jpeg\" \/>\n<meta name=\"twitter:card\" content=\"summary_large_image\" \/>\n<meta name=\"twitter:site\" content=\"@QuantumMedEU\" \/>\n<meta name=\"twitter:label1\" content=\"Est. reading time\" \/>\n\t<meta name=\"twitter:data1\" content=\"5 minutes\" \/>\n<script type=\"application\/ld+json\" class=\"yoast-schema-graph\">{\"@context\":\"https:\/\/schema.org\",\"@graph\":[{\"@type\":\"WebPage\",\"@id\":\"https:\/\/hu.quantum-medical.eu\/index.php\/programs-for-the-eductor1-and-nucleus-devices\/3rd-eye-frequency-stimulation-application\/\",\"url\":\"https:\/\/hu.quantum-medical.eu\/index.php\/programs-for-the-eductor1-and-nucleus-devices\/3rd-eye-frequency-stimulation-application\/\",\"name\":\"A HARMADIK SZEM FREKVENCI\u00c1J\u00c1NAK STIMUL\u00c1L\u00c1SA &mdash;-subprograms- Quantum Medical\",\"isPartOf\":{\"@id\":\"https:\/\/hu.quantum-medical.eu\/#website\"},\"datePublished\":\"2021-03-24T06:44:43+00:00\",\"dateModified\":\"2022-09-28T10:48:38+00:00\",\"description\":\"3rd Eye Stimulation Frequency Application on the ED.X and NUCLEUS is a unique application that only the ED.X and NUCLEUS offers.\",\"breadcrumb\":{\"@id\":\"https:\/\/hu.quantum-medical.eu\/index.php\/programs-for-the-eductor1-and-nucleus-devices\/3rd-eye-frequency-stimulation-application\/#breadcrumb\"},\"inLanguage\":\"en-US\",\"potentialAction\":[{\"@type\":\"ReadAction\",\"target\":[\"https:\/\/hu.quantum-medical.eu\/index.php\/programs-for-the-eductor1-and-nucleus-devices\/3rd-eye-frequency-stimulation-application\/\"]}]},{\"@type\":\"BreadcrumbList\",\"@id\":\"https:\/\/hu.quantum-medical.eu\/index.php\/programs-for-the-eductor1-and-nucleus-devices\/3rd-eye-frequency-stimulation-application\/#breadcrumb\",\"itemListElement\":[{\"@type\":\"ListItem\",\"position\":1,\"name\":\"Home\",\"item\":\"https:\/\/hu.quantum-medical.eu\/\"},{\"@type\":\"ListItem\",\"position\":2,\"name\":\"Programok\",\"item\":\"https:\/\/hu.quantum-medical.eu\/index.php\/programs-for-the-eductor1-and-nucleus-devices\/\"},{\"@type\":\"ListItem\",\"position\":3,\"name\":\"A HARMADIK SZEM FREKVENCI\u00c1J\u00c1NAK STIMUL\u00c1L\u00c1SA\"}]},{\"@type\":\"WebSite\",\"@id\":\"https:\/\/hu.quantum-medical.eu\/#website\",\"url\":\"https:\/\/hu.quantum-medical.eu\/\",\"name\":\"Quantum Medical\",\"description\":\"\",\"publisher\":{\"@id\":\"https:\/\/hu.quantum-medical.eu\/#organization\"},\"potentialAction\":[{\"@type\":\"SearchAction\",\"target\":{\"@type\":\"EntryPoint\",\"urlTemplate\":\"https:\/\/hu.quantum-medical.eu\/?s={search_term_string}\"},\"query-input\":\"required name=search_term_string\"}],\"inLanguage\":\"en-US\"},{\"@type\":\"Organization\",\"@id\":\"https:\/\/hu.quantum-medical.eu\/#organization\",\"name\":\"Quantum Medical SRL\",\"url\":\"https:\/\/hu.quantum-medical.eu\/\",\"logo\":{\"@type\":\"ImageObject\",\"inLanguage\":\"en-US\",\"@id\":\"https:\/\/hu.quantum-medical.eu\/#\/schema\/logo\/image\/\",\"url\":\"https:\/\/hu.quantum-medical.eu\/wp-content\/uploads\/2021\/05\/Quantum-Medical-logo-1.svg\",\"contentUrl\":\"https:\/\/hu.quantum-medical.eu\/wp-content\/uploads\/2021\/05\/Quantum-Medical-logo-1.svg\",\"width\":1,\"height\":1,\"caption\":\"Quantum Medical SRL\"},\"image\":{\"@id\":\"https:\/\/hu.quantum-medical.eu\/#\/schema\/logo\/image\/\"},\"sameAs\":[\"https:\/\/www.facebook.com\/QuantumMedEU\",\"https:\/\/twitter.com\/QuantumMedEU\",\"https:\/\/www.youtube.com\/channel\/UCZTJzN8-w3F6DHAt2jh67oA\",\"https:\/\/www.instagram.com\/quantum_medical\/\"]}]}<\/script>\n<!-- \/ Yoast SEO plugin. -->","yoast_head_json":{"title":"A HARMADIK SZEM FREKVENCI\u00c1J\u00c1NAK STIMUL\u00c1L\u00c1SA &mdash;-subprograms- Quantum Medical","description":"3rd Eye Stimulation Frequency Application on the ED.X and NUCLEUS is a unique application that only the ED.X and NUCLEUS offers.","robots":{"index":"index","follow":"follow","max-snippet":"max-snippet:-1","max-image-preview":"max-image-preview:large","max-video-preview":"max-video-preview:-1"},"canonical":"https:\/\/hu.quantum-medical.eu\/index.php\/programs-for-the-eductor1-and-nucleus-devices\/3rd-eye-frequency-stimulation-application\/","og_locale":"en_US","og_type":"article","og_title":"A HARMADIK SZEM FREKVENCI\u00c1J\u00c1NAK STIMUL\u00c1L\u00c1SA &mdash;-subprograms- Quantum Medical","og_description":"3rd Eye Stimulation Frequency Application on the ED.X and NUCLEUS is a unique application that only the ED.X and NUCLEUS offers.","og_url":"https:\/\/hu.quantum-medical.eu\/index.php\/programs-for-the-eductor1-and-nucleus-devices\/3rd-eye-frequency-stimulation-application\/","og_site_name":"Quantum Medical","article_publisher":"https:\/\/www.facebook.com\/QuantumMedEU","article_modified_time":"2022-09-28T10:48:38+00:00","og_image":[{"width":1920,"height":948,"url":"https:\/\/hu.quantum-medical.eu\/wp-content\/uploads\/2021\/03\/3rd.jpg","type":"image\/jpeg"}],"twitter_card":"summary_large_image","twitter_site":"@QuantumMedEU","twitter_misc":{"Est. reading time":"5 minutes"},"schema":{"@context":"https:\/\/schema.org","@graph":[{"@type":"WebPage","@id":"https:\/\/hu.quantum-medical.eu\/index.php\/programs-for-the-eductor1-and-nucleus-devices\/3rd-eye-frequency-stimulation-application\/","url":"https:\/\/hu.quantum-medical.eu\/index.php\/programs-for-the-eductor1-and-nucleus-devices\/3rd-eye-frequency-stimulation-application\/","name":"A HARMADIK SZEM FREKVENCI\u00c1J\u00c1NAK STIMUL\u00c1L\u00c1SA &mdash;-subprograms- Quantum Medical","isPartOf":{"@id":"https:\/\/hu.quantum-medical.eu\/#website"},"datePublished":"2021-03-24T06:44:43+00:00","dateModified":"2022-09-28T10:48:38+00:00","description":"3rd Eye Stimulation Frequency Application on the ED.X and NUCLEUS is a unique application that only the ED.X and NUCLEUS offers.","breadcrumb":{"@id":"https:\/\/hu.quantum-medical.eu\/index.php\/programs-for-the-eductor1-and-nucleus-devices\/3rd-eye-frequency-stimulation-application\/#breadcrumb"},"inLanguage":"en-US","potentialAction":[{"@type":"ReadAction","target":["https:\/\/hu.quantum-medical.eu\/index.php\/programs-for-the-eductor1-and-nucleus-devices\/3rd-eye-frequency-stimulation-application\/"]}]},{"@type":"BreadcrumbList","@id":"https:\/\/hu.quantum-medical.eu\/index.php\/programs-for-the-eductor1-and-nucleus-devices\/3rd-eye-frequency-stimulation-application\/#breadcrumb","itemListElement":[{"@type":"ListItem","position":1,"name":"Home","item":"https:\/\/hu.quantum-medical.eu\/"},{"@type":"ListItem","position":2,"name":"Programok","item":"https:\/\/hu.quantum-medical.eu\/index.php\/programs-for-the-eductor1-and-nucleus-devices\/"},{"@type":"ListItem","position":3,"name":"A HARMADIK SZEM FREKVENCI\u00c1J\u00c1NAK STIMUL\u00c1L\u00c1SA"}]},{"@type":"WebSite","@id":"https:\/\/hu.quantum-medical.eu\/#website","url":"https:\/\/hu.quantum-medical.eu\/","name":"Quantum Medical","description":"","publisher":{"@id":"https:\/\/hu.quantum-medical.eu\/#organization"},"potentialAction":[{"@type":"SearchAction","target":{"@type":"EntryPoint","urlTemplate":"https:\/\/hu.quantum-medical.eu\/?s={search_term_string}"},"query-input":"required name=search_term_string"}],"inLanguage":"en-US"},{"@type":"Organization","@id":"https:\/\/hu.quantum-medical.eu\/#organization","name":"Quantum Medical SRL","url":"https:\/\/hu.quantum-medical.eu\/","logo":{"@type":"ImageObject","inLanguage":"en-US","@id":"https:\/\/hu.quantum-medical.eu\/#\/schema\/logo\/image\/","url":"https:\/\/hu.quantum-medical.eu\/wp-content\/uploads\/2021\/05\/Quantum-Medical-logo-1.svg","contentUrl":"https:\/\/hu.quantum-medical.eu\/wp-content\/uploads\/2021\/05\/Quantum-Medical-logo-1.svg","width":1,"height":1,"caption":"Quantum Medical SRL"},"image":{"@id":"https:\/\/hu.quantum-medical.eu\/#\/schema\/logo\/image\/"},"sameAs":["https:\/\/www.facebook.com\/QuantumMedEU","https:\/\/twitter.com\/QuantumMedEU","https:\/\/www.youtube.com\/channel\/UCZTJzN8-w3F6DHAt2jh67oA","https:\/\/www.instagram.com\/quantum_medical\/"]}]}},"builder_content":"<a href=\"https:\/\/hu.quantum-medical.eu\/index.php\/contact\/\" > V\u00c1S\u00c1ROLJ MOST <\/a>","_links":{"self":[{"href":"https:\/\/hu.quantum-medical.eu\/index.php\/wp-json\/wp\/v2\/pages\/1316"}],"collection":[{"href":"https:\/\/hu.quantum-medical.eu\/index.php\/wp-json\/wp\/v2\/pages"}],"about":[{"href":"https:\/\/hu.quantum-medical.eu\/index.php\/wp-json\/wp\/v2\/types\/page"}],"author":[{"embeddable":true,"href":"https:\/\/hu.quantum-medical.eu\/index.php\/wp-json\/wp\/v2\/users\/7"}],"replies":[{"embeddable":true,"href":"https:\/\/hu.quantum-medical.eu\/index.php\/wp-json\/wp\/v2\/comments?post=1316"}],"version-history":[{"count":30,"href":"https:\/\/hu.quantum-medical.eu\/index.php\/wp-json\/wp\/v2\/pages\/1316\/revisions"}],"predecessor-version":[{"id":3396,"href":"https:\/\/hu.quantum-medical.eu\/index.php\/wp-json\/wp\/v2\/pages\/1316\/revisions\/3396"}],"up":[{"embeddable":true,"href":"https:\/\/hu.quantum-medical.eu\/index.php\/wp-json\/wp\/v2\/pages\/38"}],"wp:featuredmedia":[{"embeddable":true,"href":"https:\/\/hu.quantum-medical.eu\/index.php\/wp-json\/wp\/v2\/media\/1317"}],"wp:attachment":[{"href":"https:\/\/hu.quantum-medical.eu\/index.php\/wp-json\/wp\/v2\/media?parent=1316"}],"curies":[{"name":"wp","href":"https:\/\/api.w.org\/{rel}","templated":true}]}}