{"id":1059,"date":"2021-03-22T11:59:16","date_gmt":"2021-03-22T11:59:16","guid":{"rendered":"https:\/\/hu.quantum-medical.eu\/?page_id=1059"},"modified":"2022-09-27T09:39:02","modified_gmt":"2022-09-27T09:39:02","slug":"quantum-prayer","status":"publish","type":"page","link":"https:\/\/hu.quantum-medical.eu\/index.php\/programs-for-the-eductor1-and-nucleus-devices\/quantum-prayer\/","title":{"rendered":"KVANTUM IMA"},"content":{"rendered":"<p><\/p>\n\n\n\n<p><br>Mi\u00e9rt a kvantum ima? Amit Albert Einstein \u201ek\u00eds\u00e9rteties cselekv\u00e9sk\u00e9nt t\u00e1volr\u00f3l\u201d emleget, a jelenlegi fizikusok \u201e\u00f6sszegabalyod\u00e1snak\u201d bizony\u00edtott\u00e1k, ami azt jelenti, hogy \u201ea r\u00e9szecsk\u00e9k titokzatos m\u00f3don kapcsol\u00f3dnak egym\u00e1shoz m\u00e9g akkor is, ha elk\u00fcl\u00f6n\u00fclnek egym\u00e1st\u00f3l, ez\u00e1ltal azonnal megfigyelik vagy hatnak az egyikre, \u00e9s egyform\u00e1n hat\u00e1ssal vannak a m\u00e1sikra is. M\u00e1s sz\u00f3val, egy energiar\u00e9szecske egy m\u00e1sik energiar\u00e9szecsk\u00e9t befoly\u00e1solhat, f\u00fcggetlen\u00fcl annak hely\u00e9t\u0151l \u00e9s idej\u00e9t\u0151l! A kvantumfizika h\u00farelm\u00e9lete mag\u00e1ban foglalja a korl\u00e1tlan \u00f6sszekapcsolhat\u00f3s\u00e1g \u00e9s a t\u00f6bbdimenzi\u00f3s l\u00e9tez\u00e9s fogalm\u00e1t. A tudom\u00e1ny szerint minden \u00f6sszef\u00fcgg, az energia \u00f6r\u00f6k, a tudat dinamikus.<\/p>\n\n\n\n<p><br>Az olyan megval\u00f3s\u00edt\u00e1sokkal, mint a Schumann \u00e9s az UHF harmoniz\u00e1l\u00f3 hull\u00e1mok, az imaker\u00e9k, az akt\u00edv radionika, a kibernetikus hurkok \u00e9s az orgonmez\u0151, sz\u00e1nd\u00e9kaink feler\u0151s\u00f6dnek, isteni szinkront k\u00f6zvet\u00edtenek \u00e9s kvantum szinten \u00f6sszefonj\u00e1k az inform\u00e1ci\u00f3kat, m\u00e1gnesesen gravit\u00e1lj\u00e1k a megfelel\u0151 frekvenci\u00e1kat a dimenzi\u00f3k, a t\u00e9r \u00e9s a t\u00e9r k\u00f6z\u00f6tti id\u0151t.<\/p>\n\n\n\n<p>A <strong>KVANTUM IMA<\/strong> program a <strong>NUCLEUS<\/strong> k\u00e9sz\u00fcl\u00e9k v\u00e1s\u00e1rl\u00e1sa eset\u00e9n <strong>INGYENES<\/strong>, \u00e9s <strong>800 eur\u00f3\u00e9rt<\/strong> megv\u00e1s\u00e1rolhat\u00f3 az<strong> ED.X-hez<\/strong>. A modul megv\u00e1s\u00e1rl\u00e1s\u00e1hoz vedd fel vel\u00fcnk a <a href=\"https:\/\/hu.quantum-medical.eu\/index.php\/contact\/\">kapcsolatot<\/a>.<\/p>\n\n<!--themify_builder_content-->\n<div id=\"themify_builder_content-1059\" data-postid=\"1059\" class=\"themify_builder_content themify_builder_content-1059 themify_builder tf_clear\">\n    \t<!-- module_row -->\n\t<div  data-lazy=\"1\" class=\"module_row themify_builder_row tb_rsk9909 tb_first tf_clearfix\">\n\t    \t\t<div class=\"row_inner col_align_top col-count-1 tf_box tf_w tf_rel\">\n\t\t\t<div  data-lazy=\"1\" class=\"module_column tb-column col-full first tb_2m9b911 tf_box\">\n\t\t\t    \t        <div class=\"tb-column-inner tf_box tf_w\">\n\t\t    <!-- module buttons -->\n<div  class=\"module module-buttons tb_zexk911 buttons-horizontal solid  circle buttons-fullwidth hover-wow wow\" data-tf-animation_hover=\"pulse\" data-tf-animation=\"bounce\" data-tf-animation_delay=\"1\" data-lazy=\"1\">\n    \t<div class=\"module-buttons-item tf_inline_b\">\n\t\t\t\t\t\t\t<a href=\"https:\/\/hu.quantum-medical.eu\/index.php\/contact\/\" class=\"ui builder_button black\" >\n\t\t\t\t\t\t\t\t\t\t\t<span class=\"tf_inline_b tf_vmiddle\">V\u00c1S\u00c1ROLJ MOST<\/span>\n\t\t\t\t\t\t\t\t\t\t\t<\/a>\n\t\t\t    \t<\/div>\n\t<\/div>\n<!-- \/module buttons -->\n\t        <\/div>\n\t    \t<\/div>\n\t\t    <\/div>\n\t    <!-- \/row_inner -->\n\t<\/div>\n\t<!-- \/module_row -->\n\t<\/div>\n<!--\/themify_builder_content--><!-- AddThis Advanced Settings generic via filter on the_content --><!-- AddThis Share Buttons generic via filter on the_content -->","protected":false},"excerpt":{"rendered":"<p>Mi\u00e9rt a kvantum ima? Amit Albert Einstein \u201ek\u00eds\u00e9rteties cselekv\u00e9sk\u00e9nt t\u00e1volr\u00f3l\u201d emleget, a jelenlegi fizikusok \u201e\u00f6sszegabalyod\u00e1snak\u201d bizony\u00edtott\u00e1k, ami azt jelenti, hogy \u201ea r\u00e9szecsk\u00e9k titokzatos m\u00f3don kapcsol\u00f3dnak egym\u00e1shoz m\u00e9g akkor is, ha elk\u00fcl\u00f6n\u00fclnek egym\u00e1st\u00f3l, ez\u00e1ltal azonnal megfigyelik vagy hatnak az egyikre, \u00e9s egyform\u00e1n hat\u00e1ssal vannak a m\u00e1sikra is. M\u00e1s sz\u00f3val, egy energiar\u00e9szecske egy m\u00e1sik energiar\u00e9szecsk\u00e9t befoly\u00e1solhat, f\u00fcggetlen\u00fcl [&hellip;]<!-- AddThis Advanced Settings generic via filter on get_the_excerpt --><!-- AddThis Share Buttons generic via filter on get_the_excerpt --><\/p>\n","protected":false},"author":7,"featured_media":1060,"parent":38,"menu_order":90,"comment_status":"closed","ping_status":"closed","template":"","meta":{"inline_featured_image":false},"yoast_head":"<!-- This site is optimized with the Yoast SEO plugin v20.6 - https:\/\/yoast.com\/wordpress\/plugins\/seo\/ -->\n<title>KVANTUM IMA &mdash; programs for our devices Quantum Medical<\/title>\n<meta name=\"description\" content=\"According to science, everything is connected, energy is eternal and conscience is dynamic. Conclusion: Quantum Prayer has real capabilities.\" \/>\n<meta name=\"robots\" content=\"index, follow, max-snippet:-1, max-image-preview:large, max-video-preview:-1\" \/>\n<link rel=\"canonical\" href=\"https:\/\/hu.quantum-medical.eu\/index.php\/programs-for-the-eductor1-and-nucleus-devices\/quantum-prayer\/\" \/>\n<meta property=\"og:locale\" content=\"en_US\" \/>\n<meta property=\"og:type\" content=\"article\" \/>\n<meta property=\"og:title\" content=\"KVANTUM IMA &mdash; programs for our devices Quantum Medical\" \/>\n<meta property=\"og:description\" content=\"According to science, everything is connected, energy is eternal and conscience is dynamic. Conclusion: Quantum Prayer has real capabilities.\" \/>\n<meta property=\"og:url\" content=\"https:\/\/hu.quantum-medical.eu\/index.php\/programs-for-the-eductor1-and-nucleus-devices\/quantum-prayer\/\" \/>\n<meta property=\"og:site_name\" content=\"Quantum Medical\" \/>\n<meta property=\"article:publisher\" content=\"https:\/\/www.facebook.com\/QuantumMedEU\" \/>\n<meta property=\"article:modified_time\" content=\"2022-09-27T09:39:02+00:00\" \/>\n<meta property=\"og:image\" content=\"https:\/\/hu.quantum-medical.eu\/wp-content\/uploads\/2021\/03\/image-7.png\" \/>\n\t<meta property=\"og:image:width\" content=\"1352\" \/>\n\t<meta property=\"og:image:height\" content=\"761\" \/>\n\t<meta property=\"og:image:type\" content=\"image\/png\" \/>\n<meta name=\"twitter:card\" content=\"summary_large_image\" \/>\n<meta name=\"twitter:site\" content=\"@QuantumMedEU\" \/>\n<meta name=\"twitter:label1\" content=\"Est. reading time\" \/>\n\t<meta name=\"twitter:data1\" content=\"1 minute\" \/>\n<script type=\"application\/ld+json\" class=\"yoast-schema-graph\">{\"@context\":\"https:\/\/schema.org\",\"@graph\":[{\"@type\":\"WebPage\",\"@id\":\"https:\/\/hu.quantum-medical.eu\/index.php\/programs-for-the-eductor1-and-nucleus-devices\/quantum-prayer\/\",\"url\":\"https:\/\/hu.quantum-medical.eu\/index.php\/programs-for-the-eductor1-and-nucleus-devices\/quantum-prayer\/\",\"name\":\"KVANTUM IMA &mdash; programs for our devices Quantum Medical\",\"isPartOf\":{\"@id\":\"https:\/\/hu.quantum-medical.eu\/#website\"},\"datePublished\":\"2021-03-22T11:59:16+00:00\",\"dateModified\":\"2022-09-27T09:39:02+00:00\",\"description\":\"According to science, everything is connected, energy is eternal and conscience is dynamic. Conclusion: Quantum Prayer has real capabilities.\",\"breadcrumb\":{\"@id\":\"https:\/\/hu.quantum-medical.eu\/index.php\/programs-for-the-eductor1-and-nucleus-devices\/quantum-prayer\/#breadcrumb\"},\"inLanguage\":\"en-US\",\"potentialAction\":[{\"@type\":\"ReadAction\",\"target\":[\"https:\/\/hu.quantum-medical.eu\/index.php\/programs-for-the-eductor1-and-nucleus-devices\/quantum-prayer\/\"]}]},{\"@type\":\"BreadcrumbList\",\"@id\":\"https:\/\/hu.quantum-medical.eu\/index.php\/programs-for-the-eductor1-and-nucleus-devices\/quantum-prayer\/#breadcrumb\",\"itemListElement\":[{\"@type\":\"ListItem\",\"position\":1,\"name\":\"Home\",\"item\":\"https:\/\/hu.quantum-medical.eu\/\"},{\"@type\":\"ListItem\",\"position\":2,\"name\":\"Programok\",\"item\":\"https:\/\/hu.quantum-medical.eu\/index.php\/programs-for-the-eductor1-and-nucleus-devices\/\"},{\"@type\":\"ListItem\",\"position\":3,\"name\":\"KVANTUM IMA\"}]},{\"@type\":\"WebSite\",\"@id\":\"https:\/\/hu.quantum-medical.eu\/#website\",\"url\":\"https:\/\/hu.quantum-medical.eu\/\",\"name\":\"Quantum Medical\",\"description\":\"\",\"publisher\":{\"@id\":\"https:\/\/hu.quantum-medical.eu\/#organization\"},\"potentialAction\":[{\"@type\":\"SearchAction\",\"target\":{\"@type\":\"EntryPoint\",\"urlTemplate\":\"https:\/\/hu.quantum-medical.eu\/?s={search_term_string}\"},\"query-input\":\"required name=search_term_string\"}],\"inLanguage\":\"en-US\"},{\"@type\":\"Organization\",\"@id\":\"https:\/\/hu.quantum-medical.eu\/#organization\",\"name\":\"Quantum Medical SRL\",\"url\":\"https:\/\/hu.quantum-medical.eu\/\",\"logo\":{\"@type\":\"ImageObject\",\"inLanguage\":\"en-US\",\"@id\":\"https:\/\/hu.quantum-medical.eu\/#\/schema\/logo\/image\/\",\"url\":\"https:\/\/hu.quantum-medical.eu\/wp-content\/uploads\/2021\/05\/Quantum-Medical-logo-1.svg\",\"contentUrl\":\"https:\/\/hu.quantum-medical.eu\/wp-content\/uploads\/2021\/05\/Quantum-Medical-logo-1.svg\",\"width\":1,\"height\":1,\"caption\":\"Quantum Medical SRL\"},\"image\":{\"@id\":\"https:\/\/hu.quantum-medical.eu\/#\/schema\/logo\/image\/\"},\"sameAs\":[\"https:\/\/www.facebook.com\/QuantumMedEU\",\"https:\/\/twitter.com\/QuantumMedEU\",\"https:\/\/www.youtube.com\/channel\/UCZTJzN8-w3F6DHAt2jh67oA\",\"https:\/\/www.instagram.com\/quantum_medical\/\"]}]}<\/script>\n<!-- \/ Yoast SEO plugin. -->","yoast_head_json":{"title":"KVANTUM IMA &mdash; programs for our devices Quantum Medical","description":"According to science, everything is connected, energy is eternal and conscience is dynamic. Conclusion: Quantum Prayer has real capabilities.","robots":{"index":"index","follow":"follow","max-snippet":"max-snippet:-1","max-image-preview":"max-image-preview:large","max-video-preview":"max-video-preview:-1"},"canonical":"https:\/\/hu.quantum-medical.eu\/index.php\/programs-for-the-eductor1-and-nucleus-devices\/quantum-prayer\/","og_locale":"en_US","og_type":"article","og_title":"KVANTUM IMA &mdash; programs for our devices Quantum Medical","og_description":"According to science, everything is connected, energy is eternal and conscience is dynamic. Conclusion: Quantum Prayer has real capabilities.","og_url":"https:\/\/hu.quantum-medical.eu\/index.php\/programs-for-the-eductor1-and-nucleus-devices\/quantum-prayer\/","og_site_name":"Quantum Medical","article_publisher":"https:\/\/www.facebook.com\/QuantumMedEU","article_modified_time":"2022-09-27T09:39:02+00:00","og_image":[{"width":1352,"height":761,"url":"https:\/\/hu.quantum-medical.eu\/wp-content\/uploads\/2021\/03\/image-7.png","type":"image\/png"}],"twitter_card":"summary_large_image","twitter_site":"@QuantumMedEU","twitter_misc":{"Est. reading time":"1 minute"},"schema":{"@context":"https:\/\/schema.org","@graph":[{"@type":"WebPage","@id":"https:\/\/hu.quantum-medical.eu\/index.php\/programs-for-the-eductor1-and-nucleus-devices\/quantum-prayer\/","url":"https:\/\/hu.quantum-medical.eu\/index.php\/programs-for-the-eductor1-and-nucleus-devices\/quantum-prayer\/","name":"KVANTUM IMA &mdash; programs for our devices Quantum Medical","isPartOf":{"@id":"https:\/\/hu.quantum-medical.eu\/#website"},"datePublished":"2021-03-22T11:59:16+00:00","dateModified":"2022-09-27T09:39:02+00:00","description":"According to science, everything is connected, energy is eternal and conscience is dynamic. Conclusion: Quantum Prayer has real capabilities.","breadcrumb":{"@id":"https:\/\/hu.quantum-medical.eu\/index.php\/programs-for-the-eductor1-and-nucleus-devices\/quantum-prayer\/#breadcrumb"},"inLanguage":"en-US","potentialAction":[{"@type":"ReadAction","target":["https:\/\/hu.quantum-medical.eu\/index.php\/programs-for-the-eductor1-and-nucleus-devices\/quantum-prayer\/"]}]},{"@type":"BreadcrumbList","@id":"https:\/\/hu.quantum-medical.eu\/index.php\/programs-for-the-eductor1-and-nucleus-devices\/quantum-prayer\/#breadcrumb","itemListElement":[{"@type":"ListItem","position":1,"name":"Home","item":"https:\/\/hu.quantum-medical.eu\/"},{"@type":"ListItem","position":2,"name":"Programok","item":"https:\/\/hu.quantum-medical.eu\/index.php\/programs-for-the-eductor1-and-nucleus-devices\/"},{"@type":"ListItem","position":3,"name":"KVANTUM IMA"}]},{"@type":"WebSite","@id":"https:\/\/hu.quantum-medical.eu\/#website","url":"https:\/\/hu.quantum-medical.eu\/","name":"Quantum Medical","description":"","publisher":{"@id":"https:\/\/hu.quantum-medical.eu\/#organization"},"potentialAction":[{"@type":"SearchAction","target":{"@type":"EntryPoint","urlTemplate":"https:\/\/hu.quantum-medical.eu\/?s={search_term_string}"},"query-input":"required name=search_term_string"}],"inLanguage":"en-US"},{"@type":"Organization","@id":"https:\/\/hu.quantum-medical.eu\/#organization","name":"Quantum Medical SRL","url":"https:\/\/hu.quantum-medical.eu\/","logo":{"@type":"ImageObject","inLanguage":"en-US","@id":"https:\/\/hu.quantum-medical.eu\/#\/schema\/logo\/image\/","url":"https:\/\/hu.quantum-medical.eu\/wp-content\/uploads\/2021\/05\/Quantum-Medical-logo-1.svg","contentUrl":"https:\/\/hu.quantum-medical.eu\/wp-content\/uploads\/2021\/05\/Quantum-Medical-logo-1.svg","width":1,"height":1,"caption":"Quantum Medical SRL"},"image":{"@id":"https:\/\/hu.quantum-medical.eu\/#\/schema\/logo\/image\/"},"sameAs":["https:\/\/www.facebook.com\/QuantumMedEU","https:\/\/twitter.com\/QuantumMedEU","https:\/\/www.youtube.com\/channel\/UCZTJzN8-w3F6DHAt2jh67oA","https:\/\/www.instagram.com\/quantum_medical\/"]}]}},"builder_content":"<a href=\"https:\/\/hu.quantum-medical.eu\/index.php\/contact\/\" > V\u00c1S\u00c1ROLJ MOST <\/a>","_links":{"self":[{"href":"https:\/\/hu.quantum-medical.eu\/index.php\/wp-json\/wp\/v2\/pages\/1059"}],"collection":[{"href":"https:\/\/hu.quantum-medical.eu\/index.php\/wp-json\/wp\/v2\/pages"}],"about":[{"href":"https:\/\/hu.quantum-medical.eu\/index.php\/wp-json\/wp\/v2\/types\/page"}],"author":[{"embeddable":true,"href":"https:\/\/hu.quantum-medical.eu\/index.php\/wp-json\/wp\/v2\/users\/7"}],"replies":[{"embeddable":true,"href":"https:\/\/hu.quantum-medical.eu\/index.php\/wp-json\/wp\/v2\/comments?post=1059"}],"version-history":[{"count":14,"href":"https:\/\/hu.quantum-medical.eu\/index.php\/wp-json\/wp\/v2\/pages\/1059\/revisions"}],"predecessor-version":[{"id":3315,"href":"https:\/\/hu.quantum-medical.eu\/index.php\/wp-json\/wp\/v2\/pages\/1059\/revisions\/3315"}],"up":[{"embeddable":true,"href":"https:\/\/hu.quantum-medical.eu\/index.php\/wp-json\/wp\/v2\/pages\/38"}],"wp:featuredmedia":[{"embeddable":true,"href":"https:\/\/hu.quantum-medical.eu\/index.php\/wp-json\/wp\/v2\/media\/1060"}],"wp:attachment":[{"href":"https:\/\/hu.quantum-medical.eu\/index.php\/wp-json\/wp\/v2\/media?parent=1059"}],"curies":[{"name":"wp","href":"https:\/\/api.w.org\/{rel}","templated":true}]}}