{"id":1043,"date":"2021-03-22T11:54:07","date_gmt":"2021-03-22T11:54:07","guid":{"rendered":"https:\/\/hu.quantum-medical.eu\/?page_id=1043"},"modified":"2022-09-30T10:06:36","modified_gmt":"2022-09-30T10:06:36","slug":"aphrodite","status":"publish","type":"page","link":"https:\/\/hu.quantum-medical.eu\/index.php\/programs-for-the-eductor1-and-nucleus-devices\/aphrodite\/","title":{"rendered":"APHRODIT\u00c9 &#038; APOLLO"},"content":{"rendered":"<h3><strong><a href=\"https:\/\/en.wikipedia.org\/wiki\/Aphrodite#:~:text=Aphrodite%20is%20an%20ancient%20Greek,doves%2C%20sparrows%2C%20and%20swans.\">APHRODIT\u00c9<\/a><\/strong><\/h3>\n\n\n\n<p><strong>APHRODIT\u00c9 &amp; APOLLO<\/strong> K\u00f6nnyen haszn\u00e1lhat\u00f3 szoftveralkalmaz\u00e1sok, a n\u0151i \u00e9s f\u00e9rfi biok\u00e9mi\u00e1ra \u00f6sszpontos\u00edtva az \u00f6reged\u00e9sg\u00e1tl\u00e1s, a revitaliz\u00e1ci\u00f3, a cs\u00facsteljes\u00edtm\u00e9ny \u00e9s a stressz elleni k\u00fczdelem \u00e9rdek\u00e9ben.<\/p>\n\n\n\n<p>Fantasztikus eszk\u00f6z \u00f6n- \u00e9s beteghaszn\u00e1latra, a legmagasabb technol\u00f3giai fejl\u0151d\u00e9st k\u00edn\u00e1lja az eg\u00e9szs\u00e9g \u00e9s a fiatal\u00edt\u00e1s non-invaz\u00edv megk\u00f6zel\u00edt\u00e9s\u00e9vel.<\/p>\n\n\n\n<p>A biorevitaliz\u00e1ci\u00f3, a fiatal\u00edt\u00e1s, a bels\u0151\/k\u00fcls\u0151 helyre\u00e1ll\u00e1s sz\u00e1mos t\u00e9nyez\u0151 hat\u00e1s\u00e1ra \u00e9rhet\u0151 el, az \u00e9letm\u00f3dt\u00f3l az immunit\u00e1sig, genetik\u00e1n, \u00e9rzelmi eg\u00e9szs\u00e9gen \u00e1t az \u00e1ltal\u00e1nos eg\u00e9szs\u00e9gig.<\/p>\n\n\n\n<h3><strong><a href=\"https:\/\/en.wikipedia.org\/wiki\/Apollo\">APOLLO<\/a><\/strong><\/h3>\n\n\n\n<p id=\"block-fd360291-2287-4cfd-b6d1-96f76a299b02\">Az Apollo egy k\u00f6nnyen haszn\u00e1lhat\u00f3 szoftveralkalmaz\u00e1s, amely a f\u00e9rfiak biok\u00e9mi\u00e1j\u00e1ra \u00f6sszpontos\u00edt, \u00f6reged\u00e9sg\u00e1tl\u00e1sra, revitaliz\u00e1ci\u00f3ra, cs\u00facsteljes\u00edtm\u00e9nyre \u00e9s stresszold\u00e1sra.<\/p>\n\n\n\n<p id=\"block-b0f35525-12d4-4864-b5d1-eccd59204ccf\">Fantasztikus eszk\u00f6z \u00f6n- \u00e9s beteghaszn\u00e1latra, a legmagasabb technol\u00f3giai fejl\u0151d\u00e9st k\u00edn\u00e1lja az eg\u00e9szs\u00e9g \u00e9s a fiatal\u00edt\u00e1s non-invaz\u00edv megk\u00f6zel\u00edt\u00e9s\u00e9vel.&nbsp; &nbsp;<\/p>\n\n\n\n<p id=\"block-51d545cb-5241-4c8d-8c8f-bfa8646466d8\">A biorevitaliz\u00e1ci\u00f3, a fiatal\u00edt\u00e1s, a bels\u0151\/k\u00fcls\u0151 helyre\u00e1ll\u00e1s sz\u00e1mos t\u00e9nyez\u0151 hat\u00e1s\u00e1ra \u00e9rhet\u0151 el, az \u00e9letm\u00f3dt\u00f3l az immunit\u00e1sig, genetik\u00e1n, \u00e9rzelmi eg\u00e9szs\u00e9gen \u00e1t az \u00e1ltal\u00e1nos eg\u00e9szs\u00e9gig.<\/p>\n\n\n\n<p><\/p>\n\n\n\n<p>Az <strong>APHRODIT\u00c9 &amp; APOLLO<\/strong> program a <strong>NUCLEUS<\/strong> k\u00e9sz\u00fcl\u00e9k v\u00e1s\u00e1rl\u00e1sa eset\u00e9n <strong>INGYENES<\/strong>, \u00e9s <strong>1500 eur\u00f3\u00e9rt<\/strong> megv\u00e1s\u00e1rolhat\u00f3 az <strong>ED.X<\/strong>-hez. K\u00e9rj\u00fck, vedd fel vel\u00fcnk a <a data-type=\"page\" data-id=\"1332\" href=\"https:\/\/hu.quantum-medical.eu\/index.php\/contact\/\">kapcsolatot<\/a> a modul megv\u00e1s\u00e1rl\u00e1s\u00e1hoz.<\/p>\n\n<!--themify_builder_content-->\n<div id=\"themify_builder_content-1043\" data-postid=\"1043\" class=\"themify_builder_content themify_builder_content-1043 themify_builder tf_clear\">\n    \t<!-- module_row -->\n\t<div  data-lazy=\"1\" class=\"module_row themify_builder_row tb_rizc264 tb_first tf_clearfix\">\n\t    \t\t<div class=\"row_inner col_align_top col-count-1 tf_box tf_w tf_rel\">\n\t\t\t<div  data-lazy=\"1\" class=\"module_column tb-column col-full first tb_er5v266 tf_box\">\n\t\t\t    \t        <div class=\"tb-column-inner tf_box tf_w\">\n\t\t    <!-- module buttons -->\n<div  class=\"module module-buttons tb_jwk1271 buttons-horizontal solid  circle buttons-fullwidth hover-wow wow\" data-tf-animation_hover=\"pulse\" data-tf-animation=\"bounce\" data-tf-animation_delay=\"1\" data-lazy=\"1\">\n    \t<div class=\"module-buttons-item tf_inline_b\">\n\t\t\t\t\t\t\t<a href=\"https:\/\/hu.quantum-medical.eu\/index.php\/contact\/\" class=\"ui builder_button black\" >\n\t\t\t\t\t\t\t\t\t\t\t<span class=\"tf_inline_b tf_vmiddle\">V\u00c1S\u00c1ROLJ MOST<\/span>\n\t\t\t\t\t\t\t\t\t\t\t<\/a>\n\t\t\t    \t<\/div>\n\t<\/div>\n<!-- \/module buttons -->\n\t        <\/div>\n\t    \t<\/div>\n\t\t    <\/div>\n\t    <!-- \/row_inner -->\n\t<\/div>\n\t<!-- \/module_row -->\n\t<\/div>\n<!--\/themify_builder_content--><!-- AddThis Advanced Settings generic via filter on the_content --><!-- AddThis Share Buttons generic via filter on the_content -->","protected":false},"excerpt":{"rendered":"<p>APHRODIT\u00c9 APHRODIT\u00c9 &amp; APOLLO K\u00f6nnyen haszn\u00e1lhat\u00f3 szoftveralkalmaz\u00e1sok, a n\u0151i \u00e9s f\u00e9rfi biok\u00e9mi\u00e1ra \u00f6sszpontos\u00edtva az \u00f6reged\u00e9sg\u00e1tl\u00e1s, a revitaliz\u00e1ci\u00f3, a cs\u00facsteljes\u00edtm\u00e9ny \u00e9s a stressz elleni k\u00fczdelem \u00e9rdek\u00e9ben. Fantasztikus eszk\u00f6z \u00f6n- \u00e9s beteghaszn\u00e1latra, a legmagasabb technol\u00f3giai fejl\u0151d\u00e9st k\u00edn\u00e1lja az eg\u00e9szs\u00e9g \u00e9s a fiatal\u00edt\u00e1s non-invaz\u00edv megk\u00f6zel\u00edt\u00e9s\u00e9vel. A biorevitaliz\u00e1ci\u00f3, a fiatal\u00edt\u00e1s, a bels\u0151\/k\u00fcls\u0151 helyre\u00e1ll\u00e1s sz\u00e1mos t\u00e9nyez\u0151 hat\u00e1s\u00e1ra \u00e9rhet\u0151 el, az [&hellip;]<!-- AddThis Advanced Settings generic via filter on get_the_excerpt --><!-- AddThis Share Buttons generic via filter on get_the_excerpt --><\/p>\n","protected":false},"author":7,"featured_media":1053,"parent":38,"menu_order":32,"comment_status":"closed","ping_status":"closed","template":"","meta":{"inline_featured_image":false},"yoast_head":"<!-- This site is optimized with the Yoast SEO plugin v20.6 - https:\/\/yoast.com\/wordpress\/plugins\/seo\/ -->\n<title>APHRODIT\u00c9 &amp; APOLLO &mdash; programs for our devices Quantum Medical<\/title>\n<meta name=\"description\" content=\"The Aphrodite and the Apollon are automated and easy-to-use software application focused on the bio-chemistry of women and man.\" \/>\n<meta name=\"robots\" content=\"index, follow, max-snippet:-1, max-image-preview:large, max-video-preview:-1\" \/>\n<link rel=\"canonical\" href=\"https:\/\/hu.quantum-medical.eu\/index.php\/programs-for-the-eductor1-and-nucleus-devices\/aphrodite\/\" \/>\n<meta property=\"og:locale\" content=\"en_US\" \/>\n<meta property=\"og:type\" content=\"article\" \/>\n<meta property=\"og:title\" content=\"APHRODIT\u00c9 &amp; APOLLO &mdash; programs for our devices Quantum Medical\" \/>\n<meta property=\"og:description\" content=\"The Aphrodite and the Apollon are automated and easy-to-use software application focused on the bio-chemistry of women and man.\" \/>\n<meta property=\"og:url\" content=\"https:\/\/hu.quantum-medical.eu\/index.php\/programs-for-the-eductor1-and-nucleus-devices\/aphrodite\/\" \/>\n<meta property=\"og:site_name\" content=\"Quantum Medical\" \/>\n<meta property=\"article:publisher\" content=\"https:\/\/www.facebook.com\/QuantumMedEU\" \/>\n<meta property=\"article:modified_time\" content=\"2022-09-30T10:06:36+00:00\" \/>\n<meta property=\"og:image\" content=\"https:\/\/hu.quantum-medical.eu\/wp-content\/uploads\/2021\/03\/image-5-1024x604.png\" \/>\n\t<meta property=\"og:image:width\" content=\"1024\" \/>\n\t<meta property=\"og:image:height\" content=\"604\" \/>\n\t<meta property=\"og:image:type\" content=\"image\/png\" \/>\n<meta name=\"twitter:card\" content=\"summary_large_image\" \/>\n<meta name=\"twitter:site\" content=\"@QuantumMedEU\" \/>\n<meta name=\"twitter:label1\" content=\"Est. reading time\" \/>\n\t<meta name=\"twitter:data1\" content=\"1 minute\" \/>\n<script type=\"application\/ld+json\" class=\"yoast-schema-graph\">{\"@context\":\"https:\/\/schema.org\",\"@graph\":[{\"@type\":\"WebPage\",\"@id\":\"https:\/\/hu.quantum-medical.eu\/index.php\/programs-for-the-eductor1-and-nucleus-devices\/aphrodite\/\",\"url\":\"https:\/\/hu.quantum-medical.eu\/index.php\/programs-for-the-eductor1-and-nucleus-devices\/aphrodite\/\",\"name\":\"APHRODIT\u00c9 & APOLLO &mdash; programs for our devices Quantum Medical\",\"isPartOf\":{\"@id\":\"https:\/\/hu.quantum-medical.eu\/#website\"},\"datePublished\":\"2021-03-22T11:54:07+00:00\",\"dateModified\":\"2022-09-30T10:06:36+00:00\",\"description\":\"The Aphrodite and the Apollon are automated and easy-to-use software application focused on the bio-chemistry of women and man.\",\"breadcrumb\":{\"@id\":\"https:\/\/hu.quantum-medical.eu\/index.php\/programs-for-the-eductor1-and-nucleus-devices\/aphrodite\/#breadcrumb\"},\"inLanguage\":\"en-US\",\"potentialAction\":[{\"@type\":\"ReadAction\",\"target\":[\"https:\/\/hu.quantum-medical.eu\/index.php\/programs-for-the-eductor1-and-nucleus-devices\/aphrodite\/\"]}]},{\"@type\":\"BreadcrumbList\",\"@id\":\"https:\/\/hu.quantum-medical.eu\/index.php\/programs-for-the-eductor1-and-nucleus-devices\/aphrodite\/#breadcrumb\",\"itemListElement\":[{\"@type\":\"ListItem\",\"position\":1,\"name\":\"Home\",\"item\":\"https:\/\/hu.quantum-medical.eu\/\"},{\"@type\":\"ListItem\",\"position\":2,\"name\":\"Programok\",\"item\":\"https:\/\/hu.quantum-medical.eu\/index.php\/programs-for-the-eductor1-and-nucleus-devices\/\"},{\"@type\":\"ListItem\",\"position\":3,\"name\":\"APHRODIT\u00c9 &#038; APOLLO\"}]},{\"@type\":\"WebSite\",\"@id\":\"https:\/\/hu.quantum-medical.eu\/#website\",\"url\":\"https:\/\/hu.quantum-medical.eu\/\",\"name\":\"Quantum Medical\",\"description\":\"\",\"publisher\":{\"@id\":\"https:\/\/hu.quantum-medical.eu\/#organization\"},\"potentialAction\":[{\"@type\":\"SearchAction\",\"target\":{\"@type\":\"EntryPoint\",\"urlTemplate\":\"https:\/\/hu.quantum-medical.eu\/?s={search_term_string}\"},\"query-input\":\"required name=search_term_string\"}],\"inLanguage\":\"en-US\"},{\"@type\":\"Organization\",\"@id\":\"https:\/\/hu.quantum-medical.eu\/#organization\",\"name\":\"Quantum Medical SRL\",\"url\":\"https:\/\/hu.quantum-medical.eu\/\",\"logo\":{\"@type\":\"ImageObject\",\"inLanguage\":\"en-US\",\"@id\":\"https:\/\/hu.quantum-medical.eu\/#\/schema\/logo\/image\/\",\"url\":\"https:\/\/hu.quantum-medical.eu\/wp-content\/uploads\/2021\/05\/Quantum-Medical-logo-1.svg\",\"contentUrl\":\"https:\/\/hu.quantum-medical.eu\/wp-content\/uploads\/2021\/05\/Quantum-Medical-logo-1.svg\",\"width\":1,\"height\":1,\"caption\":\"Quantum Medical SRL\"},\"image\":{\"@id\":\"https:\/\/hu.quantum-medical.eu\/#\/schema\/logo\/image\/\"},\"sameAs\":[\"https:\/\/www.facebook.com\/QuantumMedEU\",\"https:\/\/twitter.com\/QuantumMedEU\",\"https:\/\/www.youtube.com\/channel\/UCZTJzN8-w3F6DHAt2jh67oA\",\"https:\/\/www.instagram.com\/quantum_medical\/\"]}]}<\/script>\n<!-- \/ Yoast SEO plugin. -->","yoast_head_json":{"title":"APHRODIT\u00c9 & APOLLO &mdash; programs for our devices Quantum Medical","description":"The Aphrodite and the Apollon are automated and easy-to-use software application focused on the bio-chemistry of women and man.","robots":{"index":"index","follow":"follow","max-snippet":"max-snippet:-1","max-image-preview":"max-image-preview:large","max-video-preview":"max-video-preview:-1"},"canonical":"https:\/\/hu.quantum-medical.eu\/index.php\/programs-for-the-eductor1-and-nucleus-devices\/aphrodite\/","og_locale":"en_US","og_type":"article","og_title":"APHRODIT\u00c9 & APOLLO &mdash; programs for our devices Quantum Medical","og_description":"The Aphrodite and the Apollon are automated and easy-to-use software application focused on the bio-chemistry of women and man.","og_url":"https:\/\/hu.quantum-medical.eu\/index.php\/programs-for-the-eductor1-and-nucleus-devices\/aphrodite\/","og_site_name":"Quantum Medical","article_publisher":"https:\/\/www.facebook.com\/QuantumMedEU","article_modified_time":"2022-09-30T10:06:36+00:00","og_image":[{"width":1024,"height":604,"url":"https:\/\/hu.quantum-medical.eu\/wp-content\/uploads\/2021\/03\/image-5-1024x604.png","type":"image\/png"}],"twitter_card":"summary_large_image","twitter_site":"@QuantumMedEU","twitter_misc":{"Est. reading time":"1 minute"},"schema":{"@context":"https:\/\/schema.org","@graph":[{"@type":"WebPage","@id":"https:\/\/hu.quantum-medical.eu\/index.php\/programs-for-the-eductor1-and-nucleus-devices\/aphrodite\/","url":"https:\/\/hu.quantum-medical.eu\/index.php\/programs-for-the-eductor1-and-nucleus-devices\/aphrodite\/","name":"APHRODIT\u00c9 & APOLLO &mdash; programs for our devices Quantum Medical","isPartOf":{"@id":"https:\/\/hu.quantum-medical.eu\/#website"},"datePublished":"2021-03-22T11:54:07+00:00","dateModified":"2022-09-30T10:06:36+00:00","description":"The Aphrodite and the Apollon are automated and easy-to-use software application focused on the bio-chemistry of women and man.","breadcrumb":{"@id":"https:\/\/hu.quantum-medical.eu\/index.php\/programs-for-the-eductor1-and-nucleus-devices\/aphrodite\/#breadcrumb"},"inLanguage":"en-US","potentialAction":[{"@type":"ReadAction","target":["https:\/\/hu.quantum-medical.eu\/index.php\/programs-for-the-eductor1-and-nucleus-devices\/aphrodite\/"]}]},{"@type":"BreadcrumbList","@id":"https:\/\/hu.quantum-medical.eu\/index.php\/programs-for-the-eductor1-and-nucleus-devices\/aphrodite\/#breadcrumb","itemListElement":[{"@type":"ListItem","position":1,"name":"Home","item":"https:\/\/hu.quantum-medical.eu\/"},{"@type":"ListItem","position":2,"name":"Programok","item":"https:\/\/hu.quantum-medical.eu\/index.php\/programs-for-the-eductor1-and-nucleus-devices\/"},{"@type":"ListItem","position":3,"name":"APHRODIT\u00c9 &#038; APOLLO"}]},{"@type":"WebSite","@id":"https:\/\/hu.quantum-medical.eu\/#website","url":"https:\/\/hu.quantum-medical.eu\/","name":"Quantum Medical","description":"","publisher":{"@id":"https:\/\/hu.quantum-medical.eu\/#organization"},"potentialAction":[{"@type":"SearchAction","target":{"@type":"EntryPoint","urlTemplate":"https:\/\/hu.quantum-medical.eu\/?s={search_term_string}"},"query-input":"required name=search_term_string"}],"inLanguage":"en-US"},{"@type":"Organization","@id":"https:\/\/hu.quantum-medical.eu\/#organization","name":"Quantum Medical SRL","url":"https:\/\/hu.quantum-medical.eu\/","logo":{"@type":"ImageObject","inLanguage":"en-US","@id":"https:\/\/hu.quantum-medical.eu\/#\/schema\/logo\/image\/","url":"https:\/\/hu.quantum-medical.eu\/wp-content\/uploads\/2021\/05\/Quantum-Medical-logo-1.svg","contentUrl":"https:\/\/hu.quantum-medical.eu\/wp-content\/uploads\/2021\/05\/Quantum-Medical-logo-1.svg","width":1,"height":1,"caption":"Quantum Medical SRL"},"image":{"@id":"https:\/\/hu.quantum-medical.eu\/#\/schema\/logo\/image\/"},"sameAs":["https:\/\/www.facebook.com\/QuantumMedEU","https:\/\/twitter.com\/QuantumMedEU","https:\/\/www.youtube.com\/channel\/UCZTJzN8-w3F6DHAt2jh67oA","https:\/\/www.instagram.com\/quantum_medical\/"]}]}},"builder_content":"<a href=\"https:\/\/hu.quantum-medical.eu\/index.php\/contact\/\" > V\u00c1S\u00c1ROLJ MOST <\/a>","_links":{"self":[{"href":"https:\/\/hu.quantum-medical.eu\/index.php\/wp-json\/wp\/v2\/pages\/1043"}],"collection":[{"href":"https:\/\/hu.quantum-medical.eu\/index.php\/wp-json\/wp\/v2\/pages"}],"about":[{"href":"https:\/\/hu.quantum-medical.eu\/index.php\/wp-json\/wp\/v2\/types\/page"}],"author":[{"embeddable":true,"href":"https:\/\/hu.quantum-medical.eu\/index.php\/wp-json\/wp\/v2\/users\/7"}],"replies":[{"embeddable":true,"href":"https:\/\/hu.quantum-medical.eu\/index.php\/wp-json\/wp\/v2\/comments?post=1043"}],"version-history":[{"count":33,"href":"https:\/\/hu.quantum-medical.eu\/index.php\/wp-json\/wp\/v2\/pages\/1043\/revisions"}],"predecessor-version":[{"id":3249,"href":"https:\/\/hu.quantum-medical.eu\/index.php\/wp-json\/wp\/v2\/pages\/1043\/revisions\/3249"}],"up":[{"embeddable":true,"href":"https:\/\/hu.quantum-medical.eu\/index.php\/wp-json\/wp\/v2\/pages\/38"}],"wp:featuredmedia":[{"embeddable":true,"href":"https:\/\/hu.quantum-medical.eu\/index.php\/wp-json\/wp\/v2\/media\/1053"}],"wp:attachment":[{"href":"https:\/\/hu.quantum-medical.eu\/index.php\/wp-json\/wp\/v2\/media?parent=1043"}],"curies":[{"name":"wp","href":"https:\/\/api.w.org\/{rel}","templated":true}]}}