{"id":1041,"date":"2021-03-22T11:52:21","date_gmt":"2021-03-22T11:52:21","guid":{"rendered":"https:\/\/hu.quantum-medical.eu\/?page_id=1041"},"modified":"2022-09-27T06:49:57","modified_gmt":"2022-09-27T06:49:57","slug":"corona-virus-immunization","status":"publish","type":"page","link":"https:\/\/hu.quantum-medical.eu\/index.php\/programs-for-the-eductor1-and-nucleus-devices\/corona-virus-immunization\/","title":{"rendered":"KORONAV\u00cdRUS"},"content":{"rendered":"<p><\/p>\n\n<!--themify_builder_content-->\n<div id=\"themify_builder_content-1041\" data-postid=\"1041\" class=\"themify_builder_content themify_builder_content-1041 themify_builder tf_clear\">\n    \t<!-- module_row -->\n\t<div  data-lazy=\"1\" class=\"module_row themify_builder_row tb_t1wn839 tb_first tf_clearfix\">\n\t    \t\t<div class=\"row_inner col_align_top col-count-1 tf_box tf_w tf_rel\">\n\t\t\t<div  data-lazy=\"1\" class=\"module_column tb-column col-full first tb_42li840 tf_box\">\n\t\t\t    \t        <div class=\"tb-column-inner tf_box tf_w\">\n\t\t    <!-- module text -->\n<div  class=\"module module-text tb_c2jw849   \" data-lazy=\"1\">\n        <div  class=\"tb_text_wrap\">\n    <p><!-- wp:paragraph --><\/p>\n<p>Az \u00faj <strong>KORONAV\u00cdRUS IMUNIZ\u00c1CI\u00d3 <\/strong>seg\u00edt er\u0151s\u00edteni \u00e9s stimul\u00e1lni immunrendszered a Quantum Medical speci\u00e1lis \u00faj immuner\u0151s\u00edt\u0151j\u00e9vel.<\/p>\n<p><!-- \/wp:paragraph --><!-- wp:paragraph --><\/p>\n<p>Az immunrendszer elengedhetetlen a t\u00fal\u00e9l\u00e9s\u00fcnkh\u00f6z. Megfelel\u0151en m\u0171k\u00f6d\u0151 immunrendszer n\u00e9lk\u00fcl szervezet\u00fcnket megt\u00e1madhatj\u00e1k bakt\u00e9riumok, v\u00edrusok, parazit\u00e1k \u00e9s egyebek. A SARS-CoV-2, COVID19 \u00e9s sok m\u00e1s, vil\u00e1gj\u00e1rv\u00e1nyt okoz\u00f3 vesz\u00e9lyes v\u00edrus miatt az immunrendszer\u00fcnk\u00f6n m\u00falik, hogy eg\u00e9szs\u00e9gesek \u00e9s v\u00e9dettek maradjunk, amikor k\u00f3rokoz\u00f3k tenger\u00e9vel tal\u00e1lkozunk.<\/p>\n<p><!-- \/wp:paragraph --><!-- wp:paragraph --><\/p>\n<p>Az \u00daJ Immunstimul\u00e1tor kifejezetten a test harmoniz\u00e1l\u00e1s\u00e1ra szolg\u00e1l, mik\u00f6zben k\u00e9szenl\u00e9tben serkenti az immunrendszert, hogy cs\u00f6kkentse a v\u00edrusokkal vagy m\u00e1s k\u00f3rokoz\u00f3kkal szembeni \u00e9rz\u00e9kenys\u00e9get.<\/p>\n<p><!-- \/wp:paragraph --><!-- wp:paragraph --><\/p>\n<p>A <strong>KORONAV\u00cdRUS IMUNIZ\u00c1CI\u00d3<\/strong> program a<strong> NUCLEUS<\/strong> k\u00e9sz\u00fcl\u00e9k v\u00e1s\u00e1rl\u00e1sa eset\u00e9n <strong>INGYENES<\/strong>, \u00e9s <strong>2000 eur\u00f3\u00e9rt<\/strong> megv\u00e1s\u00e1rolhat\u00f3 az <strong>ED.X-hez.<\/strong> A modul megv\u00e1s\u00e1rl\u00e1s\u00e1hoz vedd fel vel\u00fcnk a <a href=\"https:\/\/hu.quantum-medical.eu\/index.php\/contact\/\">kapcsolatot<\/a>.<\/p>\n<p><!-- \/wp:paragraph --><\/p>    <\/div>\n<\/div>\n<!-- \/module text -->\t        <\/div>\n\t    \t<\/div>\n\t\t    <\/div>\n\t    <!-- \/row_inner -->\n\t<\/div>\n\t<!-- \/module_row -->\n\t\t<!-- module_row -->\n\t<div  data-lazy=\"1\" class=\"module_row themify_builder_row tb_tm35370 tf_clearfix\">\n\t    \t\t<div class=\"row_inner col_align_top col-count-1 tf_box tf_w tf_rel\">\n\t\t\t<div  data-lazy=\"1\" class=\"module_column tb-column col-full first tb_hyv9371 tf_box\">\n\t\t\t    \t        <div class=\"tb-column-inner tf_box tf_w\">\n\t\t    <!-- module buttons -->\n<div  class=\"module module-buttons tb_3dpe371 buttons-horizontal solid  circle buttons-fullwidth hover-wow wow\" data-tf-animation_hover=\"pulse\" data-tf-animation=\"bounce\" data-tf-animation_delay=\"1\" data-lazy=\"1\">\n    \t<div class=\"module-buttons-item tf_inline_b\">\n\t\t\t\t\t\t\t<a href=\"https:\/\/hu.quantum-medical.eu\/index.php\/contact\/\" class=\"ui builder_button black\" >\n\t\t\t\t\t\t\t\t\t\t\t<span class=\"tf_inline_b tf_vmiddle\">V\u00c1S\u00c1ROLJ MOST<\/span>\n\t\t\t\t\t\t\t\t\t\t\t<\/a>\n\t\t\t    \t<\/div>\n\t<\/div>\n<!-- \/module buttons -->\n\t        <\/div>\n\t    \t<\/div>\n\t\t    <\/div>\n\t    <!-- \/row_inner -->\n\t<\/div>\n\t<!-- \/module_row -->\n\t<\/div>\n<!--\/themify_builder_content--><!-- AddThis Advanced Settings generic via filter on the_content --><!-- AddThis Share Buttons generic via filter on the_content -->","protected":false},"excerpt":{"rendered":"<p><!-- AddThis Advanced Settings generic via filter on get_the_excerpt --><!-- AddThis Share Buttons generic via filter on get_the_excerpt --><\/p>\n","protected":false},"author":7,"featured_media":1050,"parent":38,"menu_order":60,"comment_status":"closed","ping_status":"closed","template":"","meta":{"inline_featured_image":false},"yoast_head":"<!-- This site is optimized with the Yoast SEO plugin v20.6 - https:\/\/yoast.com\/wordpress\/plugins\/seo\/ -->\n<title>KORONAV\u00cdRUS &mdash; subprograms Quantum Medical<\/title>\n<meta name=\"description\" content=\"Super boosting and stimulating the immune system with the special new immune booster with our CORONA VIRUS IMMUNIZATION program.\" \/>\n<meta name=\"robots\" content=\"index, follow, max-snippet:-1, max-image-preview:large, max-video-preview:-1\" \/>\n<link rel=\"canonical\" href=\"https:\/\/hu.quantum-medical.eu\/index.php\/programs-for-the-eductor1-and-nucleus-devices\/corona-virus-immunization\/\" \/>\n<meta property=\"og:locale\" content=\"en_US\" \/>\n<meta property=\"og:type\" content=\"article\" \/>\n<meta property=\"og:title\" content=\"KORONAV\u00cdRUS &mdash; subprograms Quantum Medical\" \/>\n<meta property=\"og:description\" content=\"Super boosting and stimulating the immune system with the special new immune booster with our CORONA VIRUS IMMUNIZATION program.\" \/>\n<meta property=\"og:url\" content=\"https:\/\/hu.quantum-medical.eu\/index.php\/programs-for-the-eductor1-and-nucleus-devices\/corona-virus-immunization\/\" \/>\n<meta property=\"og:site_name\" content=\"Quantum Medical\" \/>\n<meta property=\"article:publisher\" content=\"https:\/\/www.facebook.com\/QuantumMedEU\" \/>\n<meta property=\"article:modified_time\" content=\"2022-09-27T06:49:57+00:00\" \/>\n<meta property=\"og:image\" content=\"https:\/\/hu.quantum-medical.eu\/wp-content\/uploads\/2021\/03\/image-4.png\" \/>\n\t<meta property=\"og:image:width\" content=\"1266\" \/>\n\t<meta property=\"og:image:height\" content=\"693\" \/>\n\t<meta property=\"og:image:type\" content=\"image\/png\" \/>\n<meta name=\"twitter:card\" content=\"summary_large_image\" \/>\n<meta name=\"twitter:site\" content=\"@QuantumMedEU\" \/>\n<script type=\"application\/ld+json\" class=\"yoast-schema-graph\">{\"@context\":\"https:\/\/schema.org\",\"@graph\":[{\"@type\":\"WebPage\",\"@id\":\"https:\/\/hu.quantum-medical.eu\/index.php\/programs-for-the-eductor1-and-nucleus-devices\/corona-virus-immunization\/\",\"url\":\"https:\/\/hu.quantum-medical.eu\/index.php\/programs-for-the-eductor1-and-nucleus-devices\/corona-virus-immunization\/\",\"name\":\"KORONAV\u00cdRUS &mdash; subprograms Quantum Medical\",\"isPartOf\":{\"@id\":\"https:\/\/hu.quantum-medical.eu\/#website\"},\"datePublished\":\"2021-03-22T11:52:21+00:00\",\"dateModified\":\"2022-09-27T06:49:57+00:00\",\"description\":\"Super boosting and stimulating the immune system with the special new immune booster with our CORONA VIRUS IMMUNIZATION program.\",\"breadcrumb\":{\"@id\":\"https:\/\/hu.quantum-medical.eu\/index.php\/programs-for-the-eductor1-and-nucleus-devices\/corona-virus-immunization\/#breadcrumb\"},\"inLanguage\":\"en-US\",\"potentialAction\":[{\"@type\":\"ReadAction\",\"target\":[\"https:\/\/hu.quantum-medical.eu\/index.php\/programs-for-the-eductor1-and-nucleus-devices\/corona-virus-immunization\/\"]}]},{\"@type\":\"BreadcrumbList\",\"@id\":\"https:\/\/hu.quantum-medical.eu\/index.php\/programs-for-the-eductor1-and-nucleus-devices\/corona-virus-immunization\/#breadcrumb\",\"itemListElement\":[{\"@type\":\"ListItem\",\"position\":1,\"name\":\"Home\",\"item\":\"https:\/\/hu.quantum-medical.eu\/\"},{\"@type\":\"ListItem\",\"position\":2,\"name\":\"Programok\",\"item\":\"https:\/\/hu.quantum-medical.eu\/index.php\/programs-for-the-eductor1-and-nucleus-devices\/\"},{\"@type\":\"ListItem\",\"position\":3,\"name\":\"KORONAV\u00cdRUS\"}]},{\"@type\":\"WebSite\",\"@id\":\"https:\/\/hu.quantum-medical.eu\/#website\",\"url\":\"https:\/\/hu.quantum-medical.eu\/\",\"name\":\"Quantum Medical\",\"description\":\"\",\"publisher\":{\"@id\":\"https:\/\/hu.quantum-medical.eu\/#organization\"},\"potentialAction\":[{\"@type\":\"SearchAction\",\"target\":{\"@type\":\"EntryPoint\",\"urlTemplate\":\"https:\/\/hu.quantum-medical.eu\/?s={search_term_string}\"},\"query-input\":\"required name=search_term_string\"}],\"inLanguage\":\"en-US\"},{\"@type\":\"Organization\",\"@id\":\"https:\/\/hu.quantum-medical.eu\/#organization\",\"name\":\"Quantum Medical SRL\",\"url\":\"https:\/\/hu.quantum-medical.eu\/\",\"logo\":{\"@type\":\"ImageObject\",\"inLanguage\":\"en-US\",\"@id\":\"https:\/\/hu.quantum-medical.eu\/#\/schema\/logo\/image\/\",\"url\":\"https:\/\/hu.quantum-medical.eu\/wp-content\/uploads\/2021\/05\/Quantum-Medical-logo-1.svg\",\"contentUrl\":\"https:\/\/hu.quantum-medical.eu\/wp-content\/uploads\/2021\/05\/Quantum-Medical-logo-1.svg\",\"width\":1,\"height\":1,\"caption\":\"Quantum Medical SRL\"},\"image\":{\"@id\":\"https:\/\/hu.quantum-medical.eu\/#\/schema\/logo\/image\/\"},\"sameAs\":[\"https:\/\/www.facebook.com\/QuantumMedEU\",\"https:\/\/twitter.com\/QuantumMedEU\",\"https:\/\/www.youtube.com\/channel\/UCZTJzN8-w3F6DHAt2jh67oA\",\"https:\/\/www.instagram.com\/quantum_medical\/\"]}]}<\/script>\n<!-- \/ Yoast SEO plugin. -->","yoast_head_json":{"title":"KORONAV\u00cdRUS &mdash; subprograms Quantum Medical","description":"Super boosting and stimulating the immune system with the special new immune booster with our CORONA VIRUS IMMUNIZATION program.","robots":{"index":"index","follow":"follow","max-snippet":"max-snippet:-1","max-image-preview":"max-image-preview:large","max-video-preview":"max-video-preview:-1"},"canonical":"https:\/\/hu.quantum-medical.eu\/index.php\/programs-for-the-eductor1-and-nucleus-devices\/corona-virus-immunization\/","og_locale":"en_US","og_type":"article","og_title":"KORONAV\u00cdRUS &mdash; subprograms Quantum Medical","og_description":"Super boosting and stimulating the immune system with the special new immune booster with our CORONA VIRUS IMMUNIZATION program.","og_url":"https:\/\/hu.quantum-medical.eu\/index.php\/programs-for-the-eductor1-and-nucleus-devices\/corona-virus-immunization\/","og_site_name":"Quantum Medical","article_publisher":"https:\/\/www.facebook.com\/QuantumMedEU","article_modified_time":"2022-09-27T06:49:57+00:00","og_image":[{"width":1266,"height":693,"url":"https:\/\/hu.quantum-medical.eu\/wp-content\/uploads\/2021\/03\/image-4.png","type":"image\/png"}],"twitter_card":"summary_large_image","twitter_site":"@QuantumMedEU","schema":{"@context":"https:\/\/schema.org","@graph":[{"@type":"WebPage","@id":"https:\/\/hu.quantum-medical.eu\/index.php\/programs-for-the-eductor1-and-nucleus-devices\/corona-virus-immunization\/","url":"https:\/\/hu.quantum-medical.eu\/index.php\/programs-for-the-eductor1-and-nucleus-devices\/corona-virus-immunization\/","name":"KORONAV\u00cdRUS &mdash; subprograms Quantum Medical","isPartOf":{"@id":"https:\/\/hu.quantum-medical.eu\/#website"},"datePublished":"2021-03-22T11:52:21+00:00","dateModified":"2022-09-27T06:49:57+00:00","description":"Super boosting and stimulating the immune system with the special new immune booster with our CORONA VIRUS IMMUNIZATION program.","breadcrumb":{"@id":"https:\/\/hu.quantum-medical.eu\/index.php\/programs-for-the-eductor1-and-nucleus-devices\/corona-virus-immunization\/#breadcrumb"},"inLanguage":"en-US","potentialAction":[{"@type":"ReadAction","target":["https:\/\/hu.quantum-medical.eu\/index.php\/programs-for-the-eductor1-and-nucleus-devices\/corona-virus-immunization\/"]}]},{"@type":"BreadcrumbList","@id":"https:\/\/hu.quantum-medical.eu\/index.php\/programs-for-the-eductor1-and-nucleus-devices\/corona-virus-immunization\/#breadcrumb","itemListElement":[{"@type":"ListItem","position":1,"name":"Home","item":"https:\/\/hu.quantum-medical.eu\/"},{"@type":"ListItem","position":2,"name":"Programok","item":"https:\/\/hu.quantum-medical.eu\/index.php\/programs-for-the-eductor1-and-nucleus-devices\/"},{"@type":"ListItem","position":3,"name":"KORONAV\u00cdRUS"}]},{"@type":"WebSite","@id":"https:\/\/hu.quantum-medical.eu\/#website","url":"https:\/\/hu.quantum-medical.eu\/","name":"Quantum Medical","description":"","publisher":{"@id":"https:\/\/hu.quantum-medical.eu\/#organization"},"potentialAction":[{"@type":"SearchAction","target":{"@type":"EntryPoint","urlTemplate":"https:\/\/hu.quantum-medical.eu\/?s={search_term_string}"},"query-input":"required name=search_term_string"}],"inLanguage":"en-US"},{"@type":"Organization","@id":"https:\/\/hu.quantum-medical.eu\/#organization","name":"Quantum Medical SRL","url":"https:\/\/hu.quantum-medical.eu\/","logo":{"@type":"ImageObject","inLanguage":"en-US","@id":"https:\/\/hu.quantum-medical.eu\/#\/schema\/logo\/image\/","url":"https:\/\/hu.quantum-medical.eu\/wp-content\/uploads\/2021\/05\/Quantum-Medical-logo-1.svg","contentUrl":"https:\/\/hu.quantum-medical.eu\/wp-content\/uploads\/2021\/05\/Quantum-Medical-logo-1.svg","width":1,"height":1,"caption":"Quantum Medical SRL"},"image":{"@id":"https:\/\/hu.quantum-medical.eu\/#\/schema\/logo\/image\/"},"sameAs":["https:\/\/www.facebook.com\/QuantumMedEU","https:\/\/twitter.com\/QuantumMedEU","https:\/\/www.youtube.com\/channel\/UCZTJzN8-w3F6DHAt2jh67oA","https:\/\/www.instagram.com\/quantum_medical\/"]}]}},"builder_content":"<p><\/p> <p>Az \u00faj <strong>KORONAV\u00cdRUS IMUNIZ\u00c1CI\u00d3 <\/strong>seg\u00edt er\u0151s\u00edteni \u00e9s stimul\u00e1lni immunrendszered a Quantum Medical speci\u00e1lis \u00faj immuner\u0151s\u00edt\u0151j\u00e9vel.<\/p> <p><\/p> <p>Az immunrendszer elengedhetetlen a t\u00fal\u00e9l\u00e9s\u00fcnkh\u00f6z. Megfelel\u0151en m\u0171k\u00f6d\u0151 immunrendszer n\u00e9lk\u00fcl szervezet\u00fcnket megt\u00e1madhatj\u00e1k bakt\u00e9riumok, v\u00edrusok, parazit\u00e1k \u00e9s egyebek. A SARS-CoV-2, COVID19 \u00e9s sok m\u00e1s, vil\u00e1gj\u00e1rv\u00e1nyt okoz\u00f3 vesz\u00e9lyes v\u00edrus miatt az immunrendszer\u00fcnk\u00f6n m\u00falik, hogy eg\u00e9szs\u00e9gesek \u00e9s v\u00e9dettek maradjunk, amikor k\u00f3rokoz\u00f3k tenger\u00e9vel tal\u00e1lkozunk.<\/p> <p><\/p> <p>Az \u00daJ Immunstimul\u00e1tor kifejezetten a test harmoniz\u00e1l\u00e1s\u00e1ra szolg\u00e1l, mik\u00f6zben k\u00e9szenl\u00e9tben serkenti az immunrendszert, hogy cs\u00f6kkentse a v\u00edrusokkal vagy m\u00e1s k\u00f3rokoz\u00f3kkal szembeni \u00e9rz\u00e9kenys\u00e9get.<\/p> <p><\/p> <p>A <strong>KORONAV\u00cdRUS IMUNIZ\u00c1CI\u00d3<\/strong> program a<strong> NUCLEUS<\/strong> k\u00e9sz\u00fcl\u00e9k v\u00e1s\u00e1rl\u00e1sa eset\u00e9n <strong>INGYENES<\/strong>, \u00e9s <strong>2000 eur\u00f3\u00e9rt<\/strong> megv\u00e1s\u00e1rolhat\u00f3 az <strong>ED.X-hez.<\/strong> A modul megv\u00e1s\u00e1rl\u00e1s\u00e1hoz vedd fel vel\u00fcnk a <a href=\"https:\/\/hu.quantum-medical.eu\/index.php\/contact\/\">kapcsolatot<\/a>.<\/p> <p><\/p>\n<a href=\"https:\/\/hu.quantum-medical.eu\/index.php\/contact\/\" > V\u00c1S\u00c1ROLJ MOST <\/a>","_links":{"self":[{"href":"https:\/\/hu.quantum-medical.eu\/index.php\/wp-json\/wp\/v2\/pages\/1041"}],"collection":[{"href":"https:\/\/hu.quantum-medical.eu\/index.php\/wp-json\/wp\/v2\/pages"}],"about":[{"href":"https:\/\/hu.quantum-medical.eu\/index.php\/wp-json\/wp\/v2\/types\/page"}],"author":[{"embeddable":true,"href":"https:\/\/hu.quantum-medical.eu\/index.php\/wp-json\/wp\/v2\/users\/7"}],"replies":[{"embeddable":true,"href":"https:\/\/hu.quantum-medical.eu\/index.php\/wp-json\/wp\/v2\/comments?post=1041"}],"version-history":[{"count":25,"href":"https:\/\/hu.quantum-medical.eu\/index.php\/wp-json\/wp\/v2\/pages\/1041\/revisions"}],"predecessor-version":[{"id":3285,"href":"https:\/\/hu.quantum-medical.eu\/index.php\/wp-json\/wp\/v2\/pages\/1041\/revisions\/3285"}],"up":[{"embeddable":true,"href":"https:\/\/hu.quantum-medical.eu\/index.php\/wp-json\/wp\/v2\/pages\/38"}],"wp:featuredmedia":[{"embeddable":true,"href":"https:\/\/hu.quantum-medical.eu\/index.php\/wp-json\/wp\/v2\/media\/1050"}],"wp:attachment":[{"href":"https:\/\/hu.quantum-medical.eu\/index.php\/wp-json\/wp\/v2\/media?parent=1041"}],"curies":[{"name":"wp","href":"https:\/\/api.w.org\/{rel}","templated":true}]}}