{"id":1037,"date":"2021-03-22T11:48:43","date_gmt":"2021-03-22T11:48:43","guid":{"rendered":"https:\/\/hu.quantum-medical.eu\/?page_id=1037"},"modified":"2022-09-27T09:04:49","modified_gmt":"2022-09-27T09:04:49","slug":"phobia-therapy","status":"publish","type":"page","link":"https:\/\/hu.quantum-medical.eu\/index.php\/programs-for-the-eductor1-and-nucleus-devices\/phobia-therapy\/","title":{"rendered":"F\u00d3BIA TER\u00c1PIA"},"content":{"rendered":"<p>Mikor \u00e9rdemes f\u00f3bia ter\u00e1pi\u00e1t alkalmazni? Az elme-test-energia rendszer bioenergetikai mint\u00e1it \u00f6sszefon\u00f3d\u00f3nak \u00e9s interakt\u00edvnak tekintj\u00fck elme-test-energia rendszer\u00fcnk\u00f6n bel\u00fcl, amelyek komplex kommunik\u00e1ci\u00f3t foglalnak magukban neurobiol\u00f3giai folyamatokon, velesz\u00fcletett elektrofiziol\u00f3gi\u00e1n, pszichoneuroimmunol\u00f3giai tudaton \u00e9s kognit\u00edv-viselked\u00e9si-\u00e9rzelmi mint\u00e1kon kereszt\u00fcl. Az elektromos jelek vagy energiamez\u0151k ED.X-szel \u00e9s NUCLEUS-szal t\u00f6rt\u00e9n\u0151 letapogat\u00e1sa \u00e9s be\u00e1ll\u00edt\u00e1sa \u00fajrak\u00e9pzi az agyat, hogy seg\u00edtsen az egy\u00e9neknek lek\u00fczdeni \u00e9s \u00fajraprogramozni ezeket az eg\u00e9szs\u00e9gre \u00e9s j\u00f3l\u00e9tre hat\u00f3 bioenergetikai mint\u00e1kat.<\/p>\n\n\n\n<p>A k\u00fcl\u00f6nleges \u00e9s egyedi alkalmaz\u00e1sa <strong><a href=\"https:\/\/www.verywellmind.com\/list-of-phobias-2795453\">f\u00f3bia ter\u00e1pia<\/a><\/strong> az <a href=\"https:\/\/hu.quantum-medical.eu\/index.php\/devices\/eductor1-quantum-biofeedback-system\/\"><strong>ED.X<\/strong><\/a> \u00e9s a <strong><a href=\"https:\/\/hu.quantum-medical.eu\/index.php\/devices\/nucleus-quantum-biofeedback-system\/\">NUCLEUS<\/a><\/strong> \u00e1ltal biztos\u00edtott abnorm\u00e1lis szint\u0171 f\u00e9lelem \u00e9s szorong\u00e1s elektromos mint\u00e1zatait veszi fel, amelyek jelent\u0151s szorong\u00e1shoz \u00e9s m\u0171k\u00f6d\u00e9si zavarokhoz vezetnek, korl\u00e1tozva a szem\u00e9ly siker\u00e9t \u00e9s az \u00e9let \u00e9lvezet\u00e9t. Felveszi a f\u00e9lelem \u00e9s a szorong\u00e1s abnorm\u00e1lis szint\u0171 elektromos mint\u00e1zatait, amelyek jelent\u0151s szorong\u00e1shoz \u00e9s m\u0171k\u00f6d\u00e9si zavarokhoz vezetnek, korl\u00e1tozva a szem\u00e9ly siker\u00e9t \u00e9s az \u00e9let \u00e9lvezet\u00e9t. \u00c9rt\u00e9kes inform\u00e1ci\u00f3kat ad sz\u00e1munkra az egy\u00e9nek rendelleness\u00e9g\u00e9vel \u00e9s \u00e1llapot\u00e1val kapcsolatos kiv\u00e1lt\u00f3 okr\u00f3l \u00e9s specifikus f\u00f3bi\u00e1r\u00f3l.<\/p>\n\n\n\n<p>A f\u00f3bia tart\u00f3s, t\u00falzott, irre\u00e1lis f\u00e9lelem egy t\u00e1rgyt\u00f3l, szem\u00e9lyt\u0151l, \u00e1llatt\u00f3l, tev\u00e9kenys\u00e9gt\u0151l vagy helyzett\u0151l. Ez egyfajta szorong\u00e1sos zavar, amely n\u00f6velheti a pszichi\u00e1triai betegs\u00e9gek, k\u00fcl\u00f6n\u00f6sen m\u00e1s szorong\u00e1sos rendelleness\u00e9gek, depresszi\u00f3 \u00e9s szerhaszn\u00e1lat kock\u00e1zat\u00e1t.<\/p>\n\n\n\n<p>A t\u00fcnetek k\u00f6z\u00f6tt szerepelhet:<\/p>\n\n\n\n<ul><li><strong>T\u00falzott, \u00e9sszer\u0171tlen, tart\u00f3s f\u00e9lelem vagy szorong\u00e1s \u00e9rz\u00e9se, amelyet egy adott t\u00e1rgy, tev\u00e9kenys\u00e9g vagy helyzet v\u00e1lt ki.<\/strong><\/li><li><strong>Az \u00e9rz\u00e9sek vagy irracion\u00e1lisak, vagy nincsenek ar\u00e1nyban b\u00e1rmilyen val\u00f3s fenyeget\u00e9ssel.<\/strong> Az \u00e9rz\u00e9sek vagy irracion\u00e1lisak, vagy nincs ar\u00e1nyban a t\u00e9nyleges fenyeget\u00e9ssel. P\u00e9ld\u00e1ul, b\u00e1r b\u00e1rki f\u00e9lhet egy f\u00e9ktelen, fenyeget\u0151 kuty\u00e1t\u00f3l, a legt\u00f6bben nem menek\u00fclnek el egy nyugodt, csendes \u00e1llat el\u0151l p\u00f3r\u00e1zon.<\/li><li><strong>A f\u00f3bi\u00e1t kiv\u00e1lt\u00f3 t\u00e1rgy, tev\u00e9kenys\u00e9g vagy helyzet elker\u00fcl\u00e9se.<\/strong> Mivel a f\u00f3bi\u00e1ban szenved\u0151k felismerik, hogy f\u00e9lelmeik t\u00falz\u00f3ak, gyakran sz\u00e9gyellik vagy zavarba j\u00f6nnek a t\u00fcneteik miatt. A szorong\u00e1s vagy zavart t\u00fcnetek megel\u0151z\u00e9se \u00e9rdek\u00e9ben ker\u00fclik a f\u00f3bia kiv\u00e1lt\u00f3it.<\/li><li><strong>Szorong\u00e1ssal kapcsolatos testi t\u00fcnetek. <\/strong>Ezek lehetnek remeg\u00e9s, sz\u00edvdobog\u00e1s\u00e9rz\u00e9s, izzad\u00e1s, l\u00e9gszomj, sz\u00e9d\u00fcl\u00e9s, h\u00e1nyinger vagy egy\u00e9b t\u00fcnetek, amelyek a szervezet \u201eharcolj vagy menek\u00fclj\u201d reakci\u00f3j\u00e1t t\u00fckr\u00f6zik a vesz\u00e9lyre (az ilyen t\u00fcnetek p\u00e1nikbetegs\u00e9g diagn\u00f3zis\u00e1hoz vezethetnek).<\/li><\/ul>\n\n\n\n<p>A szorong\u00e1s val\u00f3j\u00e1ban azt mutatja meg, hogy az agy azon r\u00e9szei, amelyek kontroll\u00e1lj\u00e1k a stresszt \u00e9s a nyugodt tart\u00e1s k\u00e9pess\u00e9g\u00e9t, nincsenek egyens\u00falyban. A f\u00f3bia \u00e1llapotai \u00e1ltal\u00e1ban fiatal korban kezd\u0151dnek, \u00e9s megfelel\u0151 kezel\u00e9s n\u00e9lk\u00fcl kr\u00f3nikuss\u00e1 \u00e9s legyeng\u00edt\u0151v\u00e9 v\u00e1lhatnak, \u00e9s befoly\u00e1solhatj\u00e1k az ember \u00e9letp\u00e1ly\u00e1j\u00e1t.<\/p>\n\n\n\n<p>A f\u00f3bia ter\u00e1pia program teljes m\u00e9rt\u00e9kben szem\u00e9lyre szabott, \u00edgy a lehet\u0151 legr\u00f6videbb id\u0151 alatt maximaliz\u00e1lja az eredm\u00e9nyeket. Speci\u00e1lis agyhull\u00e1m-tr\u00e9ning \u00e9s stresszcs\u00f6kkent\u00e9s r\u00e9v\u00e9n ennek a rendelleness\u00e9gnek a negat\u00edv hat\u00e1sai jelent\u0151sen cs\u00f6kkennek.<\/p>\n\n\n\n<p>A <strong>F\u00d3BIA TER\u00c1PIA<\/strong> program a <strong>NUCLEUS<\/strong> k\u00e9sz\u00fcl\u00e9k v\u00e1s\u00e1rl\u00e1sa eset\u00e9n <strong>INGYENES<\/strong>, \u00e9s <strong>1500 eur\u00f3\u00e9rt<\/strong> megv\u00e1s\u00e1rolhat\u00f3 az <strong>ED.X-hez<\/strong>. A modul megv\u00e1s\u00e1rl\u00e1s\u00e1hoz vedd fel vel\u00fcnk a <a href=\"https:\/\/hu.quantum-medical.eu\/index.php\/contact\/\">kapcsolatot<\/a>.<\/p>\n\n<!--themify_builder_content-->\n<div id=\"themify_builder_content-1037\" data-postid=\"1037\" class=\"themify_builder_content themify_builder_content-1037 themify_builder tf_clear\">\n    \t<!-- module_row -->\n\t<div  data-lazy=\"1\" class=\"module_row themify_builder_row tb_wac766 tb_first tf_clearfix\">\n\t    \t\t<div class=\"row_inner col_align_top col-count-1 tf_box tf_w tf_rel\">\n\t\t\t<div  data-lazy=\"1\" class=\"module_column tb-column col-full first tb_z1pw68 tf_box\">\n\t\t\t    \t        <div class=\"tb-column-inner tf_box tf_w\">\n\t\t    <!-- module buttons -->\n<div  class=\"module module-buttons tb_ymt968 buttons-horizontal solid  circle buttons-fullwidth hover-wow wow\" data-tf-animation_hover=\"pulse\" data-tf-animation=\"bounce\" data-tf-animation_delay=\"1\" data-lazy=\"1\">\n    \t<div class=\"module-buttons-item tf_inline_b\">\n\t\t\t\t\t\t\t<a href=\"https:\/\/hu.quantum-medical.eu\/index.php\/contact\/\" class=\"ui builder_button black\" >\n\t\t\t\t\t\t\t\t\t\t\t<span class=\"tf_inline_b tf_vmiddle\">V\u00c1S\u00c1ROLJ MOST<\/span>\n\t\t\t\t\t\t\t\t\t\t\t<\/a>\n\t\t\t    \t<\/div>\n\t<\/div>\n<!-- \/module buttons -->\n\t        <\/div>\n\t    \t<\/div>\n\t\t    <\/div>\n\t    <!-- \/row_inner -->\n\t<\/div>\n\t<!-- \/module_row -->\n\t<\/div>\n<!--\/themify_builder_content-->\n\n\n<p><\/p><!-- AddThis Advanced Settings generic via filter on the_content --><!-- AddThis Share Buttons generic via filter on the_content -->","protected":false},"excerpt":{"rendered":"<p>Mikor \u00e9rdemes f\u00f3bia ter\u00e1pi\u00e1t alkalmazni? Az elme-test-energia rendszer bioenergetikai mint\u00e1it \u00f6sszefon\u00f3d\u00f3nak \u00e9s interakt\u00edvnak tekintj\u00fck elme-test-energia rendszer\u00fcnk\u00f6n bel\u00fcl, amelyek komplex kommunik\u00e1ci\u00f3t foglalnak magukban neurobiol\u00f3giai folyamatokon, velesz\u00fcletett elektrofiziol\u00f3gi\u00e1n, pszichoneuroimmunol\u00f3giai tudaton \u00e9s kognit\u00edv-viselked\u00e9si-\u00e9rzelmi mint\u00e1kon kereszt\u00fcl. Az elektromos jelek vagy energiamez\u0151k ED.X-szel \u00e9s NUCLEUS-szal t\u00f6rt\u00e9n\u0151 letapogat\u00e1sa \u00e9s be\u00e1ll\u00edt\u00e1sa \u00fajrak\u00e9pzi az agyat, hogy seg\u00edtsen az egy\u00e9neknek lek\u00fczdeni \u00e9s \u00fajraprogramozni ezeket [&hellip;]<!-- AddThis Advanced Settings generic via filter on get_the_excerpt --><!-- AddThis Share Buttons generic via filter on get_the_excerpt --><\/p>\n","protected":false},"author":7,"featured_media":1038,"parent":38,"menu_order":80,"comment_status":"closed","ping_status":"closed","template":"","meta":{"inline_featured_image":false},"yoast_head":"<!-- This site is optimized with the Yoast SEO plugin v20.6 - https:\/\/yoast.com\/wordpress\/plugins\/seo\/ -->\n<title>F\u00d3BIA TER\u00c1PIA &mdash; programs for our devices Quantum Medical<\/title>\n<meta name=\"description\" content=\"When should Phobia Therapy be used? Whenever there is an unreasonable fear of something that influences the life of a patient in a bad way.\" \/>\n<meta name=\"robots\" content=\"index, follow, max-snippet:-1, max-image-preview:large, max-video-preview:-1\" \/>\n<link rel=\"canonical\" href=\"https:\/\/hu.quantum-medical.eu\/index.php\/programs-for-the-eductor1-and-nucleus-devices\/phobia-therapy\/\" \/>\n<meta property=\"og:locale\" content=\"en_US\" \/>\n<meta property=\"og:type\" content=\"article\" \/>\n<meta property=\"og:title\" content=\"F\u00d3BIA TER\u00c1PIA &mdash; programs for our devices Quantum Medical\" \/>\n<meta property=\"og:description\" content=\"When should Phobia Therapy be used? Whenever there is an unreasonable fear of something that influences the life of a patient in a bad way.\" \/>\n<meta property=\"og:url\" content=\"https:\/\/hu.quantum-medical.eu\/index.php\/programs-for-the-eductor1-and-nucleus-devices\/phobia-therapy\/\" \/>\n<meta property=\"og:site_name\" content=\"Quantum Medical\" \/>\n<meta property=\"article:publisher\" content=\"https:\/\/www.facebook.com\/QuantumMedEU\" \/>\n<meta property=\"article:modified_time\" content=\"2022-09-27T09:04:49+00:00\" \/>\n<meta property=\"og:image\" content=\"https:\/\/hu.quantum-medical.eu\/wp-content\/uploads\/2021\/03\/image-3.png\" \/>\n\t<meta property=\"og:image:width\" content=\"1312\" \/>\n\t<meta property=\"og:image:height\" content=\"761\" \/>\n\t<meta property=\"og:image:type\" content=\"image\/png\" \/>\n<meta name=\"twitter:card\" content=\"summary_large_image\" \/>\n<meta name=\"twitter:site\" content=\"@QuantumMedEU\" \/>\n<meta name=\"twitter:label1\" content=\"Est. reading time\" \/>\n\t<meta name=\"twitter:data1\" content=\"2 minutes\" \/>\n<script type=\"application\/ld+json\" class=\"yoast-schema-graph\">{\"@context\":\"https:\/\/schema.org\",\"@graph\":[{\"@type\":\"WebPage\",\"@id\":\"https:\/\/hu.quantum-medical.eu\/index.php\/programs-for-the-eductor1-and-nucleus-devices\/phobia-therapy\/\",\"url\":\"https:\/\/hu.quantum-medical.eu\/index.php\/programs-for-the-eductor1-and-nucleus-devices\/phobia-therapy\/\",\"name\":\"F\u00d3BIA TER\u00c1PIA &mdash; programs for our devices Quantum Medical\",\"isPartOf\":{\"@id\":\"https:\/\/hu.quantum-medical.eu\/#website\"},\"datePublished\":\"2021-03-22T11:48:43+00:00\",\"dateModified\":\"2022-09-27T09:04:49+00:00\",\"description\":\"When should Phobia Therapy be used? Whenever there is an unreasonable fear of something that influences the life of a patient in a bad way.\",\"breadcrumb\":{\"@id\":\"https:\/\/hu.quantum-medical.eu\/index.php\/programs-for-the-eductor1-and-nucleus-devices\/phobia-therapy\/#breadcrumb\"},\"inLanguage\":\"en-US\",\"potentialAction\":[{\"@type\":\"ReadAction\",\"target\":[\"https:\/\/hu.quantum-medical.eu\/index.php\/programs-for-the-eductor1-and-nucleus-devices\/phobia-therapy\/\"]}]},{\"@type\":\"BreadcrumbList\",\"@id\":\"https:\/\/hu.quantum-medical.eu\/index.php\/programs-for-the-eductor1-and-nucleus-devices\/phobia-therapy\/#breadcrumb\",\"itemListElement\":[{\"@type\":\"ListItem\",\"position\":1,\"name\":\"Home\",\"item\":\"https:\/\/hu.quantum-medical.eu\/\"},{\"@type\":\"ListItem\",\"position\":2,\"name\":\"Programok\",\"item\":\"https:\/\/hu.quantum-medical.eu\/index.php\/programs-for-the-eductor1-and-nucleus-devices\/\"},{\"@type\":\"ListItem\",\"position\":3,\"name\":\"F\u00d3BIA TER\u00c1PIA\"}]},{\"@type\":\"WebSite\",\"@id\":\"https:\/\/hu.quantum-medical.eu\/#website\",\"url\":\"https:\/\/hu.quantum-medical.eu\/\",\"name\":\"Quantum Medical\",\"description\":\"\",\"publisher\":{\"@id\":\"https:\/\/hu.quantum-medical.eu\/#organization\"},\"potentialAction\":[{\"@type\":\"SearchAction\",\"target\":{\"@type\":\"EntryPoint\",\"urlTemplate\":\"https:\/\/hu.quantum-medical.eu\/?s={search_term_string}\"},\"query-input\":\"required name=search_term_string\"}],\"inLanguage\":\"en-US\"},{\"@type\":\"Organization\",\"@id\":\"https:\/\/hu.quantum-medical.eu\/#organization\",\"name\":\"Quantum Medical SRL\",\"url\":\"https:\/\/hu.quantum-medical.eu\/\",\"logo\":{\"@type\":\"ImageObject\",\"inLanguage\":\"en-US\",\"@id\":\"https:\/\/hu.quantum-medical.eu\/#\/schema\/logo\/image\/\",\"url\":\"https:\/\/hu.quantum-medical.eu\/wp-content\/uploads\/2021\/05\/Quantum-Medical-logo-1.svg\",\"contentUrl\":\"https:\/\/hu.quantum-medical.eu\/wp-content\/uploads\/2021\/05\/Quantum-Medical-logo-1.svg\",\"width\":1,\"height\":1,\"caption\":\"Quantum Medical SRL\"},\"image\":{\"@id\":\"https:\/\/hu.quantum-medical.eu\/#\/schema\/logo\/image\/\"},\"sameAs\":[\"https:\/\/www.facebook.com\/QuantumMedEU\",\"https:\/\/twitter.com\/QuantumMedEU\",\"https:\/\/www.youtube.com\/channel\/UCZTJzN8-w3F6DHAt2jh67oA\",\"https:\/\/www.instagram.com\/quantum_medical\/\"]}]}<\/script>\n<!-- \/ Yoast SEO plugin. -->","yoast_head_json":{"title":"F\u00d3BIA TER\u00c1PIA &mdash; programs for our devices Quantum Medical","description":"When should Phobia Therapy be used? Whenever there is an unreasonable fear of something that influences the life of a patient in a bad way.","robots":{"index":"index","follow":"follow","max-snippet":"max-snippet:-1","max-image-preview":"max-image-preview:large","max-video-preview":"max-video-preview:-1"},"canonical":"https:\/\/hu.quantum-medical.eu\/index.php\/programs-for-the-eductor1-and-nucleus-devices\/phobia-therapy\/","og_locale":"en_US","og_type":"article","og_title":"F\u00d3BIA TER\u00c1PIA &mdash; programs for our devices Quantum Medical","og_description":"When should Phobia Therapy be used? Whenever there is an unreasonable fear of something that influences the life of a patient in a bad way.","og_url":"https:\/\/hu.quantum-medical.eu\/index.php\/programs-for-the-eductor1-and-nucleus-devices\/phobia-therapy\/","og_site_name":"Quantum Medical","article_publisher":"https:\/\/www.facebook.com\/QuantumMedEU","article_modified_time":"2022-09-27T09:04:49+00:00","og_image":[{"width":1312,"height":761,"url":"https:\/\/hu.quantum-medical.eu\/wp-content\/uploads\/2021\/03\/image-3.png","type":"image\/png"}],"twitter_card":"summary_large_image","twitter_site":"@QuantumMedEU","twitter_misc":{"Est. reading time":"2 minutes"},"schema":{"@context":"https:\/\/schema.org","@graph":[{"@type":"WebPage","@id":"https:\/\/hu.quantum-medical.eu\/index.php\/programs-for-the-eductor1-and-nucleus-devices\/phobia-therapy\/","url":"https:\/\/hu.quantum-medical.eu\/index.php\/programs-for-the-eductor1-and-nucleus-devices\/phobia-therapy\/","name":"F\u00d3BIA TER\u00c1PIA &mdash; programs for our devices Quantum Medical","isPartOf":{"@id":"https:\/\/hu.quantum-medical.eu\/#website"},"datePublished":"2021-03-22T11:48:43+00:00","dateModified":"2022-09-27T09:04:49+00:00","description":"When should Phobia Therapy be used? Whenever there is an unreasonable fear of something that influences the life of a patient in a bad way.","breadcrumb":{"@id":"https:\/\/hu.quantum-medical.eu\/index.php\/programs-for-the-eductor1-and-nucleus-devices\/phobia-therapy\/#breadcrumb"},"inLanguage":"en-US","potentialAction":[{"@type":"ReadAction","target":["https:\/\/hu.quantum-medical.eu\/index.php\/programs-for-the-eductor1-and-nucleus-devices\/phobia-therapy\/"]}]},{"@type":"BreadcrumbList","@id":"https:\/\/hu.quantum-medical.eu\/index.php\/programs-for-the-eductor1-and-nucleus-devices\/phobia-therapy\/#breadcrumb","itemListElement":[{"@type":"ListItem","position":1,"name":"Home","item":"https:\/\/hu.quantum-medical.eu\/"},{"@type":"ListItem","position":2,"name":"Programok","item":"https:\/\/hu.quantum-medical.eu\/index.php\/programs-for-the-eductor1-and-nucleus-devices\/"},{"@type":"ListItem","position":3,"name":"F\u00d3BIA TER\u00c1PIA"}]},{"@type":"WebSite","@id":"https:\/\/hu.quantum-medical.eu\/#website","url":"https:\/\/hu.quantum-medical.eu\/","name":"Quantum Medical","description":"","publisher":{"@id":"https:\/\/hu.quantum-medical.eu\/#organization"},"potentialAction":[{"@type":"SearchAction","target":{"@type":"EntryPoint","urlTemplate":"https:\/\/hu.quantum-medical.eu\/?s={search_term_string}"},"query-input":"required name=search_term_string"}],"inLanguage":"en-US"},{"@type":"Organization","@id":"https:\/\/hu.quantum-medical.eu\/#organization","name":"Quantum Medical SRL","url":"https:\/\/hu.quantum-medical.eu\/","logo":{"@type":"ImageObject","inLanguage":"en-US","@id":"https:\/\/hu.quantum-medical.eu\/#\/schema\/logo\/image\/","url":"https:\/\/hu.quantum-medical.eu\/wp-content\/uploads\/2021\/05\/Quantum-Medical-logo-1.svg","contentUrl":"https:\/\/hu.quantum-medical.eu\/wp-content\/uploads\/2021\/05\/Quantum-Medical-logo-1.svg","width":1,"height":1,"caption":"Quantum Medical SRL"},"image":{"@id":"https:\/\/hu.quantum-medical.eu\/#\/schema\/logo\/image\/"},"sameAs":["https:\/\/www.facebook.com\/QuantumMedEU","https:\/\/twitter.com\/QuantumMedEU","https:\/\/www.youtube.com\/channel\/UCZTJzN8-w3F6DHAt2jh67oA","https:\/\/www.instagram.com\/quantum_medical\/"]}]}},"builder_content":"<a href=\"https:\/\/hu.quantum-medical.eu\/index.php\/contact\/\" > V\u00c1S\u00c1ROLJ MOST <\/a>","_links":{"self":[{"href":"https:\/\/hu.quantum-medical.eu\/index.php\/wp-json\/wp\/v2\/pages\/1037"}],"collection":[{"href":"https:\/\/hu.quantum-medical.eu\/index.php\/wp-json\/wp\/v2\/pages"}],"about":[{"href":"https:\/\/hu.quantum-medical.eu\/index.php\/wp-json\/wp\/v2\/types\/page"}],"author":[{"embeddable":true,"href":"https:\/\/hu.quantum-medical.eu\/index.php\/wp-json\/wp\/v2\/users\/7"}],"replies":[{"embeddable":true,"href":"https:\/\/hu.quantum-medical.eu\/index.php\/wp-json\/wp\/v2\/comments?post=1037"}],"version-history":[{"count":17,"href":"https:\/\/hu.quantum-medical.eu\/index.php\/wp-json\/wp\/v2\/pages\/1037\/revisions"}],"predecessor-version":[{"id":3309,"href":"https:\/\/hu.quantum-medical.eu\/index.php\/wp-json\/wp\/v2\/pages\/1037\/revisions\/3309"}],"up":[{"embeddable":true,"href":"https:\/\/hu.quantum-medical.eu\/index.php\/wp-json\/wp\/v2\/pages\/38"}],"wp:featuredmedia":[{"embeddable":true,"href":"https:\/\/hu.quantum-medical.eu\/index.php\/wp-json\/wp\/v2\/media\/1038"}],"wp:attachment":[{"href":"https:\/\/hu.quantum-medical.eu\/index.php\/wp-json\/wp\/v2\/media?parent=1037"}],"curies":[{"name":"wp","href":"https:\/\/api.w.org\/{rel}","templated":true}]}}