{"id":1024,"date":"2021-03-22T11:35:47","date_gmt":"2021-03-22T11:35:47","guid":{"rendered":"https:\/\/hu.quantum-medical.eu\/?page_id=1024"},"modified":"2022-09-23T15:43:49","modified_gmt":"2022-09-23T15:43:49","slug":"blood-dictionary","status":"publish","type":"page","link":"https:\/\/hu.quantum-medical.eu\/index.php\/programs-for-the-eductor1-and-nucleus-devices\/blood-dictionary\/","title":{"rendered":"V\u00c9RSZ\u00d3T\u00c1R"},"content":{"rendered":"<p>Mire haszn\u00e1lhat\u00f3 a <strong>V\u00e9rsz\u00f3t\u00e1r<\/strong>?<\/p>\n\n\n\n<p>A v\u00e9rcsoporton alapul\u00f3 speci\u00e1lis \u00e9trend \u2013 O, A, B vagy AB seg\u00edthet a fogy\u00e1sban \u00e9s az eg\u00e9szs\u00e9gben? Ez a v\u00e9rcsoport-di\u00e9ta \u00f6tlete, amelyet Peter J. D&#8217;Adamo term\u00e9szetgy\u00f3gy\u00e1sz alkotott meg.&nbsp; E di\u00e9ta szerint az elfogyasztott \u00e9lelmiszerek k\u00e9miai reakci\u00f3ba l\u00e9pnek a v\u00e9rcsoportokkal. Ha a v\u00e9rcsoportodnak megfelel\u0151 di\u00e9t\u00e1t k\u00f6veted, szervezeted hat\u00e9konyabban veszi fel a t\u00e1pl\u00e1l\u00e9kot, ami el\u0151seg\u00edti a fogy\u00e1st, a t\u00f6bb energi\u00e1t \u00e9s a betegs\u00e9gek megel\u0151z\u00e9s\u00e9t.<\/p>\n\n\n\n<p>A <strong>V\u00e9rsz\u00f3t\u00e1r<\/strong> alkalmaz\u00e1s tartalmazza az \u00e9lelmiszerek teljes v\u00e9rcsoport szerinti bont\u00e1s\u00e1t.<\/p>\n\n\n\n<p>Bizonyos \u00e9telekkel \u00e9s \u00e9tkez\u00e9si korl\u00e1toz\u00e1sokkal azonban \u00f3vatosan kell elj\u00e1rni, k\u00fcl\u00f6n\u00f6sen olyan betegs\u00e9gek eset\u00e9n, amelyek speci\u00e1lis \u00fatmutat\u00f3t ig\u00e9nyelnek, az <strong>ED.X<\/strong> \u00e9s a <strong>V\u00e9rsz\u00f3t\u00e1r<\/strong> alkalmaz\u00e1s hat\u00e9konyan cs\u00f6kkenti az esetleg elengedhetetlen, de a v\u00e9rcsoportnak nem megfelel\u0151 \u00e9telintoleranci\u00e1t.<\/p>\n\n\n\n<p>Az al\u00e1bbiakban bemutatunk n\u00e9h\u00e1ny \u00e1ltal\u00e1nos ir\u00e1nyelvet a Peter J. D&#8217;Adamo \u00e1ltal \u00edrt &#8220;Eat Right for Your Type&#8221; di\u00e9ta szerint:<\/p>\n\n\n\n<ul><li>Az O v\u00e9rcsoport\u00faaknak feh\u00e9rj\u00e9ben gazdag \u00e9teleket kell v\u00e1lasztaniuk, \u00e9s sok h\u00fast, z\u00f6lds\u00e9get, halat \u00e9s gy\u00fcm\u00f6lcs\u00f6t kell fogyasztaniuk, de korl\u00e1tozniuk kell a gabon\u00e1k, babok \u00e9s h\u00fcvelyesek fogyaszt\u00e1s\u00e1t. Fogy\u00e1shoz a tenger gy\u00fcm\u00f6lcsei, a h\u00edn\u00e1r, a v\u00f6r\u00f6s h\u00fas, a brokkoli, a spen\u00f3t \u00e9s az ol\u00edvaolaj a legjobb; a b\u00faz\u00e1t, a kukoric\u00e1t \u00e9s a tejterm\u00e9keket ker\u00fclni kell.<\/li><li>Az A v\u00e9rcsoport\u00faak v\u00e1lasszanak gy\u00fcm\u00f6lcs\u00f6t, z\u00f6lds\u00e9get, tofut, tenger gy\u00fcm\u00f6lcseit, pulyk\u00e1t \u00e9s teljes ki\u0151rl\u00e9s\u0171 gabon\u00e1t, de ker\u00fclj\u00e9k a h\u00fast. Fogy\u00e1shoz a tenger gy\u00fcm\u00f6lcsei, a z\u00f6lds\u00e9gek, az anan\u00e1sz, az ol\u00edvaolaj \u00e9s a sz\u00f3ja a legjobbak; a tejterm\u00e9keket, a b\u00faz\u00e1t, a kukoric\u00e1t \u00e9s a babot ker\u00fclni kell.<\/li><li>A B v\u00e9rcsoport\u00faaknak v\u00e1ltozatos \u00e9trendet kell v\u00e1lasztaniuk, bele\u00e9rtve a h\u00fast, gy\u00fcm\u00f6lcs\u00f6t, tejterm\u00e9keket, tenger gy\u00fcm\u00f6lcseit \u00e9s gabon\u00e1t. A B t\u00edpus\u00fa embereknek a fogy\u00e1s \u00e9rdek\u00e9ben z\u00f6ld z\u00f6lds\u00e9geket, toj\u00e1st, m\u00e1jat \u00e9s \u00e9desgy\u00f6k\u00e9r te\u00e1t kell v\u00e1lasztaniuk, de ker\u00fclj\u00e9k a csirk\u00e9t, a kukoric\u00e1t, a f\u00f6ldimogyor\u00f3t \u00e9s a b\u00faz\u00e1t.<\/li><li>Az AB v\u00e9rcsoport\u00faaknak tejterm\u00e9ket, tofut, b\u00e1r\u00e1nyh\u00fast, halat, gabon\u00e1t, gy\u00fcm\u00f6lcs\u00f6t \u00e9s z\u00f6lds\u00e9get kell fogyasztaniuk. Fogy\u00e1shoz a tofu, a tenger gy\u00fcm\u00f6lcsei, a z\u00f6ld z\u00f6lds\u00e9gek \u00e9s a k\u00e1poszta a legjobb, de a csirk\u00e9t, a kukoric\u00e1t, a hajdin\u00e1t \u00e9s a babot ker\u00fclni kell.<\/li><\/ul>\n\n\n\n<p>Term\u00e9szetesen a v\u00e9rcsoport di\u00e9t\u00e1ra vonatkoz\u00f3 aj\u00e1nl\u00e1sok messze t\u00falmutatnak az \u00e9lelmiszerv\u00e1laszt\u00e1son. Az O v\u00e9rcsoport\u00faaknak p\u00e9ld\u00e1ul azt tan\u00e1csolj\u00e1k, hogy v\u00e1lassz\u00e1k a nagy intenzit\u00e1s\u00fa aerob gyakorlatokat, \u00e9s szedjenek t\u00e1pl\u00e1l\u00e9kkieg\u00e9sz\u00edt\u0151ket \u00e9rz\u00e9keny gyomrukra, m\u00edg az A v\u00e9rcsoport\u00faaknak alacsony intenzit\u00e1s\u00fa tev\u00e9kenys\u00e9geket kell v\u00e1lasztaniuk, \u00e9s rutinjuk r\u00e9szek\u00e9nt a medit\u00e1ci\u00f3t is be kell \u00e9p\u00edteni\u00fck. Speci\u00e1lis kieg\u00e9sz\u00edt\u00e9s is javasolt.<\/p>\n\n\n\n<p>A di\u00e9ta m\u00f6g\u00f6tt megh\u00faz\u00f3d\u00f3 elm\u00e9let az, hogy a v\u00e9rcsoport szorosan \u00f6sszef\u00fcgg bizonyos t\u00edpus\u00fa \u00e9telek megem\u00e9szt\u00e9s\u00e9nek k\u00e9pess\u00e9g\u00e9vel, \u00edgy a megfelel\u0151 \u00e9trend jav\u00edtja az em\u00e9szt\u00e9st, seg\u00edt fenntartani az ide\u00e1lis tests\u00falyt, n\u00f6veli az energiaszintet \u00e9s megel\u0151zi a betegs\u00e9geket, bele\u00e9rtve a r\u00e1kot \u00e9s a sz\u00edv- \u00e9s \u00e9rrendszeri betegs\u00e9geket.<\/p>\n\n\n\n<p>Az O-t\u00edpusr\u00f3l azt mondt\u00e1k, hogy a legkor\u00e1bbi, vad\u00e1sz\u00f3-gy\u0171jt\u00f6get\u0151 emberek eredeti \u201e\u0151si\u201d v\u00e9rcsoportja volt, magas \u00e1llati feh\u00e9rjetartalm\u00fa \u00e9trenddel. Azt mondt\u00e1k, hogy az A csoport akkor alakult ki, amikor az emberek elkezdtek m\u0171velni, \u00e9s t\u00f6bb veget\u00e1ri\u00e1nus \u00e9trendet folytattak. A B-csoport\u00fa v\u00e9rcsoportok \u00e1ll\u00edt\u00f3lag a sok tejterm\u00e9ket fogyaszt\u00f3 nom\u00e1d t\u00f6rzsekn\u00e9l fordultak el\u0151. \u00c9s mivel az AB-v\u00e9rr\u0151l azt felt\u00e9telezt\u00e9k, hogy az A- \u00e9s B-v\u00e9rcsoport\u00fa emberek kevered\u00e9s\u00e9b\u0151l fejl\u0151d\u00f6tt ki, az AB-t\u00edpusra vonatkoz\u00f3 aj\u00e1nl\u00e1sok az A- \u00e9s B-v\u00e9rcsoport\u00faakra vonatkoz\u00f3 aj\u00e1nl\u00e1sok k\u00f6z\u00f6tt voltak.<\/p>\n\n\n\n<h5>A V\u00e9rcsoport-di\u00e9ta a legn\u00e9pszer\u0171bb szem\u00e9lyre szabott di\u00e9t\u00e1s rendszer a vil\u00e1gon, \u00e9s m\u00e9g ink\u00e1bb a PULSAR V\u00e9rsz\u00f3t\u00e1r alkalmaz\u00e1s\u00e1nak haszn\u00e1lat\u00e1val kombin\u00e1lva. P\u00e9ld\u00e1ul, ha allergi\u00e1s reakci\u00f3 l\u00e9p fel egy nagyon j\u00f3t\u00e9kony hat\u00e1s\u00fa \u00e9lelmiszerre a V\u00e9rcsoport kateg\u00f3ria szerint, a V\u00e9rsz\u00f3t\u00e1r ezen alkalmaz\u00e1sa a PULSAR-ban k\u00e9pes deszenzitiz\u00e1lni vagy stresszmentes\u00edteni az adott \u00e9lelmiszert\u00edpus reakci\u00f3k\u00e9szs\u00e9g\u00e9t. Tov\u00e1bb\u00e1 abban az esetben, ha a p\u00e1ciens test\u00e9t megv\u00e1ltoztatt\u00e1k gy\u00f3gyszerek, m\u0171t\u00e9t vagy betegs\u00e9g miatt, el\u0151fordulhat, hogy egy adott \u00e9lelmiszerrel szemben elt\u00e9r\u0151 intolerancia l\u00e9p fel. Ez\u00e9rt a biofeedback ter\u00e1pia az ED.X-el, \u00e9s k\u00fcl\u00f6n\u00f6sen ezzel az alkalmaz\u00e1ssal kombin\u00e1lva, az \u00e9tel\u00e9rz\u00e9kenys\u00e9g vagy reakci\u00f3k\u00e9szs\u00e9g cs\u00f6kkent\u00e9se \u00e9rdek\u00e9ben ide\u00e1lis az optim\u00e1lis eg\u00e9szs\u00e9g\u00fcgyi el\u0151ny\u00f6k el\u00e9r\u00e9s\u00e9hez.<\/h5>\n\n\n\n<p>A <strong>V\u00e9rsz\u00f3t\u00e1r<\/strong> program a <strong>NUCLEUS<\/strong> k\u00e9sz\u00fcl\u00e9k v\u00e1s\u00e1rl\u00e1sa eset\u00e9n <strong>INGYENES<\/strong>, \u00e9s <strong>1000 eur\u00f3\u00e9rt<\/strong> megv\u00e1s\u00e1rolhat\u00f3 az <strong>ED.X-hez<\/strong>. A modul megv\u00e1s\u00e1rl\u00e1s\u00e1hoz vedd fel vel\u00fcnk a <a href=\"https:\/\/hu.quantum-medical.eu\/index.php\/contact\/\">kapcsolatot<\/a>.<\/p>\n\n<!--themify_builder_content-->\n<div id=\"themify_builder_content-1024\" data-postid=\"1024\" class=\"themify_builder_content themify_builder_content-1024 themify_builder tf_clear\">\n    \t<!-- module_row -->\n\t<div  data-lazy=\"1\" class=\"module_row themify_builder_row tb_4m3e264 tb_first tf_clearfix\">\n\t    \t\t<div class=\"row_inner col_align_top col-count-1 tf_box tf_w tf_rel\">\n\t\t\t<div  data-lazy=\"1\" class=\"module_column tb-column col-full first tb_iic1266 tf_box\">\n\t\t\t    \t        <div class=\"tb-column-inner tf_box tf_w\">\n\t\t    <!-- module buttons -->\n<div  class=\"module module-buttons tb_3c2k267 buttons-horizontal solid  circle buttons-fullwidth hover-wow wow\" data-tf-animation_hover=\"pulse\" data-tf-animation=\"bounce\" data-tf-animation_delay=\"1\" data-lazy=\"1\">\n    \t<div class=\"module-buttons-item tf_inline_b\">\n\t\t\t\t\t\t\t<a href=\"https:\/\/hu.quantum-medical.eu\/index.php\/contact\/\" class=\"ui builder_button black\" >\n\t\t\t\t\t\t\t\t\t\t\t<span class=\"tf_inline_b tf_vmiddle\">V\u00c1S\u00c1ROLJ MOST<\/span>\n\t\t\t\t\t\t\t\t\t\t\t<\/a>\n\t\t\t    \t<\/div>\n\t<\/div>\n<!-- \/module buttons -->\n\t        <\/div>\n\t    \t<\/div>\n\t\t    <\/div>\n\t    <!-- \/row_inner -->\n\t<\/div>\n\t<!-- \/module_row -->\n\t<\/div>\n<!--\/themify_builder_content--><!-- AddThis Advanced Settings generic via filter on the_content --><!-- AddThis Share Buttons generic via filter on the_content -->","protected":false},"excerpt":{"rendered":"<p>Mire haszn\u00e1lhat\u00f3 a V\u00e9rsz\u00f3t\u00e1r? A v\u00e9rcsoporton alapul\u00f3 speci\u00e1lis \u00e9trend \u2013 O, A, B vagy AB seg\u00edthet a fogy\u00e1sban \u00e9s az eg\u00e9szs\u00e9gben? Ez a v\u00e9rcsoport-di\u00e9ta \u00f6tlete, amelyet Peter J. D&#8217;Adamo term\u00e9szetgy\u00f3gy\u00e1sz alkotott meg.&nbsp; E di\u00e9ta szerint az elfogyasztott \u00e9lelmiszerek k\u00e9miai reakci\u00f3ba l\u00e9pnek a v\u00e9rcsoportokkal. Ha a v\u00e9rcsoportodnak megfelel\u0151 di\u00e9t\u00e1t k\u00f6veted, szervezeted hat\u00e9konyabban veszi fel a t\u00e1pl\u00e1l\u00e9kot, [&hellip;]<!-- AddThis Advanced Settings generic via filter on get_the_excerpt --><!-- AddThis Share Buttons generic via filter on get_the_excerpt --><\/p>\n","protected":false},"author":7,"featured_media":1025,"parent":38,"menu_order":70,"comment_status":"closed","ping_status":"closed","template":"","meta":{"inline_featured_image":false},"yoast_head":"<!-- This site is optimized with the Yoast SEO plugin v20.6 - https:\/\/yoast.com\/wordpress\/plugins\/seo\/ -->\n<title>V\u00c9RSZ\u00d3T\u00c1R &mdash; programs for our devices Quantum Medical<\/title>\n<meta name=\"description\" content=\"Could eating a diet based on your blood type -- O, A, B, or AB -- help you get healthier? Our Blood Dictionary will help YOU!\" \/>\n<meta name=\"robots\" content=\"index, follow, max-snippet:-1, max-image-preview:large, max-video-preview:-1\" \/>\n<link rel=\"canonical\" href=\"https:\/\/hu.quantum-medical.eu\/index.php\/programs-for-the-eductor1-and-nucleus-devices\/blood-dictionary\/\" \/>\n<meta property=\"og:locale\" content=\"en_US\" \/>\n<meta property=\"og:type\" content=\"article\" \/>\n<meta property=\"og:title\" content=\"V\u00c9RSZ\u00d3T\u00c1R &mdash; programs for our devices Quantum Medical\" \/>\n<meta property=\"og:description\" content=\"Could eating a diet based on your blood type -- O, A, B, or AB -- help you get healthier? Our Blood Dictionary will help YOU!\" \/>\n<meta property=\"og:url\" content=\"https:\/\/hu.quantum-medical.eu\/index.php\/programs-for-the-eductor1-and-nucleus-devices\/blood-dictionary\/\" \/>\n<meta property=\"og:site_name\" content=\"Quantum Medical\" \/>\n<meta property=\"article:publisher\" content=\"https:\/\/www.facebook.com\/QuantumMedEU\" \/>\n<meta property=\"article:modified_time\" content=\"2022-09-23T15:43:49+00:00\" \/>\n<meta property=\"og:image\" content=\"https:\/\/hu.quantum-medical.eu\/wp-content\/uploads\/2021\/03\/image-1.png\" \/>\n\t<meta property=\"og:image:width\" content=\"946\" \/>\n\t<meta property=\"og:image:height\" content=\"761\" \/>\n\t<meta property=\"og:image:type\" content=\"image\/png\" \/>\n<meta name=\"twitter:card\" content=\"summary_large_image\" \/>\n<meta name=\"twitter:site\" content=\"@QuantumMedEU\" \/>\n<meta name=\"twitter:label1\" content=\"Est. reading time\" \/>\n\t<meta name=\"twitter:data1\" content=\"3 minutes\" \/>\n<script type=\"application\/ld+json\" class=\"yoast-schema-graph\">{\"@context\":\"https:\/\/schema.org\",\"@graph\":[{\"@type\":\"WebPage\",\"@id\":\"https:\/\/hu.quantum-medical.eu\/index.php\/programs-for-the-eductor1-and-nucleus-devices\/blood-dictionary\/\",\"url\":\"https:\/\/hu.quantum-medical.eu\/index.php\/programs-for-the-eductor1-and-nucleus-devices\/blood-dictionary\/\",\"name\":\"V\u00c9RSZ\u00d3T\u00c1R &mdash; programs for our devices Quantum Medical\",\"isPartOf\":{\"@id\":\"https:\/\/hu.quantum-medical.eu\/#website\"},\"datePublished\":\"2021-03-22T11:35:47+00:00\",\"dateModified\":\"2022-09-23T15:43:49+00:00\",\"description\":\"Could eating a diet based on your blood type -- O, A, B, or AB -- help you get healthier? Our Blood Dictionary will help YOU!\",\"breadcrumb\":{\"@id\":\"https:\/\/hu.quantum-medical.eu\/index.php\/programs-for-the-eductor1-and-nucleus-devices\/blood-dictionary\/#breadcrumb\"},\"inLanguage\":\"en-US\",\"potentialAction\":[{\"@type\":\"ReadAction\",\"target\":[\"https:\/\/hu.quantum-medical.eu\/index.php\/programs-for-the-eductor1-and-nucleus-devices\/blood-dictionary\/\"]}]},{\"@type\":\"BreadcrumbList\",\"@id\":\"https:\/\/hu.quantum-medical.eu\/index.php\/programs-for-the-eductor1-and-nucleus-devices\/blood-dictionary\/#breadcrumb\",\"itemListElement\":[{\"@type\":\"ListItem\",\"position\":1,\"name\":\"Home\",\"item\":\"https:\/\/hu.quantum-medical.eu\/\"},{\"@type\":\"ListItem\",\"position\":2,\"name\":\"Programok\",\"item\":\"https:\/\/hu.quantum-medical.eu\/index.php\/programs-for-the-eductor1-and-nucleus-devices\/\"},{\"@type\":\"ListItem\",\"position\":3,\"name\":\"V\u00c9RSZ\u00d3T\u00c1R\"}]},{\"@type\":\"WebSite\",\"@id\":\"https:\/\/hu.quantum-medical.eu\/#website\",\"url\":\"https:\/\/hu.quantum-medical.eu\/\",\"name\":\"Quantum Medical\",\"description\":\"\",\"publisher\":{\"@id\":\"https:\/\/hu.quantum-medical.eu\/#organization\"},\"potentialAction\":[{\"@type\":\"SearchAction\",\"target\":{\"@type\":\"EntryPoint\",\"urlTemplate\":\"https:\/\/hu.quantum-medical.eu\/?s={search_term_string}\"},\"query-input\":\"required name=search_term_string\"}],\"inLanguage\":\"en-US\"},{\"@type\":\"Organization\",\"@id\":\"https:\/\/hu.quantum-medical.eu\/#organization\",\"name\":\"Quantum Medical SRL\",\"url\":\"https:\/\/hu.quantum-medical.eu\/\",\"logo\":{\"@type\":\"ImageObject\",\"inLanguage\":\"en-US\",\"@id\":\"https:\/\/hu.quantum-medical.eu\/#\/schema\/logo\/image\/\",\"url\":\"https:\/\/hu.quantum-medical.eu\/wp-content\/uploads\/2021\/05\/Quantum-Medical-logo-1.svg\",\"contentUrl\":\"https:\/\/hu.quantum-medical.eu\/wp-content\/uploads\/2021\/05\/Quantum-Medical-logo-1.svg\",\"width\":1,\"height\":1,\"caption\":\"Quantum Medical SRL\"},\"image\":{\"@id\":\"https:\/\/hu.quantum-medical.eu\/#\/schema\/logo\/image\/\"},\"sameAs\":[\"https:\/\/www.facebook.com\/QuantumMedEU\",\"https:\/\/twitter.com\/QuantumMedEU\",\"https:\/\/www.youtube.com\/channel\/UCZTJzN8-w3F6DHAt2jh67oA\",\"https:\/\/www.instagram.com\/quantum_medical\/\"]}]}<\/script>\n<!-- \/ Yoast SEO plugin. -->","yoast_head_json":{"title":"V\u00c9RSZ\u00d3T\u00c1R &mdash; programs for our devices Quantum Medical","description":"Could eating a diet based on your blood type -- O, A, B, or AB -- help you get healthier? Our Blood Dictionary will help YOU!","robots":{"index":"index","follow":"follow","max-snippet":"max-snippet:-1","max-image-preview":"max-image-preview:large","max-video-preview":"max-video-preview:-1"},"canonical":"https:\/\/hu.quantum-medical.eu\/index.php\/programs-for-the-eductor1-and-nucleus-devices\/blood-dictionary\/","og_locale":"en_US","og_type":"article","og_title":"V\u00c9RSZ\u00d3T\u00c1R &mdash; programs for our devices Quantum Medical","og_description":"Could eating a diet based on your blood type -- O, A, B, or AB -- help you get healthier? Our Blood Dictionary will help YOU!","og_url":"https:\/\/hu.quantum-medical.eu\/index.php\/programs-for-the-eductor1-and-nucleus-devices\/blood-dictionary\/","og_site_name":"Quantum Medical","article_publisher":"https:\/\/www.facebook.com\/QuantumMedEU","article_modified_time":"2022-09-23T15:43:49+00:00","og_image":[{"width":946,"height":761,"url":"https:\/\/hu.quantum-medical.eu\/wp-content\/uploads\/2021\/03\/image-1.png","type":"image\/png"}],"twitter_card":"summary_large_image","twitter_site":"@QuantumMedEU","twitter_misc":{"Est. reading time":"3 minutes"},"schema":{"@context":"https:\/\/schema.org","@graph":[{"@type":"WebPage","@id":"https:\/\/hu.quantum-medical.eu\/index.php\/programs-for-the-eductor1-and-nucleus-devices\/blood-dictionary\/","url":"https:\/\/hu.quantum-medical.eu\/index.php\/programs-for-the-eductor1-and-nucleus-devices\/blood-dictionary\/","name":"V\u00c9RSZ\u00d3T\u00c1R &mdash; programs for our devices Quantum Medical","isPartOf":{"@id":"https:\/\/hu.quantum-medical.eu\/#website"},"datePublished":"2021-03-22T11:35:47+00:00","dateModified":"2022-09-23T15:43:49+00:00","description":"Could eating a diet based on your blood type -- O, A, B, or AB -- help you get healthier? Our Blood Dictionary will help YOU!","breadcrumb":{"@id":"https:\/\/hu.quantum-medical.eu\/index.php\/programs-for-the-eductor1-and-nucleus-devices\/blood-dictionary\/#breadcrumb"},"inLanguage":"en-US","potentialAction":[{"@type":"ReadAction","target":["https:\/\/hu.quantum-medical.eu\/index.php\/programs-for-the-eductor1-and-nucleus-devices\/blood-dictionary\/"]}]},{"@type":"BreadcrumbList","@id":"https:\/\/hu.quantum-medical.eu\/index.php\/programs-for-the-eductor1-and-nucleus-devices\/blood-dictionary\/#breadcrumb","itemListElement":[{"@type":"ListItem","position":1,"name":"Home","item":"https:\/\/hu.quantum-medical.eu\/"},{"@type":"ListItem","position":2,"name":"Programok","item":"https:\/\/hu.quantum-medical.eu\/index.php\/programs-for-the-eductor1-and-nucleus-devices\/"},{"@type":"ListItem","position":3,"name":"V\u00c9RSZ\u00d3T\u00c1R"}]},{"@type":"WebSite","@id":"https:\/\/hu.quantum-medical.eu\/#website","url":"https:\/\/hu.quantum-medical.eu\/","name":"Quantum Medical","description":"","publisher":{"@id":"https:\/\/hu.quantum-medical.eu\/#organization"},"potentialAction":[{"@type":"SearchAction","target":{"@type":"EntryPoint","urlTemplate":"https:\/\/hu.quantum-medical.eu\/?s={search_term_string}"},"query-input":"required name=search_term_string"}],"inLanguage":"en-US"},{"@type":"Organization","@id":"https:\/\/hu.quantum-medical.eu\/#organization","name":"Quantum Medical SRL","url":"https:\/\/hu.quantum-medical.eu\/","logo":{"@type":"ImageObject","inLanguage":"en-US","@id":"https:\/\/hu.quantum-medical.eu\/#\/schema\/logo\/image\/","url":"https:\/\/hu.quantum-medical.eu\/wp-content\/uploads\/2021\/05\/Quantum-Medical-logo-1.svg","contentUrl":"https:\/\/hu.quantum-medical.eu\/wp-content\/uploads\/2021\/05\/Quantum-Medical-logo-1.svg","width":1,"height":1,"caption":"Quantum Medical SRL"},"image":{"@id":"https:\/\/hu.quantum-medical.eu\/#\/schema\/logo\/image\/"},"sameAs":["https:\/\/www.facebook.com\/QuantumMedEU","https:\/\/twitter.com\/QuantumMedEU","https:\/\/www.youtube.com\/channel\/UCZTJzN8-w3F6DHAt2jh67oA","https:\/\/www.instagram.com\/quantum_medical\/"]}]}},"builder_content":"<a href=\"https:\/\/hu.quantum-medical.eu\/index.php\/contact\/\" > V\u00c1S\u00c1ROLJ MOST <\/a>","_links":{"self":[{"href":"https:\/\/hu.quantum-medical.eu\/index.php\/wp-json\/wp\/v2\/pages\/1024"}],"collection":[{"href":"https:\/\/hu.quantum-medical.eu\/index.php\/wp-json\/wp\/v2\/pages"}],"about":[{"href":"https:\/\/hu.quantum-medical.eu\/index.php\/wp-json\/wp\/v2\/types\/page"}],"author":[{"embeddable":true,"href":"https:\/\/hu.quantum-medical.eu\/index.php\/wp-json\/wp\/v2\/users\/7"}],"replies":[{"embeddable":true,"href":"https:\/\/hu.quantum-medical.eu\/index.php\/wp-json\/wp\/v2\/comments?post=1024"}],"version-history":[{"count":27,"href":"https:\/\/hu.quantum-medical.eu\/index.php\/wp-json\/wp\/v2\/pages\/1024\/revisions"}],"predecessor-version":[{"id":3227,"href":"https:\/\/hu.quantum-medical.eu\/index.php\/wp-json\/wp\/v2\/pages\/1024\/revisions\/3227"}],"up":[{"embeddable":true,"href":"https:\/\/hu.quantum-medical.eu\/index.php\/wp-json\/wp\/v2\/pages\/38"}],"wp:featuredmedia":[{"embeddable":true,"href":"https:\/\/hu.quantum-medical.eu\/index.php\/wp-json\/wp\/v2\/media\/1025"}],"wp:attachment":[{"href":"https:\/\/hu.quantum-medical.eu\/index.php\/wp-json\/wp\/v2\/media?parent=1024"}],"curies":[{"name":"wp","href":"https:\/\/api.w.org\/{rel}","templated":true}]}}